{"id":2298,"date":"2025-09-04T02:46:43","date_gmt":"2025-09-04T02:46:43","guid":{"rendered":"https:\/\/www.aungwinter.com\/?post_type=product&#038;p=2298"},"modified":"2025-09-04T02:46:43","modified_gmt":"2025-09-04T02:46:43","slug":"retro-strick-bucket-hat-aus-polyester-und-baumwolle","status":"publish","type":"product","link":"https:\/\/www.aungwinter.com\/de\/product\/polyester-and-cotton-crochet-retro-knit-bucket-hat\/","title":{"rendered":"Retro-Strick-Bucket-Hat aus Polyester und Baumwolle"},"content":{"rendered":"<table width=\"538\">\n<tbody>\n<tr>\n<td width=\"211\">Modellnummer<\/td>\n<td width=\"327\">KB01<\/td>\n<\/tr>\n<tr>\n<td>Altersgruppe<\/td>\n<td width=\"327\">Erwachsener<\/td>\n<\/tr>\n<tr>\n<td>Anwendbare Szene<\/td>\n<td width=\"327\">Reisen, Outdoor, Sport usw.<\/td>\n<\/tr>\n<tr>\n<td>Mindestbestellmenge<\/td>\n<td width=\"327\">25 St\u00fcck\/Modell\/Farbe<\/td>\n<\/tr>\n<tr>\n<td>Farbe<\/td>\n<td width=\"327\">Mehrfarbig<\/td>\n<\/tr>\n<tr>\n<td>Geschlecht<\/td>\n<td width=\"327\">Unisex<\/td>\n<\/tr>\n<tr>\n<td>Material<\/td>\n<td width=\"327\">Polyester und Baumwolle<\/td>\n<\/tr>\n<tr>\n<td>Logo-Gestaltung<\/td>\n<td width=\"327\">Kundenspezifisch<\/td>\n<\/tr>\n<tr>\n<td>Beispielzeit<\/td>\n<td width=\"327\">3-7 Tage f\u00fcr klassische oder Standardausf\u00fchrung<\/td>\n<\/tr>\n<tr>\n<td>Herkunftsort<\/td>\n<td width=\"327\">Shenzhen, China<\/td>\n<\/tr>\n<tr>\n<td>Markenname<\/td>\n<td width=\"327\">Aungwinter<\/td>\n<\/tr>\n<tr>\n<td>Saison<\/td>\n<td width=\"327\">Winter, Herbst, Fr\u00fchling<\/td>\n<\/tr>\n<tr>\n<td>Dienstleistung<\/td>\n<td width=\"327\">Kundenspezifische OEM- und ODM-Produkte<\/td>\n<\/tr>\n<tr>\n<td>Verpackung<\/td>\n<td width=\"327\">1 St\u00fcck\/Opp-Beutel<\/td>\n<\/tr>\n<tr>\n<td>Etikett<\/td>\n<td width=\"327\">Eigenmarke<\/td>\n<\/tr>\n<\/tbody>\n<\/table>","protected":false},"excerpt":{"rendered":"<p>Der Winter-Bucket-Hat besteht aus einer bequemen Polyester-Baumwollmischung, hat ein Retro-H\u00e4kelmuster im Vintage-Stil und eine warme, l\u00e4ssige Passform, die perfekt f\u00fcr den Winter ist.<\/p>","protected":false},"featured_media":2303,"template":"","meta":{"_seopress_robots_primary_cat":"none","_seopress_titles_title":"","_seopress_titles_desc":"","_seopress_robots_index":"","_gspb_post_css":"","_jf_limit_responses":"","_jet_sm_ready_style":"","_jet_sm_style":"","_jet_sm_controls_values":"","_jet_sm_fonts_collection":"","_jet_sm_fonts_links":""},"product_brand":[],"product_cat":[29],"product_tag":[],"hf_cat_product":[],"class_list":{"0":"post-2298","1":"product","2":"type-product","3":"status-publish","4":"has-post-thumbnail","6":"product_cat-knit-bucket-hats","8":"first","9":"instock","10":"shipping-taxable","11":"product-type-simple"},"_links":{"self":[{"href":"https:\/\/www.aungwinter.com\/de\/wp-json\/wp\/v2\/product\/2298","targetHints":{"allow":["GET"]}}],"collection":[{"href":"https:\/\/www.aungwinter.com\/de\/wp-json\/wp\/v2\/product"}],"about":[{"href":"https:\/\/www.aungwinter.com\/de\/wp-json\/wp\/v2\/types\/product"}],"wp:featuredmedia":[{"embeddable":true,"href":"https:\/\/www.aungwinter.com\/de\/wp-json\/wp\/v2\/media\/2303"}],"wp:attachment":[{"href":"https:\/\/www.aungwinter.com\/de\/wp-json\/wp\/v2\/media?parent=2298"}],"wp:term":[{"taxonomy":"product_brand","embeddable":true,"href":"https:\/\/www.aungwinter.com\/de\/wp-json\/wp\/v2\/product_brand?post=2298"},{"taxonomy":"product_cat","embeddable":true,"href":"https:\/\/www.aungwinter.com\/de\/wp-json\/wp\/v2\/product_cat?post=2298"},{"taxonomy":"product_tag","embeddable":true,"href":"https:\/\/www.aungwinter.com\/de\/wp-json\/wp\/v2\/product_tag?post=2298"},{"taxonomy":"hf_cat_product","embeddable":true,"href":"https:\/\/www.aungwinter.com\/de\/wp-json\/wp\/v2\/hf_cat_product?post=2298"}],"curies":[{"name":"wp","href":"https:\/\/api.w.org\/{rel}","templated":true}]}}