{"id":9578,"date":"2024-11-19T03:18:42","date_gmt":"2024-11-19T03:18:42","guid":{"rendered":"https:\/\/www.aungwinter.com\/?post_type=product&#038;p=9578"},"modified":"2025-09-01T01:13:36","modified_gmt":"2025-09-01T01:13:36","slug":"personalisierter-winter-bucket-hat-aus-polyester-und-baumwollplusch","status":"publish","type":"product","link":"https:\/\/www.aungwinter.com\/de\/product\/personalized-polyester-and-cotton-plush-fashion-winter-bucket-hat\/","title":{"rendered":"Personalisierte Winter-Bucket-Hat aus Polyester und Baumwollpl\u00fcsch"},"content":{"rendered":"<table width=\"538\">\n<tbody>\n<tr>\n<td width=\"211\">Modellnummer<\/td>\n<td width=\"327\">Wwbh2410-06<\/td>\n<\/tr>\n<tr>\n<td>Altersgruppe<\/td>\n<td width=\"327\">\u00a0Erwachsener<\/td>\n<\/tr>\n<tr>\n<td>Stil<\/td>\n<td width=\"327\">L\u00e4ssig &amp; modisch<\/td>\n<\/tr>\n<tr>\n<td>Mindestbestellmenge<\/td>\n<td width=\"327\">25 St\u00fcck\/Modell\/Farbe<\/td>\n<\/tr>\n<tr>\n<td>Farbe<\/td>\n<td width=\"327\">Mehrfarbig<\/td>\n<\/tr>\n<tr>\n<td>Material<\/td>\n<td width=\"327\">Polyester, Baumwolle<\/td>\n<\/tr>\n<tr>\n<td>Logo-Gestaltung<\/td>\n<td width=\"327\">Kundenspezifisch<\/td>\n<\/tr>\n<tr>\n<td>Beispielzeit<\/td>\n<td width=\"327\">3-7 Tage f\u00fcr klassische oder Standardausf\u00fchrung<\/td>\n<\/tr>\n<tr>\n<td>7 Tage Lieferzeit f\u00fcr Musterbestellungen<\/td>\n<td width=\"327\">Unterst\u00fctzung<\/td>\n<\/tr>\n<tr>\n<td>Herkunftsort<\/td>\n<td width=\"327\">Guangdong, China<\/td>\n<\/tr>\n<tr>\n<td>Gendor<\/td>\n<td width=\"327\">Unix<\/td>\n<\/tr>\n<tr>\n<td>Markenname<\/td>\n<td width=\"327\">Aungwinter<\/td>\n<\/tr>\n<\/tbody>\n<\/table>","protected":false},"excerpt":{"rendered":"<p>Der Winter-Bucket-Hat besteht aus einer weichen Pl\u00fcschmischung aus Polyester und Baumwolle und bietet kuschelige W\u00e4rme, stilvolles Design und individuelle Gestaltungsm\u00f6glichkeiten f\u00fcr ein einzigartiges Winteraccessoire.<\/p>","protected":false},"featured_media":9589,"template":"","meta":{"_seopress_robots_primary_cat":"none","_seopress_titles_title":"","_seopress_titles_desc":"","_seopress_robots_index":"","_gspb_post_css":"","_jf_limit_responses":"","_jet_sm_ready_style":"","_jet_sm_style":"","_jet_sm_controls_values":"","_jet_sm_fonts_collection":"","_jet_sm_fonts_links":""},"product_brand":[],"product_cat":[68],"product_tag":[],"hf_cat_product":[],"class_list":{"0":"post-9578","1":"product","2":"type-product","3":"status-publish","4":"has-post-thumbnail","6":"product_cat-winter-bucket-hats","8":"first","9":"instock","10":"shipping-taxable","11":"product-type-simple"},"_links":{"self":[{"href":"https:\/\/www.aungwinter.com\/de\/wp-json\/wp\/v2\/product\/9578","targetHints":{"allow":["GET"]}}],"collection":[{"href":"https:\/\/www.aungwinter.com\/de\/wp-json\/wp\/v2\/product"}],"about":[{"href":"https:\/\/www.aungwinter.com\/de\/wp-json\/wp\/v2\/types\/product"}],"wp:featuredmedia":[{"embeddable":true,"href":"https:\/\/www.aungwinter.com\/de\/wp-json\/wp\/v2\/media\/9589"}],"wp:attachment":[{"href":"https:\/\/www.aungwinter.com\/de\/wp-json\/wp\/v2\/media?parent=9578"}],"wp:term":[{"taxonomy":"product_brand","embeddable":true,"href":"https:\/\/www.aungwinter.com\/de\/wp-json\/wp\/v2\/product_brand?post=9578"},{"taxonomy":"product_cat","embeddable":true,"href":"https:\/\/www.aungwinter.com\/de\/wp-json\/wp\/v2\/product_cat?post=9578"},{"taxonomy":"product_tag","embeddable":true,"href":"https:\/\/www.aungwinter.com\/de\/wp-json\/wp\/v2\/product_tag?post=9578"},{"taxonomy":"hf_cat_product","embeddable":true,"href":"https:\/\/www.aungwinter.com\/de\/wp-json\/wp\/v2\/hf_cat_product?post=9578"}],"curies":[{"name":"wp","href":"https:\/\/api.w.org\/{rel}","templated":true}]}}