{"id":12371,"date":"2025-09-04T02:01:36","date_gmt":"2025-09-04T02:01:36","guid":{"rendered":"https:\/\/www.aungwinter.com\/?post_type=product&#038;p=12371"},"modified":"2025-09-04T02:01:36","modified_gmt":"2025-09-04T02:01:36","slug":"masque-de-ski-en-tricot-a-une-ouverture-entierement-recouvert-et-brode-sur-mesure-en-acrylique","status":"publish","type":"product","link":"https:\/\/www.aungwinter.com\/fr\/product\/custom-acrylic-embroidered-full-cover-one-hole-knit-ski-mask\/","title":{"rendered":"Cagoule de ski en tricot \u00e0 une ouverture, enti\u00e8rement recouverte et brod\u00e9e en acrylique personnalis\u00e9e"},"content":{"rendered":"<table style=\"border-collapse: collapse; width: 403.52pt;\" border=\"0\" width=\"538\" cellspacing=\"0\" cellpadding=\"0\">\n<tbody>\n<tr style=\"height: 37.00pt;\">\n<td style=\"height: 37.00pt; width: 158.25pt;\" width=\"211\" height=\"49\">Num\u00e9ro de mod\u00e8le<\/td>\n<td class=\"et2\" style=\"width: 245.25pt;\" width=\"327\">BM-230915-01<\/td>\n<\/tr>\n<tr style=\"height: 37.00pt;\">\n<td style=\"height: 37.00pt;\" height=\"49\">Tranche d'\u00e2ge<\/td>\n<td class=\"et2\" style=\"width: 245.25pt;\" width=\"327\">Adulte<\/td>\n<\/tr>\n<tr style=\"height: 37.00pt;\">\n<td style=\"height: 37.00pt;\" height=\"49\">Sc\u00e8ne applicable<\/td>\n<td class=\"et2\" style=\"width: 245.25pt;\" width=\"327\">Voyages, plein air, sport, etc.<\/td>\n<\/tr>\n<tr style=\"height: 37.00pt;\">\n<td style=\"height: 37.00pt;\" height=\"49\">Quantit\u00e9 minimale de commande<\/td>\n<td class=\"et2\" style=\"width: 245.25pt;\" width=\"327\">25 pi\u00e8ces\/style\/couleur<\/td>\n<\/tr>\n<tr style=\"height: 37.00pt;\">\n<td style=\"height: 37.00pt;\" height=\"49\">Couleur<\/td>\n<td class=\"et2\" style=\"width: 245.25pt;\" width=\"327\">Noir ou vert<\/td>\n<\/tr>\n<tr style=\"height: 37.00pt;\">\n<td style=\"height: 37.00pt;\" height=\"49\">Genre<\/td>\n<td class=\"et2\" style=\"width: 245.25pt;\" width=\"327\">Unisexe<\/td>\n<\/tr>\n<tr style=\"height: 37.00pt;\">\n<td style=\"height: 37.00pt;\" height=\"49\">Mat\u00e9riau<\/td>\n<td class=\"et2\" style=\"width: 245.25pt;\" width=\"327\">Acrylique<\/td>\n<\/tr>\n<tr style=\"height: 35.00pt;\">\n<td style=\"height: 35.00pt;\" height=\"46\">Cr\u00e9ation de logo<\/td>\n<td class=\"et2\" style=\"width: 245.25pt;\" width=\"327\">Broderie<\/td>\n<\/tr>\n<tr style=\"height: 37.00pt;\">\n<td style=\"height: 37.00pt;\" height=\"49\">Exemple de temps<\/td>\n<td class=\"et2\" style=\"width: 245.25pt;\" width=\"327\">3 \u00e0 7 jours pour le style classique ou standard<\/td>\n<\/tr>\n<tr style=\"height: 37.00pt;\">\n<td style=\"height: 37.00pt;\" height=\"49\">Lieu d'origine<\/td>\n<td class=\"et2\" style=\"width: 245.25pt;\" width=\"327\">Shenzhen, Chine<\/td>\n<\/tr>\n<tr style=\"height: 37.00pt;\">\n<td style=\"height: 37.00pt;\" height=\"49\">Nom de marque<\/td>\n<td class=\"et2\" style=\"width: 245.25pt;\" width=\"327\">Aungwinter<\/td>\n<\/tr>\n<tr style=\"height: 37.00pt;\">\n<td style=\"height: 37.00pt;\" height=\"49\">Saison<\/td>\n<td class=\"et2\" style=\"width: 245.25pt;\" width=\"327\">Hiver, automne, printemps<\/td>\n<\/tr>\n<tr style=\"height: 37.00pt;\">\n<td style=\"height: 37.00pt;\" height=\"49\">Service<\/td>\n<td class=\"et2\" style=\"width: 245.25pt;\" width=\"327\">Personnalis\u00e9 OEM ODM<\/td>\n<\/tr>\n<tr style=\"height: 37.00pt;\">\n<td style=\"height: 37.00pt;\" height=\"49\">Emballage<\/td>\n<td class=\"et2\" style=\"width: 245.25pt;\" width=\"327\">1 pi\u00e8ce\/sac OPP<\/td>\n<\/tr>\n<tr style=\"height: 37.00pt;\">\n<td style=\"height: 37.00pt;\" height=\"49\">\u00c9tiquette<\/td>\n<td class=\"et2\" style=\"width: 245.25pt;\" width=\"327\">Marque priv\u00e9e<\/td>\n<\/tr>\n<\/tbody>\n<\/table>","protected":false},"excerpt":{"rendered":"<p>Le masque de ski est confectionn\u00e9 dans un tricot acrylique doux, avec une conception \u00e0 trou unique couvrant tout le visage pour une chaleur et une protection maximales, ainsi que des d\u00e9tails brod\u00e9s pour une finition \u00e9l\u00e9gante et personnalisable.<\/p>","protected":false},"featured_media":12374,"template":"","meta":{"_seopress_robots_primary_cat":"none","_seopress_titles_title":"","_seopress_titles_desc":"","_seopress_robots_index":"","_gspb_post_css":"","_jf_limit_responses":"","_jet_sm_ready_style":"","_jet_sm_style":"","_jet_sm_controls_values":"","_jet_sm_fonts_collection":"","_jet_sm_fonts_links":""},"product_brand":[],"product_cat":[71],"product_tag":[],"hf_cat_product":[],"class_list":{"0":"post-12371","1":"product","2":"type-product","3":"status-publish","4":"has-post-thumbnail","6":"product_cat-ski-mask","8":"first","9":"instock","10":"shipping-taxable","11":"product-type-simple"},"_links":{"self":[{"href":"https:\/\/www.aungwinter.com\/fr\/wp-json\/wp\/v2\/product\/12371","targetHints":{"allow":["GET"]}}],"collection":[{"href":"https:\/\/www.aungwinter.com\/fr\/wp-json\/wp\/v2\/product"}],"about":[{"href":"https:\/\/www.aungwinter.com\/fr\/wp-json\/wp\/v2\/types\/product"}],"wp:featuredmedia":[{"embeddable":true,"href":"https:\/\/www.aungwinter.com\/fr\/wp-json\/wp\/v2\/media\/12374"}],"wp:attachment":[{"href":"https:\/\/www.aungwinter.com\/fr\/wp-json\/wp\/v2\/media?parent=12371"}],"wp:term":[{"taxonomy":"product_brand","embeddable":true,"href":"https:\/\/www.aungwinter.com\/fr\/wp-json\/wp\/v2\/product_brand?post=12371"},{"taxonomy":"product_cat","embeddable":true,"href":"https:\/\/www.aungwinter.com\/fr\/wp-json\/wp\/v2\/product_cat?post=12371"},{"taxonomy":"product_tag","embeddable":true,"href":"https:\/\/www.aungwinter.com\/fr\/wp-json\/wp\/v2\/product_tag?post=12371"},{"taxonomy":"hf_cat_product","embeddable":true,"href":"https:\/\/www.aungwinter.com\/fr\/wp-json\/wp\/v2\/hf_cat_product?post=12371"}],"curies":[{"name":"wp","href":"https:\/\/api.w.org\/{rel}","templated":true}]}}