{"id":12460,"date":"2024-12-13T03:22:33","date_gmt":"2024-12-13T03:22:33","guid":{"rendered":"https:\/\/www.aungwinter.com\/?post_type=product&#038;p=12460"},"modified":"2025-08-23T01:07:11","modified_gmt":"2025-08-23T01:07:11","slug":"enfants-adorable-lapin-oreilles-dours-cagoules-wk2410-03","status":"publish","type":"product","link":"https:\/\/www.aungwinter.com\/fr\/product\/kids-adorable-rabbit-bear-ears-balaclavas-wk2410-03\/","title":{"rendered":"Adorables cagoules \u00e0 oreilles de lapin\/ours pour enfants Wk2410-03"},"content":{"rendered":"<table width=\"608\">\n<tbody>\n<tr>\n<td width=\"233\">ID :<\/td>\n<td width=\"375\">Wk2410-03<\/td>\n<\/tr>\n<tr>\n<td>Taille :<\/td>\n<td>\u00a0Enfants<\/td>\n<\/tr>\n<tr>\n<td>Style :<\/td>\n<td>D\u00e9contract\u00e9 et tendance<\/td>\n<\/tr>\n<tr>\n<td>Quantit\u00e9 minimale de commande :<\/td>\n<td>25 pi\u00e8ces\/style\/couleur<\/td>\n<\/tr>\n<tr>\n<td>Couleur :<\/td>\n<td>Multicolore<\/td>\n<\/tr>\n<tr>\n<td>Mat\u00e9riau :<\/td>\n<td>Laine m\u00e9rinos et polyester<\/td>\n<\/tr>\n<tr>\n<td>Cr\u00e9ation de logo :<\/td>\n<td>\u00c9tiquette ou personnalis\u00e9<\/td>\n<\/tr>\n<tr>\n<td>Exemple de dur\u00e9e :<\/td>\n<td>\u00a03 \u00e0 7 jours pour le style classique ou standard<\/td>\n<\/tr>\n<tr>\n<td>Nom de marque<\/td>\n<td>Aungwinter<\/td>\n<\/tr>\n<tr>\n<td>Origine<\/td>\n<td>Shenzhen, Chine<\/td>\n<\/tr>\n<\/tbody>\n<\/table>","protected":false},"excerpt":{"rendered":"<p>Ces adorables cagoules pour enfants sont orn\u00e9es d'oreilles de lapin ou d'ours mignonnes et sont fabriqu\u00e9es dans un tissu doux et confortable qui procure chaleur et confort tout en ajoutant une touche amusante et ludique \u00e0 n'importe quelle tenue d'hiver.<\/p>","protected":false},"featured_media":12454,"template":"","meta":{"_seopress_robots_primary_cat":"none","_seopress_titles_title":"","_seopress_titles_desc":"","_seopress_robots_index":"","_gspb_post_css":"","_jf_limit_responses":"","_jet_sm_ready_style":"","_jet_sm_style":"","_jet_sm_controls_values":"","_jet_sm_fonts_collection":"","_jet_sm_fonts_links":""},"product_brand":[],"product_cat":[86],"product_tag":[],"hf_cat_product":[],"class_list":{"0":"post-12460","1":"product","2":"type-product","3":"status-publish","4":"has-post-thumbnail","6":"product_cat-kids-winter-accessories","8":"first","9":"instock","10":"shipping-taxable","11":"product-type-simple"},"_links":{"self":[{"href":"https:\/\/www.aungwinter.com\/fr\/wp-json\/wp\/v2\/product\/12460","targetHints":{"allow":["GET"]}}],"collection":[{"href":"https:\/\/www.aungwinter.com\/fr\/wp-json\/wp\/v2\/product"}],"about":[{"href":"https:\/\/www.aungwinter.com\/fr\/wp-json\/wp\/v2\/types\/product"}],"wp:featuredmedia":[{"embeddable":true,"href":"https:\/\/www.aungwinter.com\/fr\/wp-json\/wp\/v2\/media\/12454"}],"wp:attachment":[{"href":"https:\/\/www.aungwinter.com\/fr\/wp-json\/wp\/v2\/media?parent=12460"}],"wp:term":[{"taxonomy":"product_brand","embeddable":true,"href":"https:\/\/www.aungwinter.com\/fr\/wp-json\/wp\/v2\/product_brand?post=12460"},{"taxonomy":"product_cat","embeddable":true,"href":"https:\/\/www.aungwinter.com\/fr\/wp-json\/wp\/v2\/product_cat?post=12460"},{"taxonomy":"product_tag","embeddable":true,"href":"https:\/\/www.aungwinter.com\/fr\/wp-json\/wp\/v2\/product_tag?post=12460"},{"taxonomy":"hf_cat_product","embeddable":true,"href":"https:\/\/www.aungwinter.com\/fr\/wp-json\/wp\/v2\/hf_cat_product?post=12460"}],"curies":[{"name":"wp","href":"https:\/\/api.w.org\/{rel}","templated":true}]}}