{"id":12575,"date":"2024-12-20T09:23:17","date_gmt":"2024-12-20T09:23:17","guid":{"rendered":"https:\/\/www.aungwinter.com\/?post_type=product&#038;p=12575"},"modified":"2025-09-03T01:31:30","modified_gmt":"2025-09-03T01:31:30","slug":"bonnet-noir-et-blanc-en-acrylique-et-coton-tricote-sur-mesure","status":"publish","type":"product","link":"https:\/\/www.aungwinter.com\/fr\/product\/custom-acrylic-and-cotton-knitted-black-white-beanie\/","title":{"rendered":"Bonnet personnalis\u00e9 en acrylique et coton tricot\u00e9 noir\/blanc"},"content":{"rendered":"<table class=\"alignleft\" style=\"border-collapse: collapse; width: 488.27pt;\" border=\"0\" width=\"651\" cellspacing=\"0\" cellpadding=\"0\">\n<tbody>\n<tr style=\"height: 33.00pt;\">\n<td class=\"et3\" style=\"height: 33.00pt; width: 175.50pt;\" width=\"234\" height=\"44\">R\u00e9f\u00e9rence<\/td>\n<td class=\"et2\" style=\"width: 312.75pt;\" width=\"417\">BB-230922-4<\/td>\n<\/tr>\n<tr style=\"height: 33.00pt;\">\n<td class=\"et3\" style=\"height: 33.00pt;\" height=\"44\">Taille<\/td>\n<td class=\"et2\" style=\"width: 312.75pt;\" width=\"417\">Adulte<\/td>\n<\/tr>\n<tr style=\"height: 33.00pt;\">\n<td class=\"et3\" style=\"height: 33.00pt;\" height=\"44\">Style<\/td>\n<td class=\"et2\" style=\"width: 312.75pt;\" width=\"417\">D\u00e9contract\u00e9 et tendance<\/td>\n<\/tr>\n<tr style=\"height: 33.00pt;\">\n<td class=\"et3\" style=\"height: 33.00pt;\" height=\"44\">Quantit\u00e9 minimale de commande<\/td>\n<td class=\"et2\" style=\"width: 312.75pt;\" width=\"417\">25 pi\u00e8ces\/style\/couleur<\/td>\n<\/tr>\n<tr style=\"height: 33.00pt;\">\n<td class=\"et3\" style=\"height: 33.00pt;\" height=\"44\">Couleur<\/td>\n<td class=\"et2\" style=\"width: 312.75pt;\" width=\"417\">Noir et blanc<\/td>\n<\/tr>\n<tr style=\"height: 33.00pt;\">\n<td class=\"et3\" style=\"height: 33.00pt;\" height=\"44\">Mat\u00e9riau<\/td>\n<td class=\"et2\" style=\"width: 312.75pt;\" width=\"417\">Acrylique et coton<\/td>\n<\/tr>\n<tr style=\"height: 33.00pt;\">\n<td class=\"et3\" style=\"height: 33.00pt;\" height=\"44\">Cr\u00e9ation de logo<\/td>\n<td class=\"et2\" style=\"width: 312.75pt;\" width=\"417\">Personnalis\u00e9<\/td>\n<\/tr>\n<tr style=\"height: 33.00pt;\">\n<td class=\"et3\" style=\"height: 33.00pt;\" height=\"44\">Exemple de temps<\/td>\n<td class=\"et2\" style=\"width: 312.75pt;\" width=\"417\">3 \u00e0 7 jours pour le style classique ou standard<\/td>\n<\/tr>\n<tr style=\"height: 33.00pt;\">\n<td style=\"height: 33.00pt;\" height=\"44\">Nom de marque<\/td>\n<td class=\"et2\" style=\"width: 312.75pt;\" width=\"417\">Aungwinter<\/td>\n<\/tr>\n<tr style=\"height: 33.00pt;\">\n<td style=\"height: 33.00pt;\" height=\"44\">Temps d'\u00e9chantillonnage<\/td>\n<td class=\"et2\" style=\"width: 312.75pt;\" width=\"417\">5 \u00e0 7 jours<\/td>\n<\/tr>\n<tr style=\"height: 33.00pt;\">\n<td style=\"height: 33.00pt;\" height=\"44\">Paiement<\/td>\n<td class=\"et2\" style=\"width: 312.75pt;\" width=\"417\">30 tonnes\/heure<\/td>\n<\/tr>\n<tr style=\"height: 33.00pt;\">\n<td style=\"height: 33.00pt;\" height=\"44\">Origine<\/td>\n<td class=\"et2\" style=\"width: 312.75pt;\" width=\"417\">Shenzhen, Chine<\/td>\n<\/tr>\n<tr style=\"height: 33.00pt;\">\n<td style=\"height: 33.00pt;\" height=\"44\">Motif<\/td>\n<td class=\"et2\" style=\"width: 312.75pt;\" width=\"417\">tricot\u00e9<\/td>\n<\/tr>\n<\/tbody>\n<\/table>","protected":false},"excerpt":{"rendered":"<p>Le bonnet personnalis\u00e9 est confectionn\u00e9 dans un m\u00e9lange doux d'acrylique et de coton, avec un motif tricot\u00e9 classique noir et blanc, et offre un ajustement confortable et polyvalent pour un look \u00e9l\u00e9gant au quotidien.<\/p>","protected":false},"featured_media":12565,"template":"","meta":{"_seopress_robots_primary_cat":"none","_seopress_titles_title":"","_seopress_titles_desc":"","_seopress_robots_index":"","_gspb_post_css":"","_jf_limit_responses":"","_jet_sm_ready_style":"","_jet_sm_style":"","_jet_sm_controls_values":"","_jet_sm_fonts_collection":"","_jet_sm_fonts_links":""},"product_brand":[],"product_cat":[65],"product_tag":[],"hf_cat_product":[],"class_list":{"0":"post-12575","1":"product","2":"type-product","3":"status-publish","4":"has-post-thumbnail","6":"product_cat-cuffed-beanies","8":"first","9":"instock","10":"shipping-taxable","11":"product-type-simple"},"_links":{"self":[{"href":"https:\/\/www.aungwinter.com\/fr\/wp-json\/wp\/v2\/product\/12575","targetHints":{"allow":["GET"]}}],"collection":[{"href":"https:\/\/www.aungwinter.com\/fr\/wp-json\/wp\/v2\/product"}],"about":[{"href":"https:\/\/www.aungwinter.com\/fr\/wp-json\/wp\/v2\/types\/product"}],"wp:featuredmedia":[{"embeddable":true,"href":"https:\/\/www.aungwinter.com\/fr\/wp-json\/wp\/v2\/media\/12565"}],"wp:attachment":[{"href":"https:\/\/www.aungwinter.com\/fr\/wp-json\/wp\/v2\/media?parent=12575"}],"wp:term":[{"taxonomy":"product_brand","embeddable":true,"href":"https:\/\/www.aungwinter.com\/fr\/wp-json\/wp\/v2\/product_brand?post=12575"},{"taxonomy":"product_cat","embeddable":true,"href":"https:\/\/www.aungwinter.com\/fr\/wp-json\/wp\/v2\/product_cat?post=12575"},{"taxonomy":"product_tag","embeddable":true,"href":"https:\/\/www.aungwinter.com\/fr\/wp-json\/wp\/v2\/product_tag?post=12575"},{"taxonomy":"hf_cat_product","embeddable":true,"href":"https:\/\/www.aungwinter.com\/fr\/wp-json\/wp\/v2\/hf_cat_product?post=12575"}],"curies":[{"name":"wp","href":"https:\/\/api.w.org\/{rel}","templated":true}]}}