{"id":12779,"date":"2025-01-13T03:04:12","date_gmt":"2025-01-13T03:04:12","guid":{"rendered":"https:\/\/www.aungwinter.com\/?post_type=product&#038;p=12779"},"modified":"2025-01-13T03:09:04","modified_gmt":"2025-01-13T03:09:04","slug":"chapeau-bob-pliable-en-maille-crochetee-pour-lete","status":"publish","type":"product","link":"https:\/\/www.aungwinter.com\/fr\/product\/fashion-foldable-summer-knitted-crochet-bucket-hat\/","title":{"rendered":"Chapeau bob pliable en maille crochet\u00e9e pour l'\u00e9t\u00e9"},"content":{"rendered":"<table style=\"border-collapse: collapse; width: 585.02pt;\" border=\"0\" width=\"780\" cellspacing=\"0\" cellpadding=\"0\">\n<tbody>\n<tr style=\"height: 33.00pt;\">\n<td class=\"et2\" style=\"height: 33.00pt; width: 204.00pt;\" width=\"272\" height=\"44\">Techniques<\/td>\n<td class=\"et3\" style=\"width: 381.00pt;\" width=\"508\">S\u00e9rigraphie, impression par transfert thermique<\/td>\n<\/tr>\n<tr style=\"height: 33.00pt;\">\n<td class=\"et2\" style=\"height: 33.00pt;\" height=\"44\">Mat\u00e9riau<\/td>\n<td class=\"et3\" style=\"width: 381.00pt;\" width=\"508\">Polyester 100%<\/td>\n<\/tr>\n<tr style=\"height: 33.00pt;\">\n<td class=\"et2\" style=\"height: 33.00pt;\" height=\"44\">M\u00e9thodes d'impression<\/td>\n<td class=\"et3\" style=\"width: 381.00pt;\" width=\"508\">Gaufr\u00e9<\/td>\n<\/tr>\n<tr style=\"height: 33.00pt;\">\n<td class=\"et2\" style=\"height: 33.00pt;\" height=\"44\">Type de motif<\/td>\n<td class=\"et3\" style=\"width: 381.00pt;\" width=\"508\">\u00c0 carreaux, blocs de couleur, g\u00e9om\u00e9trique, peint \u00e0 la main, autres<\/td>\n<\/tr>\n<tr style=\"height: 33.00pt;\">\n<td class=\"et2\" style=\"height: 33.00pt;\" height=\"44\">Type de tissu<\/td>\n<td class=\"et3\" style=\"width: 381.00pt;\" width=\"508\">pavot<\/td>\n<\/tr>\n<tr style=\"height: 33.00pt;\">\n<td class=\"et2\" style=\"height: 33.00pt;\" height=\"44\">Style<\/td>\n<td class=\"et3\" style=\"width: 381.00pt;\" width=\"508\">Image<\/td>\n<\/tr>\n<tr style=\"height: 33.00pt;\">\n<td class=\"et2\" style=\"height: 33.00pt;\" height=\"44\">Lieu d'origine<\/td>\n<td class=\"et3\" style=\"width: 381.00pt;\" width=\"508\">Shenzhen, Chine<\/td>\n<\/tr>\n<tr style=\"height: 33.00pt;\">\n<td class=\"et2\" style=\"height: 33.00pt;\" height=\"44\">Saison applicable<\/td>\n<td class=\"et3\" style=\"width: 381.00pt;\" width=\"508\">Quatre saisons<\/td>\n<\/tr>\n<tr style=\"height: 33.00pt;\">\n<td class=\"et2\" style=\"height: 33.00pt;\" height=\"44\">Sc\u00e8ne applicable<\/td>\n<td class=\"et3\" style=\"width: 381.00pt;\" width=\"508\">Plage, D\u00e9contract\u00e9, Plein air, Voyage, Voyager<\/td>\n<\/tr>\n<tr style=\"height: 33.00pt;\">\n<td class=\"et2\" style=\"height: 33.00pt;\" height=\"44\">Tranche d'\u00e2ge<\/td>\n<td class=\"et3\" style=\"width: 381.00pt;\" width=\"508\">Adultes<\/td>\n<\/tr>\n<tr style=\"height: 33.00pt;\">\n<td class=\"et2\" style=\"height: 33.00pt;\" height=\"44\">Genre<\/td>\n<td class=\"et3\" style=\"width: 381.00pt;\" width=\"508\">Unisexe<\/td>\n<\/tr>\n<tr style=\"height: 33.00pt;\">\n<td class=\"et2\" style=\"height: 33.00pt;\" height=\"44\">Nom de marque<\/td>\n<td class=\"et3\" style=\"width: 381.00pt;\" width=\"508\">Aungwinter<\/td>\n<\/tr>\n<tr style=\"height: 33.00pt;\">\n<td class=\"et2\" style=\"height: 33.00pt;\" height=\"44\">Num\u00e9ro de mod\u00e8le<\/td>\n<td class=\"et3\" style=\"width: 381.00pt;\" width=\"508\">AW-KBH-008<\/td>\n<\/tr>\n<tr style=\"height: 33.00pt;\">\n<td class=\"et2\" style=\"height: 33.00pt;\" height=\"44\">Sc\u00e8ne applicable<\/td>\n<td class=\"et3\" style=\"width: 381.00pt;\" width=\"508\">D\u00e9contract\u00e9<\/td>\n<\/tr>\n<tr style=\"height: 33.00pt;\">\n<td class=\"et2\" style=\"height: 33.00pt;\" height=\"44\">Mat\u00e9riau<\/td>\n<td class=\"et3\" style=\"width: 381.00pt;\" width=\"508\">Polyester 100%<\/td>\n<\/tr>\n<tr style=\"height: 33.00pt;\">\n<td class=\"et2\" style=\"height: 33.00pt;\" height=\"44\">Style<\/td>\n<td class=\"et3\" style=\"width: 381.00pt;\" width=\"508\">Image<\/td>\n<\/tr>\n<tr style=\"height: 33.00pt;\">\n<td class=\"et2\" style=\"height: 33.00pt;\" height=\"44\">Tranche d'\u00e2ge<\/td>\n<td class=\"et3\" style=\"width: 381.00pt;\" width=\"508\">Adultes<\/td>\n<\/tr>\n<tr style=\"height: 33.00pt;\">\n<td class=\"et2\" style=\"height: 33.00pt;\" height=\"44\">Genre<\/td>\n<td class=\"et3\" style=\"width: 381.00pt;\" width=\"508\">Unisexe<\/td>\n<\/tr>\n<\/tbody>\n<\/table>","protected":false},"excerpt":{"rendered":"<p>Le chapeau bob en crochet tricot\u00e9 offre un design l\u00e9ger et respirant avec un motif crochet\u00e9 tricot\u00e9 \u00e9l\u00e9gant, offrant confort et protection solaire tout en \u00e9tant facilement pliable pour un rangement et un transport pratiques.<\/p>","protected":false},"featured_media":12787,"template":"","meta":{"_seopress_robots_primary_cat":"none","_seopress_titles_title":"","_seopress_titles_desc":"","_seopress_robots_index":"","_gspb_post_css":"","_jf_limit_responses":"","_jet_sm_ready_style":"","_jet_sm_style":"","_jet_sm_controls_values":"","_jet_sm_fonts_collection":"","_jet_sm_fonts_links":""},"product_brand":[],"product_cat":[29],"product_tag":[],"hf_cat_product":[],"class_list":{"0":"post-12779","1":"product","2":"type-product","3":"status-publish","4":"has-post-thumbnail","6":"product_cat-knit-bucket-hats","8":"first","9":"instock","10":"shipping-taxable","11":"product-type-simple"},"_links":{"self":[{"href":"https:\/\/www.aungwinter.com\/fr\/wp-json\/wp\/v2\/product\/12779","targetHints":{"allow":["GET"]}}],"collection":[{"href":"https:\/\/www.aungwinter.com\/fr\/wp-json\/wp\/v2\/product"}],"about":[{"href":"https:\/\/www.aungwinter.com\/fr\/wp-json\/wp\/v2\/types\/product"}],"wp:featuredmedia":[{"embeddable":true,"href":"https:\/\/www.aungwinter.com\/fr\/wp-json\/wp\/v2\/media\/12787"}],"wp:attachment":[{"href":"https:\/\/www.aungwinter.com\/fr\/wp-json\/wp\/v2\/media?parent=12779"}],"wp:term":[{"taxonomy":"product_brand","embeddable":true,"href":"https:\/\/www.aungwinter.com\/fr\/wp-json\/wp\/v2\/product_brand?post=12779"},{"taxonomy":"product_cat","embeddable":true,"href":"https:\/\/www.aungwinter.com\/fr\/wp-json\/wp\/v2\/product_cat?post=12779"},{"taxonomy":"product_tag","embeddable":true,"href":"https:\/\/www.aungwinter.com\/fr\/wp-json\/wp\/v2\/product_tag?post=12779"},{"taxonomy":"hf_cat_product","embeddable":true,"href":"https:\/\/www.aungwinter.com\/fr\/wp-json\/wp\/v2\/hf_cat_product?post=12779"}],"curies":[{"name":"wp","href":"https:\/\/api.w.org\/{rel}","templated":true}]}}