{"id":12867,"date":"2025-01-15T06:47:31","date_gmt":"2025-01-15T06:47:31","guid":{"rendered":"https:\/\/www.aungwinter.com\/?post_type=product&#038;p=12867"},"modified":"2025-04-03T06:55:47","modified_gmt":"2025-04-03T06:55:47","slug":"masque-de-ski-integral-camouflage-a-doublure-en-polyester-sechant-rapidement-pour-usage-exterieur","status":"publish","type":"product","link":"https:\/\/www.aungwinter.com\/fr\/product\/quick-dry-outdoor-polyester-liner-gear-full-face-camouflage-ski-mask\/","title":{"rendered":"Masque de ski int\u00e9gral camouflage \u00e0 doublure en polyester s\u00e9chage rapide pour usage ext\u00e9rieur"},"content":{"rendered":"<table style=\"border-collapse: collapse; width: 585.02pt;\" border=\"0\" width=\"780\" cellspacing=\"0\" cellpadding=\"0\">\n<tbody>\n<tr style=\"height: 33.00pt;\">\n<td class=\"et2\" style=\"height: 33.00pt; width: 204.00pt;\" width=\"272\" height=\"44\">Lieu d'origine<\/td>\n<td class=\"et3\" style=\"width: 381.00pt;\" width=\"508\">Shenzhen, Chine<\/td>\n<\/tr>\n<tr style=\"height: 33.00pt;\">\n<td class=\"et2\" style=\"height: 33.00pt;\" height=\"44\">Nom de marque<\/td>\n<td class=\"et3\" style=\"width: 381.00pt;\" width=\"508\">Aungwinter<\/td>\n<\/tr>\n<tr style=\"height: 33.00pt;\">\n<td class=\"et2\" style=\"height: 33.00pt;\" height=\"44\">Num\u00e9ro de mod\u00e8le<\/td>\n<td class=\"et3\" style=\"width: 381.00pt;\" width=\"508\">AWS-2024.09S6<\/td>\n<\/tr>\n<tr style=\"height: 33.00pt;\">\n<td class=\"et2\" style=\"height: 33.00pt;\" height=\"44\">Logo<\/td>\n<td class=\"et3\" style=\"width: 381.00pt;\" width=\"508\">Accepter un logo personnalis\u00e9<\/td>\n<\/tr>\n<tr style=\"height: 33.00pt;\">\n<td class=\"et2\" style=\"height: 33.00pt;\" height=\"44\">Quantit\u00e9 minimale de commande<\/td>\n<td class=\"et3\" style=\"width: 381.00pt;\" width=\"508\">25<\/td>\n<\/tr>\n<tr style=\"height: 24.00pt;\">\n<td class=\"et2\" style=\"height: 24.00pt;\" height=\"32\">Tissu<\/td>\n<td class=\"et3\" style=\"width: 381.00pt;\" width=\"508\">Polyester<\/td>\n<\/tr>\n<tr style=\"height: 33.00pt;\">\n<td class=\"et2\" style=\"height: 33.00pt;\" height=\"44\">Couleur<\/td>\n<td class=\"et3\" style=\"width: 381.00pt;\" width=\"508\">Camouflage\/Uni<\/td>\n<\/tr>\n<tr style=\"height: 33.00pt;\">\n<td class=\"et2\" style=\"height: 33.00pt;\" height=\"44\">Saison<\/td>\n<td class=\"et3\" style=\"width: 381.00pt;\" width=\"508\">Printemps \u00c9t\u00e9 Automne Hiver<\/td>\n<\/tr>\n<tr style=\"height: 33.00pt;\">\n<td class=\"et2\" style=\"height: 33.00pt;\" height=\"44\">Taille<\/td>\n<td class=\"et3\" style=\"width: 381.00pt;\" width=\"508\">36 x 23 cm<\/td>\n<\/tr>\n<tr style=\"height: 33.00pt;\">\n<td class=\"et2\" style=\"height: 33.00pt;\" height=\"44\">Poids<\/td>\n<td class=\"et3\" style=\"width: 381.00pt;\" width=\"508\">80 g<\/td>\n<\/tr>\n<tr style=\"height: 33.00pt;\">\n<td class=\"et2\" style=\"height: 33.00pt;\" height=\"44\">Fonction<\/td>\n<td class=\"et3\" style=\"width: 381.00pt;\" width=\"508\">Tr\u00e8s durable + R\u00e9sistance \u00e0 la d\u00e9chirure<\/td>\n<\/tr>\n<tr style=\"height: 33.00pt;\">\n<td class=\"et2\" style=\"height: 33.00pt;\" height=\"44\">D\u00e9tails de l'emballage<\/td>\n<td class=\"et3\" style=\"width: 381.00pt;\" width=\"508\">1 pi\u00e8ce\/sachet en poly\u00e9thyl\u00e8ne<\/td>\n<\/tr>\n<tr style=\"height: 33.00pt;\">\n<td class=\"et2\" style=\"height: 33.00pt;\" height=\"44\">Unit\u00e9s de vente :<\/td>\n<td class=\"et3\" style=\"width: 381.00pt;\" width=\"508\">Article unique<\/td>\n<\/tr>\n<tr style=\"height: 33.00pt;\">\n<td class=\"et2\" style=\"height: 33.00pt;\" height=\"44\">Taille d'un seul emballage :<\/td>\n<td class=\"et3\" style=\"width: 381.00pt;\" width=\"508\">10 x 10 x 0,3 cm<\/td>\n<\/tr>\n<tr style=\"height: 33.00pt;\">\n<td class=\"et2\" style=\"height: 33.00pt;\" height=\"44\">Poids brut unitaire :<\/td>\n<td class=\"et3\" style=\"width: 381.00pt;\" width=\"508\">0,080 kg<\/td>\n<\/tr>\n<\/tbody>\n<\/table>","protected":false},"excerpt":{"rendered":"<p>Ce masque de ski camouflage est fabriqu\u00e9 dans un tissu polyester respirant qui \u00e9vacue l'humidit\u00e9. Con\u00e7u pour couvrir enti\u00e8rement le visage, il offre chaleur, confort et protection pendant les activit\u00e9s hivernales en plein air.<\/p>","protected":false},"featured_media":12876,"template":"","meta":{"_seopress_robots_primary_cat":"none","_seopress_titles_title":"","_seopress_titles_desc":"","_seopress_robots_index":"","_gspb_post_css":"","_jf_limit_responses":"","_jet_sm_ready_style":"","_jet_sm_style":"","_jet_sm_controls_values":"","_jet_sm_fonts_collection":"","_jet_sm_fonts_links":""},"product_brand":[],"product_cat":[24],"product_tag":[],"hf_cat_product":[],"class_list":{"0":"post-12867","1":"product","2":"type-product","3":"status-publish","4":"has-post-thumbnail","6":"product_cat-balaclavas","8":"first","9":"instock","10":"shipping-taxable","11":"product-type-simple"},"_links":{"self":[{"href":"https:\/\/www.aungwinter.com\/fr\/wp-json\/wp\/v2\/product\/12867","targetHints":{"allow":["GET"]}}],"collection":[{"href":"https:\/\/www.aungwinter.com\/fr\/wp-json\/wp\/v2\/product"}],"about":[{"href":"https:\/\/www.aungwinter.com\/fr\/wp-json\/wp\/v2\/types\/product"}],"wp:featuredmedia":[{"embeddable":true,"href":"https:\/\/www.aungwinter.com\/fr\/wp-json\/wp\/v2\/media\/12876"}],"wp:attachment":[{"href":"https:\/\/www.aungwinter.com\/fr\/wp-json\/wp\/v2\/media?parent=12867"}],"wp:term":[{"taxonomy":"product_brand","embeddable":true,"href":"https:\/\/www.aungwinter.com\/fr\/wp-json\/wp\/v2\/product_brand?post=12867"},{"taxonomy":"product_cat","embeddable":true,"href":"https:\/\/www.aungwinter.com\/fr\/wp-json\/wp\/v2\/product_cat?post=12867"},{"taxonomy":"product_tag","embeddable":true,"href":"https:\/\/www.aungwinter.com\/fr\/wp-json\/wp\/v2\/product_tag?post=12867"},{"taxonomy":"hf_cat_product","embeddable":true,"href":"https:\/\/www.aungwinter.com\/fr\/wp-json\/wp\/v2\/hf_cat_product?post=12867"}],"curies":[{"name":"wp","href":"https:\/\/api.w.org\/{rel}","templated":true}]}}