{"id":12893,"date":"2025-01-18T04:13:25","date_gmt":"2025-01-18T04:13:25","guid":{"rendered":"https:\/\/www.aungwinter.com\/?post_type=product&#038;p=12893"},"modified":"2025-01-18T04:14:04","modified_gmt":"2025-01-18T04:14:04","slug":"bonnet-dhiver-unisexe-en-acrylique-personnalise-avec-broderie-floquee-pour-enfants","status":"publish","type":"product","link":"https:\/\/www.aungwinter.com\/fr\/product\/custom-acrylic-unisex-flocking-embroidery-kids-winter-beanie-hat\/","title":{"rendered":"Bonnet d'hiver unisexe en acrylique personnalis\u00e9 avec broderie floqu\u00e9e pour enfants"},"content":{"rendered":"<table width=\"780\">\n<tbody>\n<tr>\n<td width=\"272\">Mat\u00e9riau<\/td>\n<td width=\"508\">100% Acrylique<\/td>\n<\/tr>\n<tr>\n<td>Techniques<\/td>\n<td width=\"508\">Broderie floqu\u00e9e<\/td>\n<\/tr>\n<tr>\n<td>Lieu d'origine<\/td>\n<td width=\"508\">Guangdong, Chine<\/td>\n<\/tr>\n<tr>\n<td>M\u00e9thodes d'impression<\/td>\n<td width=\"508\">Gaufr\u00e9<\/td>\n<\/tr>\n<tr>\n<td>Genre<\/td>\n<td width=\"508\">Unisexe<\/td>\n<\/tr>\n<tr>\n<td>Type de motif<\/td>\n<td width=\"508\">Autres<\/td>\n<\/tr>\n<tr>\n<td>Sc\u00e8ne applicable<\/td>\n<td width=\"508\">Sports, voyages, activit\u00e9s de plein air, f\u00eates, affaires, shopping, voyages<\/td>\n<\/tr>\n<tr>\n<td>Nom de marque<\/td>\n<td width=\"508\">Aungwinter<\/td>\n<\/tr>\n<tr>\n<td>Caract\u00e9ristique du tissu<\/td>\n<td width=\"508\">COMMON<\/td>\n<\/tr>\n<tr>\n<td>Tranche d'\u00e2ge<\/td>\n<td width=\"508\">Enfants<\/td>\n<\/tr>\n<tr>\n<td>Style<\/td>\n<td width=\"508\">Personnage<\/td>\n<\/tr>\n<tr>\n<td>Nom du produit<\/td>\n<td width=\"508\">Bonnet pour enfants<\/td>\n<\/tr>\n<tr>\n<td>Couleur<\/td>\n<td width=\"508\">Couleur personnalis\u00e9e<\/td>\n<\/tr>\n<tr>\n<td>Logo<\/td>\n<td width=\"508\">Accepter un logo personnalis\u00e9<\/td>\n<\/tr>\n<tr>\n<td>Utilisation<\/td>\n<td width=\"508\">Rester au chaud<\/td>\n<\/tr>\n<tr>\n<td>Quantit\u00e9 minimale de commande<\/td>\n<td>50 pi\u00e8ces<\/td>\n<\/tr>\n<tr>\n<td>Conception<\/td>\n<td>Conceptions ODM<\/td>\n<\/tr>\n<tr>\n<td>Temps d'\u00e9chantillonnage<\/td>\n<td>5 \u00e0 7 jours<\/td>\n<\/tr>\n<\/tbody>\n<\/table>","protected":false},"excerpt":{"rendered":"<p>Ce bonnet d'hiver brod\u00e9 pour enfants est confectionn\u00e9 dans un tissu acrylique doux et confortable, orn\u00e9 d'une \u00e9l\u00e9gante broderie floqu\u00e9e. Il offre chaleur et confort aux enfants pendant la saison froide, avec des options personnalisables pour une touche personnelle.<\/p>","protected":false},"featured_media":12897,"template":"","meta":{"_seopress_robots_primary_cat":"none","_seopress_titles_title":"","_seopress_titles_desc":"","_seopress_robots_index":"","_gspb_post_css":"","_jf_limit_responses":"","_jet_sm_ready_style":"","_jet_sm_style":"","_jet_sm_controls_values":"","_jet_sm_fonts_collection":"","_jet_sm_fonts_links":""},"product_brand":[],"product_cat":[85],"product_tag":[],"hf_cat_product":[],"class_list":{"0":"post-12893","1":"product","2":"type-product","3":"status-publish","4":"has-post-thumbnail","6":"product_cat-kids-winter-hats","8":"first","9":"instock","10":"shipping-taxable","11":"product-type-simple"},"_links":{"self":[{"href":"https:\/\/www.aungwinter.com\/fr\/wp-json\/wp\/v2\/product\/12893","targetHints":{"allow":["GET"]}}],"collection":[{"href":"https:\/\/www.aungwinter.com\/fr\/wp-json\/wp\/v2\/product"}],"about":[{"href":"https:\/\/www.aungwinter.com\/fr\/wp-json\/wp\/v2\/types\/product"}],"wp:featuredmedia":[{"embeddable":true,"href":"https:\/\/www.aungwinter.com\/fr\/wp-json\/wp\/v2\/media\/12897"}],"wp:attachment":[{"href":"https:\/\/www.aungwinter.com\/fr\/wp-json\/wp\/v2\/media?parent=12893"}],"wp:term":[{"taxonomy":"product_brand","embeddable":true,"href":"https:\/\/www.aungwinter.com\/fr\/wp-json\/wp\/v2\/product_brand?post=12893"},{"taxonomy":"product_cat","embeddable":true,"href":"https:\/\/www.aungwinter.com\/fr\/wp-json\/wp\/v2\/product_cat?post=12893"},{"taxonomy":"product_tag","embeddable":true,"href":"https:\/\/www.aungwinter.com\/fr\/wp-json\/wp\/v2\/product_tag?post=12893"},{"taxonomy":"hf_cat_product","embeddable":true,"href":"https:\/\/www.aungwinter.com\/fr\/wp-json\/wp\/v2\/hf_cat_product?post=12893"}],"curies":[{"name":"wp","href":"https:\/\/api.w.org\/{rel}","templated":true}]}}