{"id":12925,"date":"2025-01-20T02:06:07","date_gmt":"2025-01-20T02:06:07","guid":{"rendered":"https:\/\/www.aungwinter.com\/?post_type=product&#038;p=12925"},"modified":"2025-01-20T02:09:58","modified_gmt":"2025-01-20T02:09:58","slug":"bonnet-dhiver-trappeur-multicolore-en-tricot-doux-design-epais-personnalise","status":"publish","type":"product","link":"https:\/\/www.aungwinter.com\/fr\/product\/custom-thickened-design-multi-color-soft-knit-winter-trapper-hat\/","title":{"rendered":"Bonnet d'hiver trappeur multicolore en tricot doux, design \u00e9pais personnalis\u00e9"},"content":{"rendered":"<table style=\"border-collapse: collapse; width: 585.02pt;\" border=\"0\" width=\"780\" cellspacing=\"0\" cellpadding=\"0\">\n<tbody>\n<tr style=\"height: 33.00pt;\">\n<td class=\"et3\" style=\"height: 33.00pt; width: 204.00pt;\" width=\"272\" height=\"44\">Mat\u00e9riau<\/td>\n<td class=\"et4\" style=\"width: 381.00pt;\" width=\"508\">Fausse fourrure<\/td>\n<\/tr>\n<tr style=\"height: 75.00pt;\">\n<td class=\"et3\" style=\"height: 75.00pt;\" height=\"100\">Techniques<\/td>\n<td class=\"et4\" style=\"width: 381.00pt;\" width=\"508\">jacquard, broderie \u00e0 la machine\/broderie automatis\u00e9e, teinture dans la masse, tricot\u00e9 \u00e0 l'ordinateur, tricot\u00e9 \u00e0 plat, tricot\u00e9 \u00e0 la main, s\u00e9rigraphie, impression par transfert thermique, broderie \u00e0 la machine, broderie \u00e0 la main, broderie sur tissu appliqu\u00e9, broderie \u00e0 paillettes, broderie 3D, broderie \u00e0 perles, broderie floqu\u00e9e<\/td>\n<\/tr>\n<tr style=\"height: 33.00pt;\">\n<td class=\"et3\" style=\"height: 33.00pt;\" height=\"44\">Tour de t\u00eate<\/td>\n<td class=\"et4\" style=\"width: 381.00pt;\" width=\"508\">56-58 cm, 58-60 cm<\/td>\n<\/tr>\n<tr style=\"height: 33.00pt;\">\n<td class=\"et3\" style=\"height: 33.00pt;\" height=\"44\">Lieu d'origine<\/td>\n<td class=\"et4\" style=\"width: 381.00pt;\" width=\"508\">Hebei, Chine<\/td>\n<\/tr>\n<tr style=\"height: 33.00pt;\">\n<td class=\"et3\" style=\"height: 33.00pt;\" height=\"44\">M\u00e9thodes d'impression<\/td>\n<td class=\"et4\" style=\"width: 381.00pt;\" width=\"508\">Impression par transfert sublimatique, Impression num\u00e9rique, Impression en relief, Impression en caoutchouc en relief, Impression floqu\u00e9e, Impression gonfl\u00e9e, Impression par rongeage, Impression sur feuille m\u00e9tallique, Impression paillet\u00e9e, Impression lumineuse, Dessin \u00e0 la main, Aucune, Autre<\/td>\n<\/tr>\n<tr style=\"height: 24.00pt;\">\n<td class=\"et3\" style=\"height: 24.00pt;\" height=\"32\">Genre<\/td>\n<td class=\"et4\" style=\"width: 381.00pt;\" width=\"508\">Unisexe<\/td>\n<\/tr>\n<tr style=\"height: 53.00pt;\">\n<td class=\"et3\" style=\"height: 53.00pt;\" height=\"70\">Type de motif<\/td>\n<td class=\"et4\" style=\"width: 381.00pt;\" width=\"508\">Animal, Argyle, N\u0153uds, Camouflage, Dessin anim\u00e9, Personnage, \u00c0 carreaux, Color Blocking, POINTILL\u00c9S, Floral, Fruit, G\u00e9om\u00e9trique, Peint \u00e0 la main, Feuille, L\u00e9opard, Lettre, Aucun, Autres, Plaid, \u00c0 pois, Uni, Ray\u00e9, Tropical<\/td>\n<\/tr>\n<tr style=\"height: 44.00pt;\">\n<td class=\"et3\" style=\"height: 44.00pt;\" height=\"58\">Sc\u00e8ne applicable<\/td>\n<td class=\"et4\" style=\"width: 381.00pt;\" width=\"508\">Sports, ski, voyages, plein air, quotidien, d\u00e9contract\u00e9, f\u00eate, plage, affaires, p\u00eache, cyclisme, shopping, voyages, usage domestique<\/td>\n<\/tr>\n<tr style=\"height: 33.00pt;\">\n<td class=\"et3\" style=\"height: 33.00pt;\" height=\"44\">D\u00e9coration<\/td>\n<td class=\"et4\" style=\"width: 381.00pt;\" width=\"508\">Bouton, Rivet, N\u0153ud, D\u00e9chir\u00e9, LAV\u00c9, Poches, Paillettes, \u0152illet, Cha\u00eenes, Paillet\u00e9, Autre, Aucun, Strass, Broderie, Fausses fermetures \u00e9clair, Couleur contrast\u00e9e, Appliques<\/td>\n<\/tr>\n<tr style=\"height: 33.00pt;\">\n<td class=\"et3\" style=\"height: 33.00pt;\" height=\"44\">Nom de marque<\/td>\n<td class=\"et4\" style=\"width: 381.00pt;\" width=\"508\">Aungwinter<\/td>\n<\/tr>\n<tr style=\"height: 33.00pt;\">\n<td class=\"et3\" style=\"height: 33.00pt;\" height=\"44\">Num\u00e9ro de mod\u00e8le<\/td>\n<td class=\"et4\" style=\"width: 381.00pt;\" width=\"508\">AWT-39-L<\/td>\n<\/tr>\n<tr style=\"height: 33.00pt;\">\n<td class=\"et3\" style=\"height: 33.00pt;\" height=\"44\">Caract\u00e9ristique du tissu<\/td>\n<td class=\"et4\" style=\"width: 381.00pt;\" width=\"508\">COMMON<\/td>\n<\/tr>\n<tr style=\"height: 33.00pt;\">\n<td class=\"et3\" style=\"height: 33.00pt;\" height=\"44\">Tranche d'\u00e2ge<\/td>\n<td class=\"et4\" style=\"width: 381.00pt;\" width=\"508\">Adultes<\/td>\n<\/tr>\n<tr style=\"height: 33.00pt;\">\n<td class=\"et3\" style=\"height: 33.00pt;\" height=\"44\">Style<\/td>\n<td class=\"et4\" style=\"width: 381.00pt;\" width=\"508\">Personnage<\/td>\n<\/tr>\n<tr style=\"height: 33.00pt;\">\n<td class=\"et3\" style=\"height: 33.00pt;\" height=\"44\">Unit\u00e9s de vente :<\/td>\n<td class=\"et4\" style=\"width: 381.00pt;\" width=\"508\">Article unique<\/td>\n<\/tr>\n<tr style=\"height: 33.00pt;\">\n<td class=\"et3\" style=\"height: 33.00pt;\" height=\"44\">Taille d'un seul emballage :<\/td>\n<td class=\"et4\" style=\"width: 381.00pt;\" width=\"508\">20 x 29 x 10 cm<\/td>\n<\/tr>\n<tr style=\"height: 33.00pt;\">\n<td class=\"et3\" style=\"height: 33.00pt;\" height=\"44\">Poids brut unitaire :<\/td>\n<td class=\"et4\" style=\"width: 381.00pt;\" width=\"508\">0,250 kg<\/td>\n<\/tr>\n<\/tbody>\n<\/table>","protected":false},"excerpt":{"rendered":"<p>Ce bonnet d'hiver en tricot est dot\u00e9 d'un tissu tricot\u00e9 \u00e9pais et confortable pour une meilleure isolation thermique, d'un motif multicolore \u00e9l\u00e9gant et d'oreillettes pour une protection suppl\u00e9mentaire contre le froid, ce qui en fait un accessoire id\u00e9al alliant confort, chaleur et style personnalis\u00e9 pour l'hiver.<\/p>","protected":false},"featured_media":12933,"template":"","meta":{"_seopress_robots_primary_cat":"none","_seopress_titles_title":"","_seopress_titles_desc":"","_seopress_robots_index":"","_gspb_post_css":"","_jf_limit_responses":"","_jet_sm_ready_style":"","_jet_sm_style":"","_jet_sm_controls_values":"","_jet_sm_fonts_collection":"","_jet_sm_fonts_links":""},"product_brand":[],"product_cat":[66],"product_tag":[],"hf_cat_product":[],"class_list":{"0":"post-12925","1":"product","2":"type-product","3":"status-publish","4":"has-post-thumbnail","6":"product_cat-earflap-beanies","8":"first","9":"instock","10":"shipping-taxable","11":"product-type-simple"},"_links":{"self":[{"href":"https:\/\/www.aungwinter.com\/fr\/wp-json\/wp\/v2\/product\/12925","targetHints":{"allow":["GET"]}}],"collection":[{"href":"https:\/\/www.aungwinter.com\/fr\/wp-json\/wp\/v2\/product"}],"about":[{"href":"https:\/\/www.aungwinter.com\/fr\/wp-json\/wp\/v2\/types\/product"}],"wp:featuredmedia":[{"embeddable":true,"href":"https:\/\/www.aungwinter.com\/fr\/wp-json\/wp\/v2\/media\/12933"}],"wp:attachment":[{"href":"https:\/\/www.aungwinter.com\/fr\/wp-json\/wp\/v2\/media?parent=12925"}],"wp:term":[{"taxonomy":"product_brand","embeddable":true,"href":"https:\/\/www.aungwinter.com\/fr\/wp-json\/wp\/v2\/product_brand?post=12925"},{"taxonomy":"product_cat","embeddable":true,"href":"https:\/\/www.aungwinter.com\/fr\/wp-json\/wp\/v2\/product_cat?post=12925"},{"taxonomy":"product_tag","embeddable":true,"href":"https:\/\/www.aungwinter.com\/fr\/wp-json\/wp\/v2\/product_tag?post=12925"},{"taxonomy":"hf_cat_product","embeddable":true,"href":"https:\/\/www.aungwinter.com\/fr\/wp-json\/wp\/v2\/hf_cat_product?post=12925"}],"curies":[{"name":"wp","href":"https:\/\/api.w.org\/{rel}","templated":true}]}}