{"id":12935,"date":"2025-01-20T02:13:28","date_gmt":"2025-01-20T02:13:28","guid":{"rendered":"https:\/\/www.aungwinter.com\/?post_type=product&#038;p=12935"},"modified":"2025-01-20T02:21:45","modified_gmt":"2025-01-20T02:21:45","slug":"bonnet-dhiver-pour-femme-en-polyester-et-coton-couvrant-les-oreilles-pour-le-cyclisme","status":"publish","type":"product","link":"https:\/\/www.aungwinter.com\/fr\/product\/polyester-cotton-winter-women-ear-covering-cycling-hat\/","title":{"rendered":"Bonnet d'hiver pour femmes en polyester\/coton couvrant les oreilles"},"content":{"rendered":"<table style=\"border-collapse: collapse; width: 585.02pt;\" border=\"0\" width=\"780\" cellspacing=\"0\" cellpadding=\"0\">\n<tbody>\n<tr style=\"height: 33.00pt;\">\n<td class=\"et3\" style=\"height: 33.00pt; width: 204.00pt;\" width=\"272\" height=\"44\">Mat\u00e9riau<\/td>\n<td class=\"et4\" style=\"width: 381.00pt;\" width=\"508\">Polyester\/coton<\/td>\n<\/tr>\n<tr style=\"height: 41.00pt;\">\n<td class=\"et3\" style=\"height: 41.00pt;\" height=\"54\">Techniques<\/td>\n<td class=\"et4\" style=\"width: 381.00pt;\" width=\"508\">Broderie \u00e0 la machine\/Broderie automatis\u00e9e, Tricot\u00e9 \u00e0 la main<\/td>\n<\/tr>\n<tr style=\"height: 33.00pt;\">\n<td class=\"et3\" style=\"height: 33.00pt;\" height=\"44\">Tour de t\u00eate<\/td>\n<td class=\"et4\" style=\"width: 381.00pt;\" width=\"508\">54-56 cm, 56-58 cm, 58-60 cm<\/td>\n<\/tr>\n<tr style=\"height: 33.00pt;\">\n<td class=\"et3\" style=\"height: 33.00pt;\" height=\"44\">Lieu d'origine<\/td>\n<td class=\"et4\" style=\"width: 381.00pt;\" width=\"508\">Guangdong, Chine<\/td>\n<\/tr>\n<tr style=\"height: 33.00pt;\">\n<td class=\"et3\" style=\"height: 33.00pt;\" height=\"44\">M\u00e9thodes d'impression<\/td>\n<td class=\"et4\" style=\"width: 381.00pt;\" width=\"508\">Gaufr\u00e9<\/td>\n<\/tr>\n<tr style=\"height: 24.00pt;\">\n<td class=\"et3\" style=\"height: 24.00pt;\" height=\"32\">Genre<\/td>\n<td class=\"et4\" style=\"width: 381.00pt;\" width=\"508\">Unisexe<\/td>\n<\/tr>\n<tr style=\"height: 36.00pt;\">\n<td class=\"et3\" style=\"height: 36.00pt;\" height=\"48\">Type de motif<\/td>\n<td class=\"et4\" style=\"width: 381.00pt;\" width=\"508\">Animal<\/td>\n<\/tr>\n<tr style=\"height: 33.00pt;\">\n<td class=\"et3\" style=\"height: 33.00pt;\" height=\"44\">Sc\u00e8ne applicable<\/td>\n<td class=\"et4\" style=\"width: 381.00pt;\" width=\"508\">en plein air, cyclisme, faire du shopping, usage domestique<\/td>\n<\/tr>\n<tr style=\"height: 33.00pt;\">\n<td class=\"et3\" style=\"height: 33.00pt;\" height=\"44\">D\u00e9coration<\/td>\n<td class=\"et4\" style=\"width: 381.00pt;\" width=\"508\">Autre<\/td>\n<\/tr>\n<tr style=\"height: 33.00pt;\">\n<td class=\"et3\" style=\"height: 33.00pt;\" height=\"44\">Nom de marque<\/td>\n<td class=\"et4\" style=\"width: 381.00pt;\" width=\"508\">Aungwinter<\/td>\n<\/tr>\n<tr style=\"height: 33.00pt;\">\n<td class=\"et3\" style=\"height: 33.00pt;\" height=\"44\">Num\u00e9ro de mod\u00e8le<\/td>\n<td class=\"et4\" style=\"width: 381.00pt;\" width=\"508\">AWZ221<\/td>\n<\/tr>\n<tr style=\"height: 33.00pt;\">\n<td class=\"et3\" style=\"height: 33.00pt;\" height=\"44\">Caract\u00e9ristique du tissu<\/td>\n<td class=\"et4\" style=\"width: 381.00pt;\" width=\"508\">Respirant et imperm\u00e9able<\/td>\n<\/tr>\n<tr style=\"height: 33.00pt;\">\n<td class=\"et3\" style=\"height: 33.00pt;\" height=\"44\">Tranche d'\u00e2ge<\/td>\n<td class=\"et4\" style=\"width: 381.00pt;\" width=\"508\">Adultes<\/td>\n<\/tr>\n<tr style=\"height: 33.00pt;\">\n<td class=\"et3\" style=\"height: 33.00pt;\" height=\"44\">Style<\/td>\n<td class=\"et4\" style=\"width: 381.00pt;\" width=\"508\">Image<\/td>\n<\/tr>\n<tr style=\"height: 33.00pt;\">\n<td class=\"et3\" style=\"height: 33.00pt;\" height=\"44\">Unit\u00e9s de vente :<\/td>\n<td class=\"et4\" style=\"width: 381.00pt;\" width=\"508\">Article unique<\/td>\n<\/tr>\n<tr style=\"height: 33.00pt;\">\n<td class=\"et3\" style=\"height: 33.00pt;\" height=\"44\">Taille d'un seul emballage :<\/td>\n<td class=\"et4\" style=\"width: 381.00pt;\" width=\"508\">30 x 25 x 10 cm<\/td>\n<\/tr>\n<tr style=\"height: 33.00pt;\">\n<td class=\"et3\" style=\"height: 33.00pt;\" height=\"44\">Poids brut unitaire :<\/td>\n<td class=\"et4\" style=\"width: 381.00pt;\" width=\"508\">0,300 kg<\/td>\n<\/tr>\n<\/tbody>\n<\/table>","protected":false},"excerpt":{"rendered":"<p>Ce bonnet de cyclisme est compos\u00e9 d'un m\u00e9lange de polyester et de coton r\u00e9sistants pour plus de chaleur et de confort. Il est dot\u00e9 d'une conception couvrant les oreilles pour une protection suppl\u00e9mentaire, d'une structure l\u00e9g\u00e8re et respirante, ainsi que d'un design \u00e9l\u00e9gant et fonctionnel, id\u00e9al pour le cyclisme et les activit\u00e9s de plein air par temps froid.<\/p>","protected":false},"featured_media":12942,"template":"","meta":{"_seopress_robots_primary_cat":"none","_seopress_titles_title":"","_seopress_titles_desc":"","_seopress_robots_index":"","_gspb_post_css":"","_jf_limit_responses":"","_jet_sm_ready_style":"","_jet_sm_style":"","_jet_sm_controls_values":"","_jet_sm_fonts_collection":"","_jet_sm_fonts_links":""},"product_brand":[],"product_cat":[66],"product_tag":[],"hf_cat_product":[],"class_list":{"0":"post-12935","1":"product","2":"type-product","3":"status-publish","4":"has-post-thumbnail","6":"product_cat-earflap-beanies","8":"first","9":"instock","10":"shipping-taxable","11":"product-type-simple"},"_links":{"self":[{"href":"https:\/\/www.aungwinter.com\/fr\/wp-json\/wp\/v2\/product\/12935","targetHints":{"allow":["GET"]}}],"collection":[{"href":"https:\/\/www.aungwinter.com\/fr\/wp-json\/wp\/v2\/product"}],"about":[{"href":"https:\/\/www.aungwinter.com\/fr\/wp-json\/wp\/v2\/types\/product"}],"wp:featuredmedia":[{"embeddable":true,"href":"https:\/\/www.aungwinter.com\/fr\/wp-json\/wp\/v2\/media\/12942"}],"wp:attachment":[{"href":"https:\/\/www.aungwinter.com\/fr\/wp-json\/wp\/v2\/media?parent=12935"}],"wp:term":[{"taxonomy":"product_brand","embeddable":true,"href":"https:\/\/www.aungwinter.com\/fr\/wp-json\/wp\/v2\/product_brand?post=12935"},{"taxonomy":"product_cat","embeddable":true,"href":"https:\/\/www.aungwinter.com\/fr\/wp-json\/wp\/v2\/product_cat?post=12935"},{"taxonomy":"product_tag","embeddable":true,"href":"https:\/\/www.aungwinter.com\/fr\/wp-json\/wp\/v2\/product_tag?post=12935"},{"taxonomy":"hf_cat_product","embeddable":true,"href":"https:\/\/www.aungwinter.com\/fr\/wp-json\/wp\/v2\/hf_cat_product?post=12935"}],"curies":[{"name":"wp","href":"https:\/\/api.w.org\/{rel}","templated":true}]}}