{"id":12960,"date":"2025-01-20T03:13:00","date_gmt":"2025-01-20T03:13:00","guid":{"rendered":"https:\/\/www.aungwinter.com\/?post_type=product&#038;p=12960"},"modified":"2025-01-20T03:22:20","modified_gmt":"2025-01-20T03:22:20","slug":"chapeau-dhiver-a-large-bord-epais-couleur-unie-en-fourrure","status":"publish","type":"product","link":"https:\/\/www.aungwinter.com\/fr\/product\/autumn-and-wide-brim-thickened-solid-color-fur-winter-bucket-hat\/","title":{"rendered":"Chapeau d'hiver \u00e0 large bord et doublure \u00e9paisse, couleur unie, en fourrure"},"content":{"rendered":"<table style=\"border-collapse: collapse; width: 585.02pt;\" border=\"0\" width=\"780\" cellspacing=\"0\" cellpadding=\"0\">\n<tbody>\n<tr style=\"height: 33.00pt;\">\n<td class=\"et3\" style=\"height: 33.00pt; width: 204.00pt;\" width=\"272\" height=\"44\">Mat\u00e9riau<\/td>\n<td class=\"et4\" style=\"width: 381.00pt;\" width=\"508\">100% Coton<\/td>\n<\/tr>\n<tr style=\"height: 41.00pt;\">\n<td class=\"et3\" style=\"height: 41.00pt;\" height=\"54\">Techniques<\/td>\n<td class=\"et4\" style=\"width: 381.00pt;\" width=\"508\">Broderie \u00e0 la machine\/Broderie automatis\u00e9e, Tricot\u00e9 \u00e0 la main<\/td>\n<\/tr>\n<tr style=\"height: 33.00pt;\">\n<td class=\"et3\" style=\"height: 33.00pt;\" height=\"44\">Tour de t\u00eate<\/td>\n<td class=\"et4\" style=\"width: 381.00pt;\" width=\"508\">54-56 cm, 56-58 cm, 58-60 cm<\/td>\n<\/tr>\n<tr style=\"height: 33.00pt;\">\n<td class=\"et3\" style=\"height: 33.00pt;\" height=\"44\">Lieu d'origine<\/td>\n<td class=\"et4\" style=\"width: 381.00pt;\" width=\"508\">Guangdong, Chine<\/td>\n<\/tr>\n<tr style=\"height: 33.00pt;\">\n<td class=\"et3\" style=\"height: 33.00pt;\" height=\"44\">M\u00e9thodes d'impression<\/td>\n<td class=\"et4\" style=\"width: 381.00pt;\" width=\"508\">Gaufr\u00e9<\/td>\n<\/tr>\n<tr style=\"height: 24.00pt;\">\n<td class=\"et3\" style=\"height: 24.00pt;\" height=\"32\">Genre<\/td>\n<td class=\"et4\" style=\"width: 381.00pt;\" width=\"508\">Unisexe<\/td>\n<\/tr>\n<tr style=\"height: 36.00pt;\">\n<td class=\"et3\" style=\"height: 36.00pt;\" height=\"48\">Type de motif<\/td>\n<td class=\"et4\" style=\"width: 381.00pt;\" width=\"508\">Animal<\/td>\n<\/tr>\n<tr style=\"height: 33.00pt;\">\n<td class=\"et3\" style=\"height: 33.00pt;\" height=\"44\">Sc\u00e8ne applicable<\/td>\n<td class=\"et4\" style=\"width: 381.00pt;\" width=\"508\">en plein air, cyclisme, faire du shopping, usage domestique<\/td>\n<\/tr>\n<tr style=\"height: 33.00pt;\">\n<td class=\"et3\" style=\"height: 33.00pt;\" height=\"44\">D\u00e9coration<\/td>\n<td class=\"et4\" style=\"width: 381.00pt;\" width=\"508\">Autre<\/td>\n<\/tr>\n<tr style=\"height: 33.00pt;\">\n<td class=\"et3\" style=\"height: 33.00pt;\" height=\"44\">Nom de marque<\/td>\n<td class=\"et4\" style=\"width: 381.00pt;\" width=\"508\">Aungwinter<\/td>\n<\/tr>\n<tr style=\"height: 33.00pt;\">\n<td class=\"et3\" style=\"height: 33.00pt;\" height=\"44\">Num\u00e9ro de mod\u00e8le<\/td>\n<td class=\"et4\" style=\"width: 381.00pt;\" width=\"508\">AWZ161<\/td>\n<\/tr>\n<tr style=\"height: 33.00pt;\">\n<td class=\"et3\" style=\"height: 33.00pt;\" height=\"44\">Caract\u00e9ristique du tissu<\/td>\n<td class=\"et4\" style=\"width: 381.00pt;\" width=\"508\">Respirant et imperm\u00e9able<\/td>\n<\/tr>\n<\/tbody>\n<\/table>","protected":false},"excerpt":{"rendered":"<p>Ce chapeau-bob d'hiver en fourrure est dot\u00e9 d'une doublure en fourrure \u00e9paisse et confortable pour plus de chaleur, d'un large bord pour une protection suppl\u00e9mentaire contre le soleil ou la neige, et d'un design \u00e9l\u00e9gant de couleur unie, ce qui en fait un accessoire d'hiver parfait, tant sur le plan esth\u00e9tique que fonctionnel.<\/p>","protected":false},"featured_media":12968,"template":"","meta":{"_seopress_robots_primary_cat":"none","_seopress_titles_title":"","_seopress_titles_desc":"","_seopress_robots_index":"","_gspb_post_css":"","_jf_limit_responses":"","_jet_sm_ready_style":"","_jet_sm_style":"","_jet_sm_controls_values":"","_jet_sm_fonts_collection":"","_jet_sm_fonts_links":""},"product_brand":[],"product_cat":[68],"product_tag":[],"hf_cat_product":[],"class_list":{"0":"post-12960","1":"product","2":"type-product","3":"status-publish","4":"has-post-thumbnail","6":"product_cat-winter-bucket-hats","8":"first","9":"instock","10":"shipping-taxable","11":"product-type-simple"},"_links":{"self":[{"href":"https:\/\/www.aungwinter.com\/fr\/wp-json\/wp\/v2\/product\/12960","targetHints":{"allow":["GET"]}}],"collection":[{"href":"https:\/\/www.aungwinter.com\/fr\/wp-json\/wp\/v2\/product"}],"about":[{"href":"https:\/\/www.aungwinter.com\/fr\/wp-json\/wp\/v2\/types\/product"}],"wp:featuredmedia":[{"embeddable":true,"href":"https:\/\/www.aungwinter.com\/fr\/wp-json\/wp\/v2\/media\/12968"}],"wp:attachment":[{"href":"https:\/\/www.aungwinter.com\/fr\/wp-json\/wp\/v2\/media?parent=12960"}],"wp:term":[{"taxonomy":"product_brand","embeddable":true,"href":"https:\/\/www.aungwinter.com\/fr\/wp-json\/wp\/v2\/product_brand?post=12960"},{"taxonomy":"product_cat","embeddable":true,"href":"https:\/\/www.aungwinter.com\/fr\/wp-json\/wp\/v2\/product_cat?post=12960"},{"taxonomy":"product_tag","embeddable":true,"href":"https:\/\/www.aungwinter.com\/fr\/wp-json\/wp\/v2\/product_tag?post=12960"},{"taxonomy":"hf_cat_product","embeddable":true,"href":"https:\/\/www.aungwinter.com\/fr\/wp-json\/wp\/v2\/hf_cat_product?post=12960"}],"curies":[{"name":"wp","href":"https:\/\/api.w.org\/{rel}","templated":true}]}}