{"id":12975,"date":"2025-01-20T03:40:18","date_gmt":"2025-01-20T03:40:18","guid":{"rendered":"https:\/\/www.aungwinter.com\/?post_type=product&#038;p=12975"},"modified":"2025-01-20T03:46:40","modified_gmt":"2025-01-20T03:46:40","slug":"chapeau-reversible-en-tissu-eponge-bleu-marine-a-carreaux-unis-avec-logo-brode-personnalise","status":"publish","type":"product","link":"https:\/\/www.aungwinter.com\/fr\/product\/custom-embroidered-logo-plain-plaid-navy-terry-cloth-reversible-bucket-hat\/","title":{"rendered":"Chapeau r\u00e9versible en tissu \u00e9ponge bleu marine \u00e0 carreaux unis avec logo brod\u00e9 personnalis\u00e9"},"content":{"rendered":"<table style=\"border-collapse: collapse; width: 585.02pt;\" border=\"0\" width=\"780\" cellspacing=\"0\" cellpadding=\"0\">\n<tbody>\n<tr style=\"height: 33.00pt;\">\n<td class=\"et3\" style=\"height: 33.00pt; width: 204.00pt;\" width=\"272\" height=\"44\">Techniques<\/td>\n<td class=\"et4\" style=\"width: 381.00pt;\" width=\"508\">Broderie \u00e0 la machine, broderie 3D<\/td>\n<\/tr>\n<tr style=\"height: 41.00pt;\">\n<td class=\"et3\" style=\"height: 41.00pt;\" height=\"54\">Mat\u00e9riau<\/td>\n<td class=\"et4\" style=\"width: 381.00pt;\" width=\"508\">Serviette \u00e9ponge<\/td>\n<\/tr>\n<tr style=\"height: 33.00pt;\">\n<td class=\"et3\" style=\"height: 33.00pt;\" height=\"44\">M\u00e9thodes d'impression<\/td>\n<td class=\"et4\" style=\"width: 381.00pt;\" width=\"508\">Brod\u00e9<\/td>\n<\/tr>\n<tr style=\"height: 33.00pt;\">\n<td class=\"et3\" style=\"height: 33.00pt;\" height=\"44\">Type de motif<\/td>\n<td class=\"et4\" style=\"width: 381.00pt;\" width=\"508\">Feuille, lettre, plaid<\/td>\n<\/tr>\n<tr style=\"height: 33.00pt;\">\n<td class=\"et3\" style=\"height: 33.00pt;\" height=\"44\">Type de tissu<\/td>\n<td class=\"et4\" style=\"width: 381.00pt;\" width=\"508\">Toile, denim, velours c\u00f4tel\u00e9, tissu \u00e9ponge, jersey, velours<\/td>\n<\/tr>\n<tr style=\"height: 24.00pt;\">\n<td class=\"et3\" style=\"height: 24.00pt;\" height=\"32\">Style<\/td>\n<td class=\"et4\" style=\"width: 381.00pt;\" width=\"508\">D\u00e9contract\u00e9<\/td>\n<\/tr>\n<tr style=\"height: 36.00pt;\">\n<td class=\"et3\" style=\"height: 36.00pt;\" height=\"48\">Lieu d'origine<\/td>\n<td class=\"et4\" style=\"width: 381.00pt;\" width=\"508\">Guangdong, Chine<\/td>\n<\/tr>\n<tr style=\"height: 33.00pt;\">\n<td class=\"et3\" style=\"height: 33.00pt;\" height=\"44\">Saison applicable<\/td>\n<td class=\"et4\" style=\"width: 381.00pt;\" width=\"508\">Quatre saisons<\/td>\n<\/tr>\n<tr style=\"height: 33.00pt;\">\n<td class=\"et3\" style=\"height: 33.00pt;\" height=\"44\">Sc\u00e8ne applicable<\/td>\n<td class=\"et4\" style=\"width: 381.00pt;\" width=\"508\">Plage, D\u00e9contract\u00e9, Plein air, Voyage, Sports, Cyclisme, Shopping, P\u00eache, Ski, Quotidien, Voyages<\/td>\n<\/tr>\n<tr style=\"height: 33.00pt;\">\n<td class=\"et3\" style=\"height: 33.00pt;\" height=\"44\">Tranche d'\u00e2ge<\/td>\n<td class=\"et4\" style=\"width: 381.00pt;\" width=\"508\">Adultes<\/td>\n<\/tr>\n<tr style=\"height: 33.00pt;\">\n<td class=\"et3\" style=\"height: 33.00pt;\" height=\"44\">Genre<\/td>\n<td class=\"et4\" style=\"width: 381.00pt;\" width=\"508\">Femme<\/td>\n<\/tr>\n<tr style=\"height: 33.00pt;\">\n<td class=\"et3\" style=\"height: 33.00pt;\" height=\"44\">Nom de marque<\/td>\n<td class=\"et4\" style=\"width: 381.00pt;\" width=\"508\">Aungwinter<\/td>\n<\/tr>\n<tr style=\"height: 33.00pt;\">\n<td class=\"et3\" style=\"height: 33.00pt;\" height=\"44\">Num\u00e9ro de mod\u00e8le<\/td>\n<td class=\"et4\" style=\"width: 381.00pt;\" width=\"508\">AWB J-003<\/td>\n<\/tr>\n<tr style=\"height: 33.00pt;\">\n<td class=\"et3\" style=\"height: 33.00pt;\" height=\"44\">Fonctionnalit\u00e9<\/td>\n<td class=\"et4\" style=\"width: 381.00pt;\" width=\"508\">Tenue quotidienne<\/td>\n<\/tr>\n<tr style=\"height: 33.00pt;\">\n<td class=\"et3\" style=\"height: 33.00pt;\" height=\"44\">Logo<\/td>\n<td class=\"et4\" style=\"width: 381.00pt;\" width=\"508\">Logo personnalis\u00e9<\/td>\n<\/tr>\n<tr style=\"height: 33.00pt;\">\n<td class=\"et3\" style=\"height: 33.00pt;\" height=\"44\">Couleur<\/td>\n<td class=\"et4\" style=\"width: 381.00pt;\" width=\"508\">Couleurs personnalis\u00e9es<\/td>\n<\/tr>\n<tr style=\"height: 33.00pt;\">\n<td class=\"et2\" style=\"height: 33.00pt;\" height=\"44\">Utilisation<\/td>\n<td class=\"et2\">Quotidien<\/td>\n<\/tr>\n<tr style=\"height: 33.00pt;\">\n<td class=\"et2\" style=\"height: 33.00pt;\" height=\"44\">Conception<\/td>\n<td class=\"et2\">Conception personnalis\u00e9e<\/td>\n<\/tr>\n<tr style=\"height: 33.00pt;\">\n<td class=\"et2\" style=\"height: 33.00pt;\" height=\"44\">Type<\/td>\n<td class=\"et2\">Couvre-chefs pour adultes<\/td>\n<\/tr>\n<tr style=\"height: 33.00pt;\">\n<td class=\"et2\" style=\"height: 33.00pt;\" height=\"44\">Emballage<\/td>\n<td class=\"et2\">Carton<\/td>\n<\/tr>\n<tr style=\"height: 33.00pt;\">\n<td class=\"et2\" style=\"height: 33.00pt;\" height=\"44\">Fonctionnalit\u00e9<\/td>\n<td class=\"et2\">Respirant<\/td>\n<\/tr>\n<\/tbody>\n<\/table>","protected":false},"excerpt":{"rendered":"<p>Ce bob r\u00e9versible est confectionn\u00e9 dans un tissu \u00e9ponge doux et absorbant, avec un motif \u00e0 carreaux bleu marine classique. Il peut \u00eatre personnalis\u00e9 avec un logo brod\u00e9, offrant ainsi confort et polyvalence pour une tenue d\u00e9contract\u00e9e ou une utilisation en ext\u00e9rieur.<\/p>","protected":false},"featured_media":12980,"template":"","meta":{"_seopress_robots_primary_cat":"none","_seopress_titles_title":"","_seopress_titles_desc":"","_seopress_robots_index":"","_gspb_post_css":"","_jf_limit_responses":"","_jet_sm_ready_style":"","_jet_sm_style":"","_jet_sm_controls_values":"","_jet_sm_fonts_collection":"","_jet_sm_fonts_links":""},"product_brand":[],"product_cat":[68],"product_tag":[],"hf_cat_product":[],"class_list":{"0":"post-12975","1":"product","2":"type-product","3":"status-publish","4":"has-post-thumbnail","6":"product_cat-winter-bucket-hats","8":"first","9":"instock","10":"shipping-taxable","11":"product-type-simple"},"_links":{"self":[{"href":"https:\/\/www.aungwinter.com\/fr\/wp-json\/wp\/v2\/product\/12975","targetHints":{"allow":["GET"]}}],"collection":[{"href":"https:\/\/www.aungwinter.com\/fr\/wp-json\/wp\/v2\/product"}],"about":[{"href":"https:\/\/www.aungwinter.com\/fr\/wp-json\/wp\/v2\/types\/product"}],"wp:featuredmedia":[{"embeddable":true,"href":"https:\/\/www.aungwinter.com\/fr\/wp-json\/wp\/v2\/media\/12980"}],"wp:attachment":[{"href":"https:\/\/www.aungwinter.com\/fr\/wp-json\/wp\/v2\/media?parent=12975"}],"wp:term":[{"taxonomy":"product_brand","embeddable":true,"href":"https:\/\/www.aungwinter.com\/fr\/wp-json\/wp\/v2\/product_brand?post=12975"},{"taxonomy":"product_cat","embeddable":true,"href":"https:\/\/www.aungwinter.com\/fr\/wp-json\/wp\/v2\/product_cat?post=12975"},{"taxonomy":"product_tag","embeddable":true,"href":"https:\/\/www.aungwinter.com\/fr\/wp-json\/wp\/v2\/product_tag?post=12975"},{"taxonomy":"hf_cat_product","embeddable":true,"href":"https:\/\/www.aungwinter.com\/fr\/wp-json\/wp\/v2\/hf_cat_product?post=12975"}],"curies":[{"name":"wp","href":"https:\/\/api.w.org\/{rel}","templated":true}]}}