{"id":13040,"date":"2025-01-24T02:58:49","date_gmt":"2025-01-24T02:58:49","guid":{"rendered":"https:\/\/www.aungwinter.com\/?post_type=product&#038;p=13040"},"modified":"2025-09-01T09:05:38","modified_gmt":"2025-09-01T09:05:38","slug":"bonnet-dhiver-simple-a-oreillettes-brode-en-coton-acrylique-personnalise","status":"publish","type":"product","link":"https:\/\/www.aungwinter.com\/fr\/product\/custom-acrylic-cotton-embroidered-plain-earflap-winter-hat\/","title":{"rendered":"Bonnet d'hiver \u00e0 oreillettes uni brod\u00e9 en acrylique et coton personnalis\u00e9"},"content":{"rendered":"<table width=\"538\">\n<tbody>\n<tr>\n<td width=\"211\">Num\u00e9ro de mod\u00e8le<\/td>\n<td width=\"327\">We2410-11<\/td>\n<\/tr>\n<tr>\n<td>Tranche d'\u00e2ge<\/td>\n<td width=\"327\">\u00a0Adulte<\/td>\n<\/tr>\n<tr>\n<td>Style<\/td>\n<td width=\"327\">D\u00e9contract\u00e9 et tendance<\/td>\n<\/tr>\n<tr>\n<td>Quantit\u00e9 minimale de commande<\/td>\n<td width=\"327\">25 pi\u00e8ces\/style\/couleur<\/td>\n<\/tr>\n<tr>\n<td>Couleur<\/td>\n<td width=\"327\">Multicolore<\/td>\n<\/tr>\n<tr>\n<td>Mat\u00e9riau<\/td>\n<td width=\"327\">Acrylique et coton<\/td>\n<\/tr>\n<tr>\n<td>Cr\u00e9ation de logo<\/td>\n<td width=\"327\">Broderie<\/td>\n<\/tr>\n<tr>\n<td>Exemple de temps<\/td>\n<td width=\"327\">3 \u00e0 7 jours pour le style classique ou standard<\/td>\n<\/tr>\n<tr>\n<td>D\u00e9lai de livraison pour une commande d'\u00e9chantillons de 7 jours<\/td>\n<td width=\"327\">Assistance<\/td>\n<\/tr>\n<tr>\n<td>Lieu d'origine<\/td>\n<td width=\"327\">Shenzhen, Chine<\/td>\n<\/tr>\n<tr>\n<td>Gendor<\/td>\n<td width=\"327\">Unix<\/td>\n<\/tr>\n<tr>\n<td>Nom de marque<\/td>\n<td width=\"327\">Aungwinter<\/td>\n<\/tr>\n<\/tbody>\n<\/table>","protected":false},"excerpt":{"rendered":"<p>Le bonnet d'hiver est confectionn\u00e9 dans un m\u00e9lange doux d'acrylique et de coton pour plus de chaleur. Son design sobre est rehauss\u00e9 par de subtiles broderies et il est dot\u00e9 d'oreillettes fonctionnelles pour une protection accrue contre le froid.<\/p>","protected":false},"featured_media":13043,"template":"","meta":{"_seopress_robots_primary_cat":"none","_seopress_titles_title":"","_seopress_titles_desc":"","_seopress_robots_index":"","_gspb_post_css":"","_jf_limit_responses":"","_jet_sm_ready_style":"","_jet_sm_style":"","_jet_sm_controls_values":"","_jet_sm_fonts_collection":"","_jet_sm_fonts_links":""},"product_brand":[],"product_cat":[31],"product_tag":[],"hf_cat_product":[],"class_list":{"0":"post-13040","1":"product","2":"type-product","3":"status-publish","4":"has-post-thumbnail","6":"product_cat-earflap-hats","8":"first","9":"instock","10":"shipping-taxable","11":"product-type-simple"},"_links":{"self":[{"href":"https:\/\/www.aungwinter.com\/fr\/wp-json\/wp\/v2\/product\/13040","targetHints":{"allow":["GET"]}}],"collection":[{"href":"https:\/\/www.aungwinter.com\/fr\/wp-json\/wp\/v2\/product"}],"about":[{"href":"https:\/\/www.aungwinter.com\/fr\/wp-json\/wp\/v2\/types\/product"}],"wp:featuredmedia":[{"embeddable":true,"href":"https:\/\/www.aungwinter.com\/fr\/wp-json\/wp\/v2\/media\/13043"}],"wp:attachment":[{"href":"https:\/\/www.aungwinter.com\/fr\/wp-json\/wp\/v2\/media?parent=13040"}],"wp:term":[{"taxonomy":"product_brand","embeddable":true,"href":"https:\/\/www.aungwinter.com\/fr\/wp-json\/wp\/v2\/product_brand?post=13040"},{"taxonomy":"product_cat","embeddable":true,"href":"https:\/\/www.aungwinter.com\/fr\/wp-json\/wp\/v2\/product_cat?post=13040"},{"taxonomy":"product_tag","embeddable":true,"href":"https:\/\/www.aungwinter.com\/fr\/wp-json\/wp\/v2\/product_tag?post=13040"},{"taxonomy":"hf_cat_product","embeddable":true,"href":"https:\/\/www.aungwinter.com\/fr\/wp-json\/wp\/v2\/hf_cat_product?post=13040"}],"curies":[{"name":"wp","href":"https:\/\/api.w.org\/{rel}","templated":true}]}}