{"id":13069,"date":"2025-02-07T03:28:59","date_gmt":"2025-02-07T03:28:59","guid":{"rendered":"https:\/\/www.aungwinter.com\/?post_type=product&#038;p=13069"},"modified":"2025-02-07T03:30:33","modified_gmt":"2025-02-07T03:30:33","slug":"chapeau-bob-decontracte-a-fleurs-pour-femme-ideal-pour-lhiver-crochete","status":"publish","type":"product","link":"https:\/\/www.aungwinter.com\/fr\/product\/winter-women-flower-dome-casual-crocheted-bucket-hat\/","title":{"rendered":"Chapeau bob d\u00e9contract\u00e9 \u00e0 fleurs pour femme, id\u00e9al pour l'hiver, crochet\u00e9"},"content":{"rendered":"<table style=\"border-collapse: collapse; width: 585.02pt;\" border=\"0\" width=\"780\" cellspacing=\"0\" cellpadding=\"0\">\n<tbody>\n<tr style=\"height: 33.00pt;\">\n<td class=\"et2\" style=\"height: 33.00pt; width: 204.00pt;\" width=\"272\" height=\"44\">Techniques<\/td>\n<td class=\"et3\" style=\"width: 381.00pt;\" width=\"508\">Broderie floqu\u00e9e<\/td>\n<\/tr>\n<tr style=\"height: 33.00pt;\">\n<td class=\"et2\" style=\"height: 33.00pt;\" height=\"44\">Tour de t\u00eate<\/td>\n<td class=\"et3\" style=\"width: 381.00pt;\" width=\"508\">50-52 cm, 52-54 cm, 54-56 cm<\/td>\n<\/tr>\n<tr style=\"height: 33.00pt;\">\n<td class=\"et2\" style=\"height: 33.00pt;\" height=\"44\">Mat\u00e9riau<\/td>\n<td class=\"et3\" style=\"width: 381.00pt;\" width=\"508\">Polyester 100%<\/td>\n<\/tr>\n<tr style=\"height: 33.00pt;\">\n<td class=\"et2\" style=\"height: 33.00pt;\" height=\"44\">M\u00e9thodes d'impression<\/td>\n<td class=\"et3\" style=\"width: 381.00pt;\" width=\"508\">Aucun<\/td>\n<\/tr>\n<tr style=\"height: 33.00pt;\">\n<td class=\"et2\" style=\"height: 33.00pt;\" height=\"44\">Type de motif<\/td>\n<td class=\"et3\" style=\"width: 381.00pt;\" width=\"508\">Argyle<\/td>\n<\/tr>\n<tr style=\"height: 33.00pt;\">\n<td class=\"et2\" style=\"height: 33.00pt;\" height=\"44\">Type de tissu<\/td>\n<td class=\"et3\" style=\"width: 381.00pt;\" width=\"508\">Toile, non tiss\u00e9e<\/td>\n<\/tr>\n<tr style=\"height: 33.00pt;\">\n<td class=\"et2\" style=\"height: 33.00pt;\" height=\"44\">Position du logo<\/td>\n<td class=\"et3\" style=\"width: 381.00pt;\" width=\"508\">bord\/visi\u00e8re, panneau avant, panneau gauche, panneau droit, partie arri\u00e8re incurv\u00e9e<\/td>\n<\/tr>\n<tr style=\"height: 33.00pt;\">\n<td class=\"et2\" style=\"height: 33.00pt;\" height=\"44\">Style<\/td>\n<td class=\"et3\" style=\"width: 381.00pt;\" width=\"508\">Personnage<\/td>\n<\/tr>\n<tr style=\"height: 33.00pt;\">\n<td class=\"et2\" style=\"height: 33.00pt;\" height=\"44\">Lieu d'origine<\/td>\n<td class=\"et3\" style=\"width: 381.00pt;\" width=\"508\">Shenzhen, Chine<\/td>\n<\/tr>\n<tr style=\"height: 33.00pt;\">\n<td class=\"et2\" style=\"height: 33.00pt;\" height=\"44\">Saison applicable<\/td>\n<td class=\"et3\" style=\"width: 381.00pt;\" width=\"508\">Hiver<\/td>\n<\/tr>\n<tr style=\"height: 33.00pt;\">\n<td class=\"et2\" style=\"height: 33.00pt;\" height=\"44\">D\u00e9coration<\/td>\n<td class=\"et3\" style=\"width: 381.00pt;\" width=\"508\">Broderie<\/td>\n<\/tr>\n<tr style=\"height: 33.00pt;\">\n<td class=\"et2\" style=\"height: 33.00pt;\" height=\"44\">Sc\u00e8ne applicable<\/td>\n<td class=\"et3\" style=\"width: 381.00pt;\" width=\"508\">Plage, D\u00e9contract\u00e9, Plein air, Voyage, Sports, Cyclisme, Shopping, F\u00eate, Affaires, SKI, Quotidien, Voyages<\/td>\n<\/tr>\n<tr style=\"height: 33.00pt;\">\n<td class=\"et2\" style=\"height: 33.00pt;\" height=\"44\">Tranche d'\u00e2ge<\/td>\n<td class=\"et3\" style=\"width: 381.00pt;\" width=\"508\">Adultes<\/td>\n<\/tr>\n<tr style=\"height: 33.00pt;\">\n<td class=\"et2\" style=\"height: 33.00pt;\" height=\"44\">Genre<\/td>\n<td class=\"et3\" style=\"width: 381.00pt;\" width=\"508\">Unisexe<\/td>\n<\/tr>\n<tr style=\"height: 33.00pt;\">\n<td class=\"et2\" style=\"height: 33.00pt;\" height=\"44\">Nom de marque<\/td>\n<td class=\"et3\" style=\"width: 381.00pt;\" width=\"508\">Aungwinter<\/td>\n<\/tr>\n<tr style=\"height: 33.00pt;\">\n<td class=\"et2\" style=\"height: 33.00pt;\" height=\"44\">Num\u00e9ro de mod\u00e8le<\/td>\n<td class=\"et3\" style=\"width: 381.00pt;\" width=\"508\">AWB-MSK2022-1212-126<\/td>\n<\/tr>\n<tr style=\"height: 33.00pt;\">\n<td class=\"et2\" style=\"height: 33.00pt;\" height=\"44\">Fonctionnalit\u00e9<\/td>\n<td class=\"et3\" style=\"width: 381.00pt;\" width=\"508\">mode<\/td>\n<\/tr>\n<tr style=\"height: 33.00pt;\">\n<td style=\"height: 33.00pt;\" height=\"44\">Unit\u00e9s de vente :<\/td>\n<td>Article unique<\/td>\n<\/tr>\n<tr style=\"height: 33.00pt;\">\n<td style=\"height: 33.00pt;\" height=\"44\">Taille d'un seul emballage :<\/td>\n<td>28,5 x 17 x 18,5 cm<\/td>\n<\/tr>\n<tr style=\"height: 33.00pt;\">\n<td style=\"height: 33.00pt;\" height=\"44\">Poids brut unitaire :<\/td>\n<td>0,100 kg<\/td>\n<\/tr>\n<\/tbody>\n<\/table>","protected":false},"excerpt":{"rendered":"<p>Ce bob crochet\u00e9 allie un charmant motif floral \u00e0 un tissu crochet\u00e9 confortable, offrant un accessoire \u00e9l\u00e9gant et chaud pour les sorties hivernales d\u00e9contract\u00e9es.<\/p>","protected":false},"featured_media":13073,"template":"","meta":{"_seopress_robots_primary_cat":"none","_seopress_titles_title":"","_seopress_titles_desc":"","_seopress_robots_index":"","_gspb_post_css":"","_jf_limit_responses":"","_jet_sm_ready_style":"","_jet_sm_style":"","_jet_sm_controls_values":"","_jet_sm_fonts_collection":"","_jet_sm_fonts_links":""},"product_brand":[],"product_cat":[68],"product_tag":[],"hf_cat_product":[],"class_list":{"0":"post-13069","1":"product","2":"type-product","3":"status-publish","4":"has-post-thumbnail","6":"product_cat-winter-bucket-hats","8":"first","9":"instock","10":"shipping-taxable","11":"product-type-simple"},"_links":{"self":[{"href":"https:\/\/www.aungwinter.com\/fr\/wp-json\/wp\/v2\/product\/13069","targetHints":{"allow":["GET"]}}],"collection":[{"href":"https:\/\/www.aungwinter.com\/fr\/wp-json\/wp\/v2\/product"}],"about":[{"href":"https:\/\/www.aungwinter.com\/fr\/wp-json\/wp\/v2\/types\/product"}],"wp:featuredmedia":[{"embeddable":true,"href":"https:\/\/www.aungwinter.com\/fr\/wp-json\/wp\/v2\/media\/13073"}],"wp:attachment":[{"href":"https:\/\/www.aungwinter.com\/fr\/wp-json\/wp\/v2\/media?parent=13069"}],"wp:term":[{"taxonomy":"product_brand","embeddable":true,"href":"https:\/\/www.aungwinter.com\/fr\/wp-json\/wp\/v2\/product_brand?post=13069"},{"taxonomy":"product_cat","embeddable":true,"href":"https:\/\/www.aungwinter.com\/fr\/wp-json\/wp\/v2\/product_cat?post=13069"},{"taxonomy":"product_tag","embeddable":true,"href":"https:\/\/www.aungwinter.com\/fr\/wp-json\/wp\/v2\/product_tag?post=13069"},{"taxonomy":"hf_cat_product","embeddable":true,"href":"https:\/\/www.aungwinter.com\/fr\/wp-json\/wp\/v2\/hf_cat_product?post=13069"}],"curies":[{"name":"wp","href":"https:\/\/api.w.org\/{rel}","templated":true}]}}