{"id":13081,"date":"2025-02-10T06:51:30","date_gmt":"2025-02-10T06:51:30","guid":{"rendered":"https:\/\/www.aungwinter.com\/?post_type=product&#038;p=13081"},"modified":"2025-02-10T06:57:25","modified_gmt":"2025-02-10T06:57:25","slug":"chapeaux-dhiver-imprimes-multicolores-wwbh2410-011","status":"publish","type":"product","link":"https:\/\/www.aungwinter.com\/fr\/product\/multicolor-print-winter-bucket-hats-wwbh2410-011\/","title":{"rendered":"Chapeaux d'hiver multicolores imprim\u00e9s Wwbh2410-011"},"content":{"rendered":"<h3>D\u00e9tails sur les chapeaux d'hiver multicolores Wwbh2410-011<\/h3>\n<p>1. Tissu m\u00e9lang\u00e9 confortable : ces bobs imprim\u00e9s multicolores sont fabriqu\u00e9s \u00e0 partir de polyester et de coton de premi\u00e8re qualit\u00e9, qui sont durables, respirants et doux pour la peau.<\/p>\n<p>2. Bonnets d'hiver imprim\u00e9s multicolores : leur motif imprim\u00e9 multicolore rend nos bonnets d'hiver d\u00e9licats et en fait un choix id\u00e9al pour promouvoir votre marque avec aisance et \u00e9l\u00e9gance.<\/p>\n<p>3. Mod\u00e8le unique : nos bobs multicolores sont des mod\u00e8les uniques qui conviennent \u00e0 la plupart des gens et offrent une coupe universelle pour tous.<\/p>\n<p>4. Couleurs vives ou sobres : deux coloris sont disponibles. Notre bob color\u00e9 et vif ou notre bob bleu-violet sobre permettent tous deux de cr\u00e9er des styles et des looks diff\u00e9rents.<\/p>\n<p>5. Design personnalisable : nous pouvons fournir une base solide pour ces bonnets d'hiver chauds afin d'y imprimer ou broder n'importe quel motif ou logo. Tous peuvent \u00eatre personnalis\u00e9s selon vos besoins.<\/p>","protected":false},"excerpt":{"rendered":"<p><strong>ID :<\/strong> Wwbh2410-011<br \/>\n<strong>Taille :<\/strong> Adultes<br \/>\n<strong>Style :<\/strong> D\u00e9contract\u00e9 et tendance<br \/>\n<strong>Quantit\u00e9 minimale de commande :<\/strong> 25 pi\u00e8ces\/style\/couleur<br \/>\n<strong>Couleur :<\/strong> Multicolore<br \/>\n<strong>Mat\u00e9riau :<\/strong> Polyester et coton<br \/>\n<strong>Cr\u00e9ation de logo :<\/strong> Impression ou personnalisation<br \/>\n<strong>Exemple de dur\u00e9e :<\/strong> 3 \u00e0 7 jours pour le style classique ou standard<\/p>","protected":false},"featured_media":13088,"template":"","meta":{"_seopress_robots_primary_cat":"none","_seopress_titles_title":"","_seopress_titles_desc":"","_seopress_robots_index":"","_gspb_post_css":"","_jf_limit_responses":"","_jet_sm_ready_style":"","_jet_sm_style":"","_jet_sm_controls_values":"","_jet_sm_fonts_collection":"","_jet_sm_fonts_links":""},"product_brand":[],"product_cat":[68],"product_tag":[],"hf_cat_product":[],"class_list":{"0":"post-13081","1":"product","2":"type-product","3":"status-publish","4":"has-post-thumbnail","6":"product_cat-winter-bucket-hats","8":"first","9":"instock","10":"shipping-taxable","11":"product-type-simple"},"_links":{"self":[{"href":"https:\/\/www.aungwinter.com\/fr\/wp-json\/wp\/v2\/product\/13081","targetHints":{"allow":["GET"]}}],"collection":[{"href":"https:\/\/www.aungwinter.com\/fr\/wp-json\/wp\/v2\/product"}],"about":[{"href":"https:\/\/www.aungwinter.com\/fr\/wp-json\/wp\/v2\/types\/product"}],"wp:featuredmedia":[{"embeddable":true,"href":"https:\/\/www.aungwinter.com\/fr\/wp-json\/wp\/v2\/media\/13088"}],"wp:attachment":[{"href":"https:\/\/www.aungwinter.com\/fr\/wp-json\/wp\/v2\/media?parent=13081"}],"wp:term":[{"taxonomy":"product_brand","embeddable":true,"href":"https:\/\/www.aungwinter.com\/fr\/wp-json\/wp\/v2\/product_brand?post=13081"},{"taxonomy":"product_cat","embeddable":true,"href":"https:\/\/www.aungwinter.com\/fr\/wp-json\/wp\/v2\/product_cat?post=13081"},{"taxonomy":"product_tag","embeddable":true,"href":"https:\/\/www.aungwinter.com\/fr\/wp-json\/wp\/v2\/product_tag?post=13081"},{"taxonomy":"hf_cat_product","embeddable":true,"href":"https:\/\/www.aungwinter.com\/fr\/wp-json\/wp\/v2\/hf_cat_product?post=13081"}],"curies":[{"name":"wp","href":"https:\/\/api.w.org\/{rel}","templated":true}]}}