{"id":13179,"date":"2025-02-13T06:27:08","date_gmt":"2025-02-13T06:27:08","guid":{"rendered":"https:\/\/www.aungwinter.com\/?post_type=product&#038;p=13179"},"modified":"2025-08-27T01:25:09","modified_gmt":"2025-08-27T01:25:09","slug":"bonnet-tendance-avec-etiquette-tissee-en-acrylique-personnalisee-a-mailles-gaufrees","status":"publish","type":"product","link":"https:\/\/www.aungwinter.com\/fr\/product\/custom-acrylic-waffle-knit-woven-label-fashion-beanie\/","title":{"rendered":"Bonnet tendance personnalis\u00e9 avec \u00e9tiquette tiss\u00e9e en acrylique \u00e0 mailles gaufr\u00e9es"},"content":{"rendered":"<table width=\"651\">\n<tbody>\n<tr>\n<td width=\"234\">R\u00e9f\u00e9rence<\/td>\n<td width=\"417\">KN2103121<\/td>\n<\/tr>\n<tr>\n<td>Taille<\/td>\n<td width=\"417\">Adultes<\/td>\n<\/tr>\n<tr>\n<td>Style<\/td>\n<td width=\"417\">D\u00e9contract\u00e9 et tendance<\/td>\n<\/tr>\n<tr>\n<td>Quantit\u00e9 minimale de commande<\/td>\n<td width=\"417\">25 pi\u00e8ces\/style\/couleur<\/td>\n<\/tr>\n<tr>\n<td>Couleur<\/td>\n<td width=\"417\">Orange, jaune, vert militaire, noir<\/td>\n<\/tr>\n<tr>\n<td>Mat\u00e9riau :<\/td>\n<td width=\"417\">\u00a0Acrylique<\/td>\n<\/tr>\n<tr>\n<td>Cr\u00e9ation de logo :<\/td>\n<td width=\"417\">\u00c9tiquette tiss\u00e9e ou personnalis\u00e9e<\/td>\n<\/tr>\n<tr>\n<td>Exemple de temps<\/td>\n<td width=\"417\">3 \u00e0 7 jours pour le style classique ou standard<\/td>\n<\/tr>\n<tr>\n<td>Nom de marque<\/td>\n<td width=\"417\">Aungwinter<\/td>\n<\/tr>\n<tr>\n<td>Logo<\/td>\n<td width=\"417\">Logo personnalis\u00e9<\/td>\n<\/tr>\n<tr>\n<td>Temps d'\u00e9chantillonnage<\/td>\n<td width=\"417\">5 \u00e0 7 jours<\/td>\n<\/tr>\n<tr>\n<td>Paiement<\/td>\n<td width=\"417\">30 tonnes\/heure<\/td>\n<\/tr>\n<tr>\n<td>Origine<\/td>\n<td width=\"417\">Shenzhen, Chine<\/td>\n<\/tr>\n<tr>\n<td>Motif<\/td>\n<td width=\"417\">tricot\u00e9<\/td>\n<\/tr>\n<\/tbody>\n<\/table>","protected":false},"excerpt":{"rendered":"<p>Ce bonnet pr\u00e9sente un motif gaufr\u00e9 textur\u00e9 en acrylique doux et une \u00e9tiquette tiss\u00e9e personnalisable pour un style tendance et unique.<\/p>","protected":false},"featured_media":13185,"template":"","meta":{"_seopress_robots_primary_cat":"none","_seopress_titles_title":"","_seopress_titles_desc":"","_seopress_robots_index":"","_gspb_post_css":"","_jf_limit_responses":"","_jet_sm_ready_style":"","_jet_sm_style":"","_jet_sm_controls_values":"","_jet_sm_fonts_collection":"","_jet_sm_fonts_links":""},"product_brand":[],"product_cat":[65],"product_tag":[],"hf_cat_product":[],"class_list":{"0":"post-13179","1":"product","2":"type-product","3":"status-publish","4":"has-post-thumbnail","6":"product_cat-cuffed-beanies","8":"first","9":"instock","10":"shipping-taxable","11":"product-type-simple"},"_links":{"self":[{"href":"https:\/\/www.aungwinter.com\/fr\/wp-json\/wp\/v2\/product\/13179","targetHints":{"allow":["GET"]}}],"collection":[{"href":"https:\/\/www.aungwinter.com\/fr\/wp-json\/wp\/v2\/product"}],"about":[{"href":"https:\/\/www.aungwinter.com\/fr\/wp-json\/wp\/v2\/types\/product"}],"wp:featuredmedia":[{"embeddable":true,"href":"https:\/\/www.aungwinter.com\/fr\/wp-json\/wp\/v2\/media\/13185"}],"wp:attachment":[{"href":"https:\/\/www.aungwinter.com\/fr\/wp-json\/wp\/v2\/media?parent=13179"}],"wp:term":[{"taxonomy":"product_brand","embeddable":true,"href":"https:\/\/www.aungwinter.com\/fr\/wp-json\/wp\/v2\/product_brand?post=13179"},{"taxonomy":"product_cat","embeddable":true,"href":"https:\/\/www.aungwinter.com\/fr\/wp-json\/wp\/v2\/product_cat?post=13179"},{"taxonomy":"product_tag","embeddable":true,"href":"https:\/\/www.aungwinter.com\/fr\/wp-json\/wp\/v2\/product_tag?post=13179"},{"taxonomy":"hf_cat_product","embeddable":true,"href":"https:\/\/www.aungwinter.com\/fr\/wp-json\/wp\/v2\/hf_cat_product?post=13179"}],"curies":[{"name":"wp","href":"https:\/\/api.w.org\/{rel}","templated":true}]}}