{"id":13270,"date":"2025-02-14T08:17:40","date_gmt":"2025-02-14T08:17:40","guid":{"rendered":"https:\/\/www.aungwinter.com\/?post_type=product&#038;p=13270"},"modified":"2025-02-14T08:25:17","modified_gmt":"2025-02-14T08:25:17","slug":"chapeau-de-pecheur-pour-femme-tricote-chaud-automne-hiver","status":"publish","type":"product","link":"https:\/\/www.aungwinter.com\/fr\/product\/fashion-autumn-winter-warm-knitted-women-fisherman-hat\/","title":{"rendered":"Chapeau de p\u00eacheur pour femme, tricot\u00e9 chaud, automne-hiver"},"content":{"rendered":"<table width=\"780\">\n<tbody>\n<tr>\n<td width=\"272\">Techniques<\/td>\n<td width=\"508\">Broderie \u00e0 la machine<\/td>\n<\/tr>\n<tr>\n<td>Tour de t\u00eate<\/td>\n<td width=\"508\">56-58 cm<\/td>\n<\/tr>\n<tr>\n<td>Mat\u00e9riau<\/td>\n<td width=\"508\">\u00a0fibre acrylique<\/td>\n<\/tr>\n<tr>\n<td>M\u00e9thodes d'impression<\/td>\n<td width=\"508\">Aucun<\/td>\n<\/tr>\n<tr>\n<td>Type de motif<\/td>\n<td width=\"508\">Solide<\/td>\n<\/tr>\n<tr>\n<td>Type de tissu<\/td>\n<td width=\"508\">peign\u00e9<\/td>\n<\/tr>\n<tr>\n<td>Position du logo<\/td>\n<td width=\"508\">partie arri\u00e8re incurv\u00e9e<\/td>\n<\/tr>\n<tr>\n<td>Style<\/td>\n<td width=\"508\">Mode<\/td>\n<\/tr>\n<tr>\n<td>Lieu d'origine<\/td>\n<td width=\"508\">Guangdong, Chine<\/td>\n<\/tr>\n<tr>\n<td>Saison applicable<\/td>\n<td width=\"508\">Printemps et automne<\/td>\n<\/tr>\n<tr>\n<td>D\u00e9coration<\/td>\n<td width=\"508\">AUTRES<\/td>\n<\/tr>\n<tr>\n<td>Sc\u00e8ne applicable<\/td>\n<td width=\"508\">Plage, D\u00e9contract\u00e9, Plein air, Voyage, Sports, Cyclisme, Faire du shopping<\/td>\n<\/tr>\n<tr>\n<td>Tranche d'\u00e2ge<\/td>\n<td width=\"508\">Adultes<\/td>\n<\/tr>\n<tr>\n<td>Genre<\/td>\n<td>Femme<\/td>\n<\/tr>\n<tr>\n<td>Nom de marque<\/td>\n<td>Aungwinter<\/td>\n<\/tr>\n<tr>\n<td>Num\u00e9ro de mod\u00e8le<\/td>\n<td>AWB12<\/td>\n<\/tr>\n<tr>\n<td>Fonctionnalit\u00e9<\/td>\n<td>Restez au chaud<\/td>\n<\/tr>\n<tr>\n<td>Unit\u00e9s de vente<\/td>\n<td>Article unique<\/td>\n<\/tr>\n<tr>\n<td>Taille unique du paquet<\/td>\n<td>27 x 27 x 16 cm<\/td>\n<\/tr>\n<tr>\n<td>Poids brut unitaire<\/td>\n<td>0,150 kg<\/td>\n<\/tr>\n<\/tbody>\n<\/table>","protected":false},"excerpt":{"rendered":"<p>Ce bonnet de p\u00eacheur pour femme pr\u00e9sente un design tricot\u00e9 confortable, offrant chaleur et confort pendant les mois les plus froids, avec une forme de p\u00eacheur \u00e9l\u00e9gante qui compl\u00e8te les tenues d\u00e9contract\u00e9es et hivernales.<\/p>","protected":false},"featured_media":13278,"template":"","meta":{"_seopress_robots_primary_cat":"none","_seopress_titles_title":"","_seopress_titles_desc":"","_seopress_robots_index":"","_gspb_post_css":"","_jf_limit_responses":"","_jet_sm_ready_style":"","_jet_sm_style":"","_jet_sm_controls_values":"","_jet_sm_fonts_collection":"","_jet_sm_fonts_links":""},"product_brand":[],"product_cat":[29],"product_tag":[],"hf_cat_product":[],"class_list":{"0":"post-13270","1":"product","2":"type-product","3":"status-publish","4":"has-post-thumbnail","6":"product_cat-knit-bucket-hats","8":"first","9":"instock","10":"shipping-taxable","11":"product-type-simple"},"_links":{"self":[{"href":"https:\/\/www.aungwinter.com\/fr\/wp-json\/wp\/v2\/product\/13270","targetHints":{"allow":["GET"]}}],"collection":[{"href":"https:\/\/www.aungwinter.com\/fr\/wp-json\/wp\/v2\/product"}],"about":[{"href":"https:\/\/www.aungwinter.com\/fr\/wp-json\/wp\/v2\/types\/product"}],"wp:featuredmedia":[{"embeddable":true,"href":"https:\/\/www.aungwinter.com\/fr\/wp-json\/wp\/v2\/media\/13278"}],"wp:attachment":[{"href":"https:\/\/www.aungwinter.com\/fr\/wp-json\/wp\/v2\/media?parent=13270"}],"wp:term":[{"taxonomy":"product_brand","embeddable":true,"href":"https:\/\/www.aungwinter.com\/fr\/wp-json\/wp\/v2\/product_brand?post=13270"},{"taxonomy":"product_cat","embeddable":true,"href":"https:\/\/www.aungwinter.com\/fr\/wp-json\/wp\/v2\/product_cat?post=13270"},{"taxonomy":"product_tag","embeddable":true,"href":"https:\/\/www.aungwinter.com\/fr\/wp-json\/wp\/v2\/product_tag?post=13270"},{"taxonomy":"hf_cat_product","embeddable":true,"href":"https:\/\/www.aungwinter.com\/fr\/wp-json\/wp\/v2\/hf_cat_product?post=13270"}],"curies":[{"name":"wp","href":"https:\/\/api.w.org\/{rel}","templated":true}]}}