{"id":13544,"date":"2025-02-28T03:26:58","date_gmt":"2025-02-28T03:26:58","guid":{"rendered":"https:\/\/www.aungwinter.com\/?post_type=product&#038;p=13544"},"modified":"2025-09-03T01:33:05","modified_gmt":"2025-09-03T01:33:05","slug":"bonnet-en-coton-uni-personnalise-avec-logo-tisse","status":"publish","type":"product","link":"https:\/\/www.aungwinter.com\/fr\/product\/custom-cotton-plain-colored-woven-beanie-with-woven-label-logo\/","title":{"rendered":"Bonnet en coton uni personnalis\u00e9 avec logo tiss\u00e9"},"content":{"rendered":"<table style=\"border-collapse: collapse; width: 488.27pt;\" border=\"0\" width=\"651\" cellspacing=\"0\" cellpadding=\"0\">\n<tbody>\n<tr style=\"height: 33.00pt;\">\n<td class=\"et3\" style=\"height: 33.00pt; width: 175.50pt;\" width=\"234\" height=\"44\">R\u00e9f\u00e9rence<\/td>\n<td class=\"et2\" style=\"width: 312.75pt;\" width=\"417\">PB-FB0004<\/td>\n<\/tr>\n<tr style=\"height: 33.00pt;\">\n<td class=\"et3\" style=\"height: 33.00pt;\" height=\"44\">Taille<\/td>\n<td class=\"et2\" style=\"width: 312.75pt;\" width=\"417\">Adultes (largeur * hauteur : 22 * 25 cm\/8,66 * 9,84 pouces, longueur du revers : 7 cm\/2,76 pouces)<\/td>\n<\/tr>\n<tr style=\"height: 33.00pt;\">\n<td class=\"et3\" style=\"height: 33.00pt;\" height=\"44\">Style<\/td>\n<td class=\"et2\" style=\"width: 312.75pt;\" width=\"417\">D\u00e9contract\u00e9 et tendance<\/td>\n<\/tr>\n<tr style=\"height: 33.00pt;\">\n<td class=\"et3\" style=\"height: 33.00pt;\" height=\"44\">Quantit\u00e9 minimale de commande<\/td>\n<td class=\"et2\" style=\"width: 312.75pt;\" width=\"417\">25 pi\u00e8ces\/style\/couleur<\/td>\n<\/tr>\n<tr style=\"height: 33.00pt;\">\n<td class=\"et3\" style=\"height: 33.00pt;\" height=\"44\">Couleur<\/td>\n<td class=\"et2\" style=\"width: 312.75pt;\" width=\"417\">Multicolore<\/td>\n<\/tr>\n<tr style=\"height: 33.00pt;\">\n<td class=\"et3\" style=\"height: 33.00pt;\" height=\"44\">Mat\u00e9riau<\/td>\n<td class=\"et2\" style=\"width: 312.75pt;\" width=\"417\">100% Coton<\/td>\n<\/tr>\n<tr style=\"height: 33.00pt;\">\n<td class=\"et3\" style=\"height: 33.00pt;\" height=\"44\">Cr\u00e9ation de logo<\/td>\n<td class=\"et2\" style=\"width: 312.75pt;\" width=\"417\">\u00c9tiquette tiss\u00e9e ou personnalis\u00e9e<\/td>\n<\/tr>\n<tr style=\"height: 33.00pt;\">\n<td class=\"et3\" style=\"height: 33.00pt;\" height=\"44\">Exemple de temps<\/td>\n<td class=\"et2\" style=\"width: 312.75pt;\" width=\"417\">3 \u00e0 7 jours pour le style classique ou standard<\/td>\n<\/tr>\n<tr style=\"height: 33.00pt;\">\n<td style=\"height: 33.00pt;\" height=\"44\">Nom de marque<\/td>\n<td class=\"et2\" style=\"width: 312.75pt;\" width=\"417\">Aungwinter<\/td>\n<\/tr>\n<tr style=\"height: 33.00pt;\">\n<td style=\"height: 33.00pt;\" height=\"44\">Logo<\/td>\n<td class=\"et2\" style=\"width: 312.75pt;\" width=\"417\">Logo personnalis\u00e9<\/td>\n<\/tr>\n<tr style=\"height: 33.00pt;\">\n<td style=\"height: 33.00pt;\" height=\"44\">Temps d'\u00e9chantillonnage<\/td>\n<td class=\"et2\" style=\"width: 312.75pt;\" width=\"417\">5 \u00e0 7 jours<\/td>\n<\/tr>\n<tr style=\"height: 33.00pt;\">\n<td style=\"height: 33.00pt;\" height=\"44\">Paiement<\/td>\n<td class=\"et2\" style=\"width: 312.75pt;\" width=\"417\">30 tonnes\/heure<\/td>\n<\/tr>\n<tr style=\"height: 33.00pt;\">\n<td style=\"height: 33.00pt;\" height=\"44\">Origine<\/td>\n<td class=\"et2\" style=\"width: 312.75pt;\" width=\"417\">Shenzhen, Chine<\/td>\n<\/tr>\n<tr style=\"height: 33.00pt;\">\n<td style=\"height: 33.00pt;\" height=\"44\">Motif<\/td>\n<td class=\"et2\" style=\"width: 312.75pt;\" width=\"417\">tricot\u00e9<\/td>\n<\/tr>\n<\/tbody>\n<\/table>","protected":false},"excerpt":{"rendered":"<p>Le bonnet tiss\u00e9 personnalis\u00e9 est l\u00e9ger, respirant et en coton, avec un design simple de couleur unie, parfait pour un usage quotidien et une personnalisation sur mesure.<\/p>","protected":false},"featured_media":13549,"template":"","meta":{"_seopress_robots_primary_cat":"none","_seopress_titles_title":"","_seopress_titles_desc":"","_seopress_robots_index":"","_gspb_post_css":"","_jf_limit_responses":"","_jet_sm_ready_style":"","_jet_sm_style":"","_jet_sm_controls_values":"","_jet_sm_fonts_collection":"","_jet_sm_fonts_links":""},"product_brand":[],"product_cat":[65],"product_tag":[],"hf_cat_product":[],"class_list":{"0":"post-13544","1":"product","2":"type-product","3":"status-publish","4":"has-post-thumbnail","6":"product_cat-cuffed-beanies","8":"first","9":"instock","10":"shipping-taxable","11":"product-type-simple"},"_links":{"self":[{"href":"https:\/\/www.aungwinter.com\/fr\/wp-json\/wp\/v2\/product\/13544","targetHints":{"allow":["GET"]}}],"collection":[{"href":"https:\/\/www.aungwinter.com\/fr\/wp-json\/wp\/v2\/product"}],"about":[{"href":"https:\/\/www.aungwinter.com\/fr\/wp-json\/wp\/v2\/types\/product"}],"wp:featuredmedia":[{"embeddable":true,"href":"https:\/\/www.aungwinter.com\/fr\/wp-json\/wp\/v2\/media\/13549"}],"wp:attachment":[{"href":"https:\/\/www.aungwinter.com\/fr\/wp-json\/wp\/v2\/media?parent=13544"}],"wp:term":[{"taxonomy":"product_brand","embeddable":true,"href":"https:\/\/www.aungwinter.com\/fr\/wp-json\/wp\/v2\/product_brand?post=13544"},{"taxonomy":"product_cat","embeddable":true,"href":"https:\/\/www.aungwinter.com\/fr\/wp-json\/wp\/v2\/product_cat?post=13544"},{"taxonomy":"product_tag","embeddable":true,"href":"https:\/\/www.aungwinter.com\/fr\/wp-json\/wp\/v2\/product_tag?post=13544"},{"taxonomy":"hf_cat_product","embeddable":true,"href":"https:\/\/www.aungwinter.com\/fr\/wp-json\/wp\/v2\/hf_cat_product?post=13544"}],"curies":[{"name":"wp","href":"https:\/\/api.w.org\/{rel}","templated":true}]}}