{"id":13627,"date":"2025-09-05T08:51:17","date_gmt":"2025-09-05T08:51:17","guid":{"rendered":"https:\/\/www.aungwinter.com\/?post_type=product&#038;p=13627"},"modified":"2025-09-05T08:51:17","modified_gmt":"2025-09-05T08:51:17","slug":"echarpe-de-sport-a-franges-en-tricot-jacquard-de-coton-odm","status":"publish","type":"product","link":"https:\/\/www.aungwinter.com\/fr\/product\/odm-cotton-jacquard-knit-tassel-bar-sports-scarf\/","title":{"rendered":"\u00c9charpe de sport \u00e0 franges en tricot jacquard de coton ODM"},"content":{"rendered":"<table width=\"538\">\n<tbody>\n<tr>\n<td width=\"211\">Num\u00e9ro de mod\u00e8le<\/td>\n<td width=\"327\">Wa2410-03<\/td>\n<\/tr>\n<tr>\n<td>Tranche d'\u00e2ge<\/td>\n<td width=\"327\">Adulte<\/td>\n<\/tr>\n<tr>\n<td>Sc\u00e8ne applicable<\/td>\n<td width=\"327\">Voyages, plein air, sport, etc.<\/td>\n<\/tr>\n<tr>\n<td>Style<\/td>\n<td width=\"327\">D\u00e9contract\u00e9 et tendance<\/td>\n<\/tr>\n<tr>\n<td>Quantit\u00e9 minimale de commande<\/td>\n<td width=\"327\">25 pi\u00e8ces\/style\/couleur<\/td>\n<\/tr>\n<tr>\n<td>Couleur<\/td>\n<td width=\"327\">Multicolore<\/td>\n<\/tr>\n<tr>\n<td>Genre<\/td>\n<td width=\"327\">Unisexe<\/td>\n<\/tr>\n<tr>\n<td>Mat\u00e9riau<\/td>\n<td width=\"327\">Coton, tissu acrylique<\/td>\n<\/tr>\n<tr>\n<td>Cr\u00e9ation de logo<\/td>\n<td width=\"327\">Jacquard<\/td>\n<\/tr>\n<tr>\n<td>Exemple de temps<\/td>\n<td width=\"327\">3 \u00e0 7 jours pour le style classique ou standard<\/td>\n<\/tr>\n<tr>\n<td>Lieu d'origine<\/td>\n<td width=\"327\">Shenzhen, Chine<\/td>\n<\/tr>\n<tr>\n<td>Nom de marque<\/td>\n<td width=\"327\">Aungwinter<\/td>\n<\/tr>\n<tr>\n<td>Saison<\/td>\n<td width=\"327\">Hiver, automne, printemps<\/td>\n<\/tr>\n<tr>\n<td>Service<\/td>\n<td width=\"327\">Personnalis\u00e9 OEM ODM<\/td>\n<\/tr>\n<tr>\n<td>Emballage<\/td>\n<td width=\"327\">1 pi\u00e8ce\/sac OPP<\/td>\n<\/tr>\n<tr>\n<td>\u00c9tiquette<\/td>\n<td width=\"327\">Marque priv\u00e9e<\/td>\n<\/tr>\n<\/tbody>\n<\/table>","protected":false},"excerpt":{"rendered":"<p>L'\u00e9charpe est confectionn\u00e9e en coton respirant avec un tricot jacquard et des pompons, offrant une chaleur \u00e9l\u00e9gante et des motifs \u00e0 rayures personnalisables, id\u00e9aux pour les \u00e9quipes sportives et les v\u00eatements de supporters.<\/p>","protected":false},"featured_media":13634,"template":"","meta":{"_seopress_robots_primary_cat":"none","_seopress_titles_title":"","_seopress_titles_desc":"","_seopress_robots_index":"","_gspb_post_css":"","_jf_limit_responses":"","_jet_sm_ready_style":"","_jet_sm_style":"","_jet_sm_controls_values":"","_jet_sm_fonts_collection":"","_jet_sm_fonts_links":""},"product_brand":[],"product_cat":[28],"product_tag":[],"hf_cat_product":[],"class_list":{"0":"post-13627","1":"product","2":"type-product","3":"status-publish","4":"has-post-thumbnail","6":"product_cat-winter-accessories","8":"first","9":"instock","10":"shipping-taxable","11":"product-type-simple"},"_links":{"self":[{"href":"https:\/\/www.aungwinter.com\/fr\/wp-json\/wp\/v2\/product\/13627","targetHints":{"allow":["GET"]}}],"collection":[{"href":"https:\/\/www.aungwinter.com\/fr\/wp-json\/wp\/v2\/product"}],"about":[{"href":"https:\/\/www.aungwinter.com\/fr\/wp-json\/wp\/v2\/types\/product"}],"wp:featuredmedia":[{"embeddable":true,"href":"https:\/\/www.aungwinter.com\/fr\/wp-json\/wp\/v2\/media\/13634"}],"wp:attachment":[{"href":"https:\/\/www.aungwinter.com\/fr\/wp-json\/wp\/v2\/media?parent=13627"}],"wp:term":[{"taxonomy":"product_brand","embeddable":true,"href":"https:\/\/www.aungwinter.com\/fr\/wp-json\/wp\/v2\/product_brand?post=13627"},{"taxonomy":"product_cat","embeddable":true,"href":"https:\/\/www.aungwinter.com\/fr\/wp-json\/wp\/v2\/product_cat?post=13627"},{"taxonomy":"product_tag","embeddable":true,"href":"https:\/\/www.aungwinter.com\/fr\/wp-json\/wp\/v2\/product_tag?post=13627"},{"taxonomy":"hf_cat_product","embeddable":true,"href":"https:\/\/www.aungwinter.com\/fr\/wp-json\/wp\/v2\/hf_cat_product?post=13627"}],"curies":[{"name":"wp","href":"https:\/\/api.w.org\/{rel}","templated":true}]}}