{"id":13825,"date":"2025-03-17T04:10:13","date_gmt":"2025-03-17T04:10:13","guid":{"rendered":"https:\/\/www.aungwinter.com\/?post_type=product&#038;p=13825"},"modified":"2025-03-17T04:17:00","modified_gmt":"2025-03-17T04:17:00","slug":"casquettes-de-basket-ball-en-coton-uni-a-6-panneaux-avec-broderie","status":"publish","type":"product","link":"https:\/\/www.aungwinter.com\/fr\/product\/cotton-solid-color-6-panel-embroidery-cotton-basketball-caps\/","title":{"rendered":"Casquettes de basket-ball en coton uni \u00e0 6 panneaux avec broderie"},"content":{"rendered":"<table style=\"border-collapse: collapse; width: 585.02pt;\" border=\"0\" width=\"780\" cellspacing=\"0\" cellpadding=\"0\">\n<tbody>\n<tr style=\"height: 33.00pt;\">\n<td class=\"et2\" style=\"height: 33.00pt; width: 204.00pt;\" width=\"272\" height=\"44\">Mat\u00e9riau<\/td>\n<td class=\"et3\" style=\"width: 381.00pt;\" width=\"508\">100% Coton<\/td>\n<\/tr>\n<tr style=\"height: 33.00pt;\">\n<td class=\"et2\" style=\"height: 33.00pt;\" height=\"44\">Tour de t\u00eate<\/td>\n<td class=\"et3\" style=\"width: 381.00pt;\" width=\"508\">48-50 cm, 50-52 cm, 52-54 cm, 54-56 cm, 56-58 cm, 58-60 cm, 60-62 cm, &gt;62 cm, r\u00e9glable<\/td>\n<\/tr>\n<tr style=\"height: 32.00pt;\">\n<td class=\"et2\" style=\"height: 32.00pt;\" height=\"42\">Lieu d'origine<\/td>\n<td class=\"et3\" style=\"width: 381.00pt;\" width=\"508\">Guangdong, Chine<\/td>\n<\/tr>\n<tr style=\"height: 87.00pt;\">\n<td class=\"et2\" style=\"height: 87.00pt;\" height=\"116\">M\u00e9thodes d'impression<\/td>\n<td class=\"et3\" style=\"width: 381.00pt;\" width=\"508\">Impression par transfert sublimatique, impression num\u00e9rique, impression en relief, impression en caoutchouc en relief, impression floqu\u00e9e, impression gonfl\u00e9e, impression par rongeage, impression sur feuille m\u00e9tallique, impression paillet\u00e9e, impression lumineuse, dessin \u00e0 la main, impression num\u00e9rique, s\u00e9rigraphie, impression par transfert thermique, impression par transfert thermique direct sur v\u00eatements pr\u00eats \u00e0 porter, impression num\u00e9rique directe sur v\u00eatements pr\u00eats \u00e0 porter.<\/td>\n<\/tr>\n<tr style=\"height: 33.00pt;\">\n<td class=\"et2\" style=\"height: 33.00pt;\" height=\"44\">Techniques<\/td>\n<td class=\"et3\" style=\"width: 381.00pt;\" width=\"508\">S\u00e9rigraphie, impression par transfert thermique, broderie \u00e0 la machine, broderie \u00e0 la main, broderie sur tissu appliqu\u00e9, broderie 3D, broderie \u00e0 perles, broderie floqu\u00e9e.<\/td>\n<\/tr>\n<tr style=\"height: 33.00pt;\">\n<td class=\"et2\" style=\"height: 33.00pt;\" height=\"44\">Style<\/td>\n<td class=\"et3\" style=\"width: 381.00pt;\" width=\"508\">Mode, Sport, Formel, D\u00e9contract\u00e9, Hip Hop, Y2K<\/td>\n<\/tr>\n<tr style=\"height: 33.00pt;\">\n<td class=\"et2\" style=\"height: 33.00pt;\" height=\"44\">Type de motif<\/td>\n<td class=\"et3\" style=\"width: 381.00pt;\" width=\"508\">Animal, Argyle, N\u0153uds, Camouflage, Dessin anim\u00e9, Personnage, \u00c0 carreaux, Color Blocking, POINTS, Floral, Fruit<\/td>\n<\/tr>\n<tr style=\"height: 33.00pt;\">\n<td class=\"et2\" style=\"height: 33.00pt;\" height=\"44\">Saison applicable<\/td>\n<td class=\"et3\" style=\"width: 381.00pt;\" width=\"508\">Hiver, \u00e9t\u00e9, printemps et \u00e9t\u00e9, printemps et automne, quatre saisons<\/td>\n<\/tr>\n<tr style=\"height: 33.00pt;\">\n<td class=\"et2\" style=\"height: 33.00pt;\" height=\"44\">Type de tissu<\/td>\n<td class=\"et3\" style=\"width: 381.00pt;\" width=\"508\">Toile, velours, denim, velours c\u00f4tel\u00e9, chevrons, oxford<\/td>\n<\/tr>\n<tr style=\"height: 33.00pt;\">\n<td class=\"et2\" style=\"height: 33.00pt;\" height=\"44\">Sc\u00e8ne applicable<\/td>\n<td class=\"et3\" style=\"width: 381.00pt;\" width=\"508\">Sports, SKI, Voyages, plein air, D\u00e9contract\u00e9, F\u00eate, Plage, PERFORMANCE, PR\u00c9SENT, P\u00eache, Cyclisme, Shopping<\/td>\n<\/tr>\n<tr style=\"height: 33.00pt;\">\n<td class=\"et2\" style=\"height: 33.00pt;\" height=\"44\">Position du logo<\/td>\n<td class=\"et3\" style=\"width: 381.00pt;\" width=\"508\">bord\/visi\u00e8re, panneau avant, panneau gauche, panneau droit, partie arri\u00e8re incurv\u00e9e<\/td>\n<\/tr>\n<tr style=\"height: 33.00pt;\">\n<td class=\"et2\" style=\"height: 33.00pt;\" height=\"44\">Fermeture arri\u00e8re<\/td>\n<td class=\"et3\" style=\"width: 381.00pt;\" width=\"508\">Boucle en cuivre dor\u00e9<\/td>\n<\/tr>\n<tr style=\"height: 33.00pt;\">\n<td class=\"et2\" style=\"height: 33.00pt;\" height=\"44\">D\u00e9coration<\/td>\n<td class=\"et3\" style=\"width: 381.00pt;\" width=\"508\">Perle, bouton, dentelle, rivet, n\u0153ud, d\u00e9chir\u00e9<\/td>\n<\/tr>\n<tr style=\"height: 33.00pt;\">\n<td class=\"et2\" style=\"height: 33.00pt;\" height=\"44\">Nom de marque<\/td>\n<td class=\"et3\" style=\"width: 381.00pt;\" width=\"508\">Aungwinter<\/td>\n<\/tr>\n<tr style=\"height: 33.00pt;\">\n<td class=\"et2\" style=\"height: 33.00pt;\" height=\"44\">Num\u00e9ro de mod\u00e8le<\/td>\n<td class=\"et3\" style=\"width: 381.00pt;\" width=\"508\">AWK064<\/td>\n<\/tr>\n<tr style=\"height: 33.00pt;\">\n<td style=\"height: 33.00pt;\" height=\"44\">D\u00e9tection d'aiguilles<\/td>\n<td>Oui<\/td>\n<\/tr>\n<tr style=\"height: 33.00pt;\">\n<td style=\"height: 33.00pt;\" height=\"44\">Unit\u00e9s de vente :<\/td>\n<td>Article unique<\/td>\n<\/tr>\n<tr style=\"height: 33.00pt;\">\n<td style=\"height: 33.00pt;\" height=\"44\">Taille d'un seul emballage :<\/td>\n<td>35 x 20 x 18 cm<\/td>\n<\/tr>\n<tr style=\"height: 33.00pt;\">\n<td style=\"height: 33.00pt;\" height=\"44\">Poids brut unitaire :<\/td>\n<td>1 000 kg<\/td>\n<\/tr>\n<\/tbody>\n<\/table>","protected":false},"excerpt":{"rendered":"<p>Cette casquette de basket-ball pr\u00e9sente un design classique \u00e0 6 panneaux, fabriqu\u00e9e en coton doux pour plus de confort et de durabilit\u00e9, avec une broderie \u00e9l\u00e9gante et une couleur unie qui s'harmonise avec n'importe quel look d\u00e9contract\u00e9 ou sportif.<\/p>","protected":false},"featured_media":13830,"template":"","meta":{"_seopress_robots_primary_cat":"none","_seopress_titles_title":"","_seopress_titles_desc":"","_seopress_robots_index":"","_gspb_post_css":"","_jf_limit_responses":"","_jet_sm_ready_style":"","_jet_sm_style":"","_jet_sm_controls_values":"","_jet_sm_fonts_collection":"","_jet_sm_fonts_links":""},"product_brand":[],"product_cat":[69],"product_tag":[],"hf_cat_product":[],"class_list":{"0":"post-13825","1":"product","2":"type-product","3":"status-publish","4":"has-post-thumbnail","6":"product_cat-winter-baseabll-hats","8":"first","9":"instock","10":"shipping-taxable","11":"product-type-simple"},"_links":{"self":[{"href":"https:\/\/www.aungwinter.com\/fr\/wp-json\/wp\/v2\/product\/13825","targetHints":{"allow":["GET"]}}],"collection":[{"href":"https:\/\/www.aungwinter.com\/fr\/wp-json\/wp\/v2\/product"}],"about":[{"href":"https:\/\/www.aungwinter.com\/fr\/wp-json\/wp\/v2\/types\/product"}],"wp:featuredmedia":[{"embeddable":true,"href":"https:\/\/www.aungwinter.com\/fr\/wp-json\/wp\/v2\/media\/13830"}],"wp:attachment":[{"href":"https:\/\/www.aungwinter.com\/fr\/wp-json\/wp\/v2\/media?parent=13825"}],"wp:term":[{"taxonomy":"product_brand","embeddable":true,"href":"https:\/\/www.aungwinter.com\/fr\/wp-json\/wp\/v2\/product_brand?post=13825"},{"taxonomy":"product_cat","embeddable":true,"href":"https:\/\/www.aungwinter.com\/fr\/wp-json\/wp\/v2\/product_cat?post=13825"},{"taxonomy":"product_tag","embeddable":true,"href":"https:\/\/www.aungwinter.com\/fr\/wp-json\/wp\/v2\/product_tag?post=13825"},{"taxonomy":"hf_cat_product","embeddable":true,"href":"https:\/\/www.aungwinter.com\/fr\/wp-json\/wp\/v2\/hf_cat_product?post=13825"}],"curies":[{"name":"wp","href":"https:\/\/api.w.org\/{rel}","templated":true}]}}