{"id":13956,"date":"2025-03-19T08:06:30","date_gmt":"2025-03-19T08:06:30","guid":{"rendered":"https:\/\/www.aungwinter.com\/?post_type=product&#038;p=13956"},"modified":"2025-08-29T02:29:09","modified_gmt":"2025-08-29T02:29:09","slug":"bonnet-decontracte-en-tricot-torsade-rpet-personnalise","status":"publish","type":"product","link":"https:\/\/www.aungwinter.com\/fr\/product\/personalised-rpet-twisted-knit-casual-beanie\/","title":{"rendered":"Bonnet d\u00e9contract\u00e9 en tricot torsad\u00e9 rPET personnalis\u00e9"},"content":{"rendered":"<table style=\"border-collapse: collapse; width: 403.52pt;\" border=\"0\" width=\"538\" cellspacing=\"0\" cellpadding=\"0\">\n<tbody>\n<tr style=\"height: 39.00pt;\">\n<td style=\"height: 39.00pt; width: 158.25pt;\" width=\"211\" height=\"52\">Num\u00e9ro de mod\u00e8le<\/td>\n<td class=\"et2\" style=\"width: 245.25pt;\" width=\"327\">RP-BN03<\/td>\n<\/tr>\n<tr style=\"height: 37.00pt;\">\n<td style=\"height: 37.00pt;\" height=\"49\">Style<\/td>\n<td class=\"et2\" style=\"width: 245.25pt;\" width=\"327\">D\u00e9contract\u00e9 et tendance<\/td>\n<\/tr>\n<tr style=\"height: 37.00pt;\">\n<td style=\"height: 37.00pt;\" height=\"49\">Quantit\u00e9 minimale de commande<\/td>\n<td class=\"et2\" style=\"width: 245.25pt;\" width=\"327\">25 pi\u00e8ces\/style\/couleur<\/td>\n<\/tr>\n<tr style=\"height: 37.00pt;\">\n<td style=\"height: 37.00pt;\" height=\"49\">Couleur<\/td>\n<td class=\"et2\" style=\"width: 245.25pt;\" width=\"327\">Blanc, gris, bleu, rouge fonc\u00e9, bleu fonc\u00e9, noir<\/td>\n<\/tr>\n<tr style=\"height: 37.00pt;\">\n<td style=\"height: 37.00pt;\" height=\"49\">Mat\u00e9riau<\/td>\n<td class=\"et2\" style=\"width: 245.25pt;\" width=\"327\">100% rPET (polyester recycl\u00e9)<\/td>\n<\/tr>\n<tr style=\"height: 35.00pt;\">\n<td style=\"height: 35.00pt;\" height=\"46\">Cr\u00e9ation de logo<\/td>\n<td class=\"et2\" style=\"width: 245.25pt;\" width=\"327\">Personnalis\u00e9<\/td>\n<\/tr>\n<tr style=\"height: 37.00pt;\">\n<td style=\"height: 37.00pt;\" height=\"49\">Exemple de temps<\/td>\n<td class=\"et2\" style=\"width: 245.25pt;\" width=\"327\">3 \u00e0 7 jours pour le style classique ou standard<\/td>\n<\/tr>\n<tr style=\"height: 30.00pt;\">\n<td style=\"height: 30.00pt;\" height=\"40\">D\u00e9lai de livraison pour une commande d'\u00e9chantillons de 7 jours<\/td>\n<td class=\"et2\" style=\"width: 245.25pt;\" width=\"327\">Assistance<\/td>\n<\/tr>\n<tr style=\"height: 37.00pt;\">\n<td style=\"height: 37.00pt;\" height=\"49\">Lieu d'origine<\/td>\n<td class=\"et2\" style=\"width: 245.25pt;\" width=\"327\">Guangdong, Chine<\/td>\n<\/tr>\n<tr style=\"height: 37.00pt;\">\n<td style=\"height: 37.00pt;\" height=\"49\">Nom de marque<\/td>\n<td class=\"et2\" style=\"width: 245.25pt;\" width=\"327\">Aungwinter<\/td>\n<\/tr>\n<tr style=\"height: 37.00pt;\">\n<td style=\"height: 37.00pt;\" height=\"49\">Tranche d'\u00e2ge<\/td>\n<td class=\"et2\" style=\"width: 245.25pt;\" width=\"327\">Adultes<\/td>\n<\/tr>\n<tr style=\"height: 37.00pt;\">\n<td style=\"height: 37.00pt;\" height=\"49\">Genre<\/td>\n<td class=\"et2\" style=\"width: 245.25pt;\" width=\"327\">Unisexe<\/td>\n<\/tr>\n<\/tbody>\n<\/table>","protected":false},"excerpt":{"rendered":"<p>Le bonnet est fabriqu\u00e9 \u00e0 partir d'un mat\u00e9riau rPET \u00e9cologique. Il pr\u00e9sente un tricot torsad\u00e9 doux et un style d\u00e9contract\u00e9 qui peut \u00eatre personnalis\u00e9 pour un look unique.<\/p>","protected":false},"featured_media":13963,"template":"","meta":{"_seopress_robots_primary_cat":"none","_seopress_titles_title":"","_seopress_titles_desc":"","_seopress_robots_index":"","_gspb_post_css":"","_jf_limit_responses":"","_jet_sm_ready_style":"","_jet_sm_style":"","_jet_sm_controls_values":"","_jet_sm_fonts_collection":"","_jet_sm_fonts_links":""},"product_brand":[],"product_cat":[65],"product_tag":[],"hf_cat_product":[],"class_list":{"0":"post-13956","1":"product","2":"type-product","3":"status-publish","4":"has-post-thumbnail","6":"product_cat-cuffed-beanies","8":"first","9":"instock","10":"shipping-taxable","11":"product-type-simple"},"_links":{"self":[{"href":"https:\/\/www.aungwinter.com\/fr\/wp-json\/wp\/v2\/product\/13956","targetHints":{"allow":["GET"]}}],"collection":[{"href":"https:\/\/www.aungwinter.com\/fr\/wp-json\/wp\/v2\/product"}],"about":[{"href":"https:\/\/www.aungwinter.com\/fr\/wp-json\/wp\/v2\/types\/product"}],"wp:featuredmedia":[{"embeddable":true,"href":"https:\/\/www.aungwinter.com\/fr\/wp-json\/wp\/v2\/media\/13963"}],"wp:attachment":[{"href":"https:\/\/www.aungwinter.com\/fr\/wp-json\/wp\/v2\/media?parent=13956"}],"wp:term":[{"taxonomy":"product_brand","embeddable":true,"href":"https:\/\/www.aungwinter.com\/fr\/wp-json\/wp\/v2\/product_brand?post=13956"},{"taxonomy":"product_cat","embeddable":true,"href":"https:\/\/www.aungwinter.com\/fr\/wp-json\/wp\/v2\/product_cat?post=13956"},{"taxonomy":"product_tag","embeddable":true,"href":"https:\/\/www.aungwinter.com\/fr\/wp-json\/wp\/v2\/product_tag?post=13956"},{"taxonomy":"hf_cat_product","embeddable":true,"href":"https:\/\/www.aungwinter.com\/fr\/wp-json\/wp\/v2\/hf_cat_product?post=13956"}],"curies":[{"name":"wp","href":"https:\/\/api.w.org\/{rel}","templated":true}]}}