{"id":14178,"date":"2025-03-27T03:32:13","date_gmt":"2025-03-27T03:32:13","guid":{"rendered":"https:\/\/www.aungwinter.com\/?post_type=product&#038;p=14178"},"modified":"2025-03-27T03:46:34","modified_gmt":"2025-03-27T03:46:34","slug":"casquette-de-baseball-vintage-ajustable-a-6-panneaux-a-visiere-incurvee-couleur-unie-personnalisee","status":"publish","type":"product","link":"https:\/\/www.aungwinter.com\/fr\/product\/customized-curved-solid-color-brim-vintage-adjustable-6-panel-sports-baseball-hat\/","title":{"rendered":"Casquette de baseball vintage ajustable \u00e0 6 panneaux, \u00e0 visi\u00e8re incurv\u00e9e et couleur unie personnalis\u00e9e"},"content":{"rendered":"<table style=\"border-collapse: collapse; width: 585.02pt;\" border=\"0\" width=\"780\" cellspacing=\"0\" cellpadding=\"0\">\n<tbody>\n<tr style=\"height: 33.00pt;\">\n<td class=\"et2\" style=\"height: 33.00pt; width: 204.00pt;\" width=\"272\" height=\"44\">Style du panneau<\/td>\n<td class=\"et3\" style=\"width: 381.00pt;\" width=\"508\">Casquette \u00e0 6 panneaux<\/td>\n<\/tr>\n<tr style=\"height: 33.00pt;\">\n<td class=\"et2\" style=\"height: 33.00pt;\" height=\"44\">Mat\u00e9riau<\/td>\n<td class=\"et3\" style=\"width: 381.00pt;\" width=\"508\">Polyester\/coton<\/td>\n<\/tr>\n<tr style=\"height: 33.00pt;\">\n<td class=\"et2\" style=\"height: 33.00pt;\" height=\"44\">Lieu d'origine<\/td>\n<td class=\"et3\" style=\"width: 381.00pt;\" width=\"508\">Guangdong, Chine<\/td>\n<\/tr>\n<tr style=\"height: 32.00pt;\">\n<td class=\"et2\" style=\"height: 32.00pt;\" height=\"42\">M\u00e9thodes d'impression<\/td>\n<td class=\"et3\" style=\"width: 381.00pt;\" width=\"508\">Impression par transfert sublimatique, impression num\u00e9rique, gaufrage, impression en relief au caoutchouc<\/td>\n<\/tr>\n<tr style=\"height: 33.00pt;\">\n<td class=\"et2\" style=\"height: 33.00pt;\" height=\"44\">Techniques<\/td>\n<td class=\"et3\" style=\"width: 381.00pt;\" width=\"508\">S\u00e9rigraphie, impression par transfert thermique, broderie m\u00e9canique, broderie 3D<\/td>\n<\/tr>\n<tr style=\"height: 33.00pt;\">\n<td class=\"et2\" style=\"height: 33.00pt;\" height=\"44\">Style<\/td>\n<td class=\"et3\" style=\"width: 381.00pt;\" width=\"508\">Image, Mode, Sportif, D\u00e9contract\u00e9, Style urbain<\/td>\n<\/tr>\n<tr style=\"height: 33.00pt;\">\n<td class=\"et2\" style=\"height: 33.00pt;\" height=\"44\">Type de motif<\/td>\n<td class=\"et3\" style=\"width: 381.00pt;\" width=\"508\">Animal, Dessin anim\u00e9, Floral, Uni<\/td>\n<\/tr>\n<tr style=\"height: 33.00pt;\">\n<td class=\"et2\" style=\"height: 33.00pt;\" height=\"44\">Saison applicable<\/td>\n<td class=\"et3\" style=\"width: 381.00pt;\" width=\"508\">Quatre saisons<\/td>\n<\/tr>\n<tr style=\"height: 33.00pt;\">\n<td class=\"et2\" style=\"height: 33.00pt;\" height=\"44\">Type de tissu<\/td>\n<td class=\"et3\" style=\"width: 381.00pt;\" width=\"508\">Toile, denim, oxford, laine peign\u00e9e, popeline<\/td>\n<\/tr>\n<tr style=\"height: 33.00pt;\">\n<td class=\"et2\" style=\"height: 33.00pt;\" height=\"44\">Sc\u00e8ne applicable<\/td>\n<td class=\"et3\" style=\"width: 381.00pt;\" width=\"508\">Sports, SKI, Voyage, Plein air, D\u00e9contract\u00e9, F\u00eate, Plage, PERFORMANCE, CADEAU, Affaires, P\u00eache, Cyclisme, Shopping<\/td>\n<\/tr>\n<tr style=\"height: 33.00pt;\">\n<td class=\"et2\" style=\"height: 33.00pt;\" height=\"44\">Nom de marque<\/td>\n<td class=\"et3\" style=\"width: 381.00pt;\" width=\"508\">Aungwinter<\/td>\n<\/tr>\n<tr style=\"height: 33.00pt;\">\n<td class=\"et2\" style=\"height: 33.00pt;\" height=\"44\">Num\u00e9ro de mod\u00e8le<\/td>\n<td class=\"et3\" style=\"width: 381.00pt;\" width=\"508\">AWB121<\/td>\n<\/tr>\n<tr style=\"height: 33.00pt;\">\n<td class=\"et2\" style=\"height: 33.00pt;\" height=\"44\">Caract\u00e9ristique du tissu<\/td>\n<td class=\"et3\" style=\"width: 381.00pt;\" width=\"508\">COMMON<\/td>\n<\/tr>\n<tr style=\"height: 33.00pt;\">\n<td class=\"et2\" style=\"height: 33.00pt;\" height=\"44\">Genre<\/td>\n<td class=\"et3\" style=\"width: 381.00pt;\" width=\"508\">Unisexe<\/td>\n<\/tr>\n<tr style=\"height: 33.00pt;\">\n<td class=\"et2\" style=\"height: 33.00pt;\" height=\"44\">Tranche d'\u00e2ge<\/td>\n<td class=\"et3\" style=\"width: 381.00pt;\" width=\"508\">Adultes<\/td>\n<\/tr>\n<tr style=\"height: 33.00pt;\">\n<td class=\"et2\" style=\"height: 33.00pt;\" height=\"44\">Logo<\/td>\n<td class=\"et3\" style=\"width: 381.00pt;\" width=\"508\">Accepter un logo personnalis\u00e9<\/td>\n<\/tr>\n<tr style=\"height: 33.00pt;\">\n<td style=\"height: 33.00pt;\" height=\"44\">Nom du produit<\/td>\n<td>Casquette de baseball Casquette de sport<\/td>\n<\/tr>\n<tr style=\"height: 33.00pt;\">\n<td style=\"height: 33.00pt;\" height=\"44\">Mot-cl\u00e9<\/td>\n<td>Casquette de baseball ajustable<\/td>\n<\/tr>\n<tr style=\"height: 33.00pt;\">\n<td style=\"height: 33.00pt;\" height=\"44\">Couleur<\/td>\n<td>Couleurs personnalis\u00e9es<\/td>\n<\/tr>\n<tr style=\"height: 33.00pt;\">\n<td style=\"height: 33.00pt;\" height=\"44\">Tissu<\/td>\n<td>100% Coton\/polyester<\/td>\n<\/tr>\n<tr style=\"height: 33.00pt;\">\n<td style=\"height: 33.00pt;\" height=\"44\">Conception<\/td>\n<td>Conception personnalis\u00e9e<\/td>\n<\/tr>\n<tr style=\"height: 33.00pt;\">\n<td style=\"height: 33.00pt;\" height=\"44\">Utilisation<\/td>\n<td>Activit\u00e9s de plein air<\/td>\n<\/tr>\n<tr style=\"height: 33.00pt;\">\n<td style=\"height: 33.00pt;\" height=\"44\">Taille<\/td>\n<td>Taille adulte<\/td>\n<\/tr>\n<tr style=\"height: 33.00pt;\">\n<td style=\"height: 33.00pt;\" height=\"44\">Service<\/td>\n<td>OEM ODM Personnalis\u00e9<\/td>\n<\/tr>\n<tr style=\"height: 33.00pt;\">\n<td style=\"height: 33.00pt;\" height=\"44\">Fermeture arri\u00e8re<\/td>\n<td>Sangle r\u00e9glable<\/td>\n<\/tr>\n<tr style=\"height: 33.00pt;\">\n<td style=\"height: 33.00pt;\" height=\"44\">Unit\u00e9s de vente :<\/td>\n<td>Article unique<\/td>\n<\/tr>\n<tr style=\"height: 33.00pt;\">\n<td style=\"height: 33.00pt;\" height=\"44\">Taille d'un seul emballage :<\/td>\n<td>23 x 18 x 13 cm<\/td>\n<\/tr>\n<tr style=\"height: 33.00pt;\">\n<td style=\"height: 33.00pt;\" height=\"44\">Poids brut unitaire :<\/td>\n<td>0,200 kg<\/td>\n<\/tr>\n<\/tbody>\n<\/table>","protected":false},"excerpt":{"rendered":"<p>Cette casquette de baseball \u00e0 6 panneaux pr\u00e9sente un design classique avec une visi\u00e8re incurv\u00e9e, une sangle r\u00e9glable pour un ajustement personnalis\u00e9 et une construction durable \u00e0 6 panneaux, ce qui la rend id\u00e9ale pour allier style et confort lors d'activit\u00e9s en plein air.<\/p>","protected":false},"featured_media":14198,"template":"","meta":{"_seopress_robots_primary_cat":"none","_seopress_titles_title":"","_seopress_titles_desc":"","_seopress_robots_index":"","_gspb_post_css":"","_jf_limit_responses":"","_jet_sm_ready_style":"","_jet_sm_style":"","_jet_sm_controls_values":"","_jet_sm_fonts_collection":"","_jet_sm_fonts_links":""},"product_brand":[],"product_cat":[69],"product_tag":[],"hf_cat_product":[],"class_list":{"0":"post-14178","1":"product","2":"type-product","3":"status-publish","4":"has-post-thumbnail","6":"product_cat-winter-baseabll-hats","8":"first","9":"instock","10":"shipping-taxable","11":"product-type-simple"},"_links":{"self":[{"href":"https:\/\/www.aungwinter.com\/fr\/wp-json\/wp\/v2\/product\/14178","targetHints":{"allow":["GET"]}}],"collection":[{"href":"https:\/\/www.aungwinter.com\/fr\/wp-json\/wp\/v2\/product"}],"about":[{"href":"https:\/\/www.aungwinter.com\/fr\/wp-json\/wp\/v2\/types\/product"}],"wp:featuredmedia":[{"embeddable":true,"href":"https:\/\/www.aungwinter.com\/fr\/wp-json\/wp\/v2\/media\/14198"}],"wp:attachment":[{"href":"https:\/\/www.aungwinter.com\/fr\/wp-json\/wp\/v2\/media?parent=14178"}],"wp:term":[{"taxonomy":"product_brand","embeddable":true,"href":"https:\/\/www.aungwinter.com\/fr\/wp-json\/wp\/v2\/product_brand?post=14178"},{"taxonomy":"product_cat","embeddable":true,"href":"https:\/\/www.aungwinter.com\/fr\/wp-json\/wp\/v2\/product_cat?post=14178"},{"taxonomy":"product_tag","embeddable":true,"href":"https:\/\/www.aungwinter.com\/fr\/wp-json\/wp\/v2\/product_tag?post=14178"},{"taxonomy":"hf_cat_product","embeddable":true,"href":"https:\/\/www.aungwinter.com\/fr\/wp-json\/wp\/v2\/hf_cat_product?post=14178"}],"curies":[{"name":"wp","href":"https:\/\/api.w.org\/{rel}","templated":true}]}}