{"id":14308,"date":"2025-04-07T03:24:56","date_gmt":"2025-04-07T03:24:56","guid":{"rendered":"https:\/\/www.aungwinter.com\/?post_type=product&#038;p=14308"},"modified":"2025-04-07T04:00:14","modified_gmt":"2025-04-07T04:00:14","slug":"masque-integral-tricote-sur-mesure-en-polyester-vieilli-vendu-en-gros","status":"publish","type":"product","link":"https:\/\/www.aungwinter.com\/fr\/product\/wholesale-custom-knitted-full-face-mask-distressed-polyester-balaclava\/","title":{"rendered":"Masque int\u00e9gral tricot\u00e9 sur mesure en polyester vieilli, vendu en gros"},"content":{"rendered":"<table style=\"border-collapse: collapse; width: 585.02pt;\" border=\"0\" width=\"780\" cellspacing=\"0\" cellpadding=\"0\">\n<tbody>\n<tr style=\"height: 33.00pt;\">\n<td class=\"et2\" style=\"height: 33.00pt; width: 204.00pt;\" width=\"272\" height=\"44\">Mat\u00e9riau<\/td>\n<td class=\"et3\" style=\"width: 381.00pt;\" width=\"508\">Polyester 100%<\/td>\n<\/tr>\n<tr style=\"height: 33.00pt;\">\n<td class=\"et2\" style=\"height: 33.00pt;\" height=\"44\">Techniques<\/td>\n<td class=\"et3\" style=\"width: 381.00pt;\" width=\"508\">S\u00e9rigraphie<\/td>\n<\/tr>\n<tr style=\"height: 33.00pt;\">\n<td class=\"et2\" style=\"height: 33.00pt;\" height=\"44\">Tour de t\u00eate<\/td>\n<td class=\"et3\" style=\"width: 381.00pt;\" width=\"508\">R\u00e9glable<\/td>\n<\/tr>\n<tr style=\"height: 33.00pt;\">\n<td class=\"et2\" style=\"height: 33.00pt;\" height=\"44\">Lieu d'origine<\/td>\n<td class=\"et3\" style=\"width: 381.00pt;\" width=\"508\">Guangdong, Chine<\/td>\n<\/tr>\n<tr style=\"height: 33.00pt;\">\n<td class=\"et2\" style=\"height: 33.00pt;\" height=\"44\">M\u00e9thodes d'impression<\/td>\n<td class=\"et3\" style=\"width: 381.00pt;\" width=\"508\">Impression num\u00e9rique<\/td>\n<\/tr>\n<tr style=\"height: 33.00pt;\">\n<td class=\"et2\" style=\"height: 33.00pt;\" height=\"44\">Sc\u00e8ne applicable<\/td>\n<td class=\"et3\" style=\"width: 381.00pt;\" width=\"508\">Sports, voyages, plein air<\/td>\n<\/tr>\n<tr style=\"height: 33.00pt;\">\n<td class=\"et2\" style=\"height: 33.00pt;\" height=\"44\">Nom de marque<\/td>\n<td class=\"et3\" style=\"width: 381.00pt;\" width=\"508\">Aungwinter<\/td>\n<\/tr>\n<tr style=\"height: 33.00pt;\">\n<td class=\"et2\" style=\"height: 33.00pt;\" height=\"44\">Num\u00e9ro de mod\u00e8le<\/td>\n<td class=\"et3\" style=\"width: 381.00pt;\" width=\"508\">Comme sur la photo<\/td>\n<\/tr>\n<tr style=\"height: 33.00pt;\">\n<td class=\"et2\" style=\"height: 33.00pt;\" height=\"44\">Caract\u00e9ristique du tissu<\/td>\n<td class=\"et3\" style=\"width: 381.00pt;\" width=\"508\">COMMON<\/td>\n<\/tr>\n<tr style=\"height: 33.00pt;\">\n<td class=\"et2\" style=\"height: 33.00pt;\" height=\"44\">Genre<\/td>\n<td class=\"et3\" style=\"width: 381.00pt;\" width=\"508\">Unisexe<\/td>\n<\/tr>\n<tr style=\"height: 33.00pt;\">\n<td class=\"et2\" style=\"height: 33.00pt;\" height=\"44\">Tranche d'\u00e2ge<\/td>\n<td class=\"et3\" style=\"width: 381.00pt;\" width=\"508\">Adultes<\/td>\n<\/tr>\n<tr style=\"height: 33.00pt;\">\n<td class=\"et2\" style=\"height: 33.00pt;\" height=\"44\">Couleur<\/td>\n<td class=\"et3\" style=\"width: 381.00pt;\" width=\"508\">7 couleurs, personnalisation possible, photo illustr\u00e9e<\/td>\n<\/tr>\n<tr style=\"height: 33.00pt;\">\n<td style=\"height: 33.00pt;\" height=\"44\">Logo<\/td>\n<td>Logo personnalis\u00e9 Accept\u00e9<\/td>\n<\/tr>\n<tr style=\"height: 33.00pt;\">\n<td style=\"height: 33.00pt;\" height=\"44\">Utilisation<\/td>\n<td>Se tenir au chaud, activit\u00e9s de plein air, vie quotidienne<\/td>\n<\/tr>\n<tr style=\"height: 33.00pt;\">\n<td style=\"height: 33.00pt;\" height=\"44\">Paquet<\/td>\n<td>1 pi\u00e8ce\/sac OPP, 50-100 pi\u00e8ces\/carton<\/td>\n<\/tr>\n<tr style=\"height: 33.00pt;\">\n<td style=\"height: 33.00pt;\" height=\"44\">Conception<\/td>\n<td>\u00c0 la mode, conceptions OEM ODM, conceptions personnalis\u00e9es<\/td>\n<\/tr>\n<tr style=\"height: 33.00pt;\">\n<td style=\"height: 33.00pt;\" height=\"44\">Saison<\/td>\n<td>Printemps Automne Hiver<\/td>\n<\/tr>\n<tr style=\"height: 33.00pt;\">\n<td style=\"height: 33.00pt;\" height=\"44\">Taille unique du paquet<\/td>\n<td>10 x 10 x 5 cm<\/td>\n<\/tr>\n<tr style=\"height: 33.00pt;\">\n<td style=\"height: 33.00pt;\" height=\"44\">Poids brut unitaire<\/td>\n<td>0,180 kg<\/td>\n<\/tr>\n<tr style=\"height: 33.00pt;\">\n<td style=\"height: 33.00pt;\" height=\"44\">Unit\u00e9s de vente :<\/td>\n<td>Article unique<\/td>\n<\/tr>\n<tr style=\"height: 33.00pt;\">\n<td style=\"height: 33.00pt;\" height=\"44\">Taille d'un seul emballage :<\/td>\n<td>25 x 20 x 10 cm<\/td>\n<\/tr>\n<tr style=\"height: 33.00pt;\">\n<td style=\"height: 33.00pt;\" height=\"44\">Poids brut unitaire :<\/td>\n<td>0,500 kg<\/td>\n<\/tr>\n<\/tbody>\n<\/table>","protected":false},"excerpt":{"rendered":"<p>La cagoule en polyester offre un design durable, respirant et confortable, parfait pour prot\u00e9ger tout le visage tout en arborant un look us\u00e9 \u00e9l\u00e9gant.<\/p>","protected":false},"featured_media":14316,"template":"","meta":{"_seopress_robots_primary_cat":"none","_seopress_titles_title":"","_seopress_titles_desc":"","_seopress_robots_index":"","_gspb_post_css":"","_jf_limit_responses":"","_jet_sm_ready_style":"","_jet_sm_style":"","_jet_sm_controls_values":"","_jet_sm_fonts_collection":"","_jet_sm_fonts_links":""},"product_brand":[],"product_cat":[24],"product_tag":[],"hf_cat_product":[],"class_list":{"0":"post-14308","1":"product","2":"type-product","3":"status-publish","4":"has-post-thumbnail","6":"product_cat-balaclavas","8":"first","9":"instock","10":"shipping-taxable","11":"product-type-simple"},"_links":{"self":[{"href":"https:\/\/www.aungwinter.com\/fr\/wp-json\/wp\/v2\/product\/14308","targetHints":{"allow":["GET"]}}],"collection":[{"href":"https:\/\/www.aungwinter.com\/fr\/wp-json\/wp\/v2\/product"}],"about":[{"href":"https:\/\/www.aungwinter.com\/fr\/wp-json\/wp\/v2\/types\/product"}],"wp:featuredmedia":[{"embeddable":true,"href":"https:\/\/www.aungwinter.com\/fr\/wp-json\/wp\/v2\/media\/14316"}],"wp:attachment":[{"href":"https:\/\/www.aungwinter.com\/fr\/wp-json\/wp\/v2\/media?parent=14308"}],"wp:term":[{"taxonomy":"product_brand","embeddable":true,"href":"https:\/\/www.aungwinter.com\/fr\/wp-json\/wp\/v2\/product_brand?post=14308"},{"taxonomy":"product_cat","embeddable":true,"href":"https:\/\/www.aungwinter.com\/fr\/wp-json\/wp\/v2\/product_cat?post=14308"},{"taxonomy":"product_tag","embeddable":true,"href":"https:\/\/www.aungwinter.com\/fr\/wp-json\/wp\/v2\/product_tag?post=14308"},{"taxonomy":"hf_cat_product","embeddable":true,"href":"https:\/\/www.aungwinter.com\/fr\/wp-json\/wp\/v2\/hf_cat_product?post=14308"}],"curies":[{"name":"wp","href":"https:\/\/api.w.org\/{rel}","templated":true}]}}