{"id":14319,"date":"2025-04-09T07:47:37","date_gmt":"2025-04-09T07:47:37","guid":{"rendered":"https:\/\/www.aungwinter.com\/?post_type=product&#038;p=14319"},"modified":"2025-04-09T07:59:23","modified_gmt":"2025-04-09T07:59:23","slug":"cagoule-integrale-en-acrylique-impermeable-au-vent-pour-cyclisme-vendue-en-gros","status":"publish","type":"product","link":"https:\/\/www.aungwinter.com\/fr\/product\/wholesale-acrylic-windproof-cycling-full-face-balaclava\/","title":{"rendered":"Cagoule int\u00e9grale en acrylique coupe-vent pour cyclisme, vente en gros"},"content":{"rendered":"<table width=\"780\">\n<tbody>\n<tr>\n<td width=\"272\">Mat\u00e9riau<\/td>\n<td width=\"508\">100% Acrylique<\/td>\n<\/tr>\n<tr>\n<td>Techniques<\/td>\n<td width=\"508\">S\u00e9rigraphie<\/td>\n<\/tr>\n<tr>\n<td>Tour de t\u00eate<\/td>\n<td width=\"508\">R\u00e9glable<\/td>\n<\/tr>\n<tr>\n<td>Lieu d'origine<\/td>\n<td width=\"508\">Guangdong, Chine<\/td>\n<\/tr>\n<tr>\n<td>M\u00e9thodes d'impression<\/td>\n<td width=\"508\">Impression par transfert sublimatique, impression num\u00e9rique, gaufrage, impression en relief au caoutchouc, impression floqu\u00e9e, impression en relief, impression par rongeage, impression sur feuille m\u00e9tallique, impression paillet\u00e9e, impression lumineuse, dessin \u00e0 la main<\/td>\n<\/tr>\n<tr>\n<td>Sc\u00e8ne applicable<\/td>\n<td width=\"508\">Sports, ski, voyages, activit\u00e9s de plein air, quotidien, d\u00e9contract\u00e9, f\u00eates, affaires, p\u00eache, cyclisme, shopping, voyages, usage domestique<\/td>\n<\/tr>\n<tr>\n<td>Nom de marque<\/td>\n<td width=\"508\">Aungwinter<\/td>\n<\/tr>\n<tr>\n<td>Num\u00e9ro de mod\u00e8le<\/td>\n<td width=\"508\">AWB-24-8072<\/td>\n<\/tr>\n<tr>\n<td>Caract\u00e9ristique du tissu<\/td>\n<td width=\"508\">COMMON<\/td>\n<\/tr>\n<tr>\n<td>Genre<\/td>\n<td width=\"508\">Unisexe<\/td>\n<\/tr>\n<tr>\n<td>Tranche d'\u00e2ge<\/td>\n<td width=\"508\">Adultes<\/td>\n<\/tr>\n<tr>\n<td>Style<\/td>\n<td width=\"508\">Image<\/td>\n<\/tr>\n<tr>\n<td>mots cl\u00e9s<\/td>\n<td width=\"508\">cagoule<\/td>\n<\/tr>\n<tr>\n<td>Nom du produit<\/td>\n<td width=\"508\">cagoule int\u00e9grale en tricot coupe-vent<\/td>\n<\/tr>\n<tr>\n<td>Couleur<\/td>\n<td>7 couleurs, personnalisation possible, photo illustr\u00e9e<\/td>\n<\/tr>\n<tr>\n<td>Logo<\/td>\n<td>Logo personnalis\u00e9 Accept\u00e9<\/td>\n<\/tr>\n<tr>\n<td>Utilisation<\/td>\n<td>Se tenir au chaud, activit\u00e9s de plein air, vie quotidienne<\/td>\n<\/tr>\n<tr>\n<td>Paquet<\/td>\n<td>1 pi\u00e8ce\/sac OPP, 50-100 pi\u00e8ces\/carton<\/td>\n<\/tr>\n<tr>\n<td>Conception<\/td>\n<td>\u00c0 la mode, conceptions OEM ODM, conceptions personnalis\u00e9es<\/td>\n<\/tr>\n<tr>\n<td>Saison<\/td>\n<td>Printemps Automne Hiver<\/td>\n<\/tr>\n<tr>\n<td>Taille unique du paquet<\/td>\n<td>20 x 20 x 5 cm<\/td>\n<\/tr>\n<tr>\n<td>Poids brut unitaire<\/td>\n<td>0,150 kg<\/td>\n<\/tr>\n<\/tbody>\n<\/table>","protected":false},"excerpt":{"rendered":"<p>La cagoule est fabriqu\u00e9e dans un mat\u00e9riau acrylique doux, con\u00e7u pour prot\u00e9ger du vent et du froid, et offre une couverture compl\u00e8te du visage aux cyclistes dans des conditions m\u00e9t\u00e9orologiques difficiles.<\/p>","protected":false},"featured_media":14322,"template":"","meta":{"_seopress_robots_primary_cat":"none","_seopress_titles_title":"","_seopress_titles_desc":"","_seopress_robots_index":"","_gspb_post_css":"","_jf_limit_responses":"","_jet_sm_ready_style":"","_jet_sm_style":"","_jet_sm_controls_values":"","_jet_sm_fonts_collection":"","_jet_sm_fonts_links":""},"product_brand":[],"product_cat":[24],"product_tag":[],"hf_cat_product":[],"class_list":{"0":"post-14319","1":"product","2":"type-product","3":"status-publish","4":"has-post-thumbnail","6":"product_cat-balaclavas","8":"first","9":"instock","10":"shipping-taxable","11":"product-type-simple"},"_links":{"self":[{"href":"https:\/\/www.aungwinter.com\/fr\/wp-json\/wp\/v2\/product\/14319","targetHints":{"allow":["GET"]}}],"collection":[{"href":"https:\/\/www.aungwinter.com\/fr\/wp-json\/wp\/v2\/product"}],"about":[{"href":"https:\/\/www.aungwinter.com\/fr\/wp-json\/wp\/v2\/types\/product"}],"wp:featuredmedia":[{"embeddable":true,"href":"https:\/\/www.aungwinter.com\/fr\/wp-json\/wp\/v2\/media\/14322"}],"wp:attachment":[{"href":"https:\/\/www.aungwinter.com\/fr\/wp-json\/wp\/v2\/media?parent=14319"}],"wp:term":[{"taxonomy":"product_brand","embeddable":true,"href":"https:\/\/www.aungwinter.com\/fr\/wp-json\/wp\/v2\/product_brand?post=14319"},{"taxonomy":"product_cat","embeddable":true,"href":"https:\/\/www.aungwinter.com\/fr\/wp-json\/wp\/v2\/product_cat?post=14319"},{"taxonomy":"product_tag","embeddable":true,"href":"https:\/\/www.aungwinter.com\/fr\/wp-json\/wp\/v2\/product_tag?post=14319"},{"taxonomy":"hf_cat_product","embeddable":true,"href":"https:\/\/www.aungwinter.com\/fr\/wp-json\/wp\/v2\/hf_cat_product?post=14319"}],"curies":[{"name":"wp","href":"https:\/\/api.w.org\/{rel}","templated":true}]}}