{"id":14673,"date":"2025-07-09T07:19:42","date_gmt":"2025-07-09T07:19:42","guid":{"rendered":"https:\/\/www.aungwinter.com\/?post_type=product&#038;p=14673"},"modified":"2025-07-09T07:19:43","modified_gmt":"2025-07-09T07:19:43","slug":"cagoule-integrale-en-polyester-pour-moto-pour-homme-pour-lhiver","status":"publish","type":"product","link":"https:\/\/www.aungwinter.com\/fr\/product\/mens-winter-polyester-motorcycle-full-face-balaclava\/","title":{"rendered":"Cagoule int\u00e9grale d'hiver en polyester pour homme, pour la moto"},"content":{"rendered":"<table style=\"border-collapse: collapse; width: 518.27pt;\" border=\"0\" width=\"691\" cellspacing=\"0\" cellpadding=\"0\">\n<tbody>\n<tr style=\"height: 38.00pt;\">\n<td style=\"height: 38.00pt; width: 216.00pt;\" width=\"288\" height=\"50\">Sc\u00e8ne applicable<\/td>\n<td style=\"width: 302.25pt;\" width=\"403\">SKI, Voyage, Plein air<\/td>\n<\/tr>\n<tr style=\"height: 38.00pt;\">\n<td style=\"height: 38.00pt;\" height=\"50\">Genre<\/td>\n<td>Unisexe<\/td>\n<\/tr>\n<tr style=\"height: 38.00pt;\">\n<td style=\"height: 38.00pt;\" height=\"50\">Caract\u00e9ristique du tissu<\/td>\n<td>COMMON<\/td>\n<\/tr>\n<tr style=\"height: 38.00pt;\">\n<td style=\"height: 38.00pt;\" height=\"50\">Tour de t\u00eate<\/td>\n<td>56-58 cm<\/td>\n<\/tr>\n<tr style=\"height: 38.00pt;\">\n<td style=\"height: 38.00pt;\" height=\"50\">Mat\u00e9riau<\/td>\n<td>Polyester 100%<\/td>\n<\/tr>\n<tr style=\"height: 38.00pt;\">\n<td style=\"height: 38.00pt;\" height=\"50\">Style<\/td>\n<td>Image<\/td>\n<\/tr>\n<tr style=\"height: 38.00pt;\">\n<td style=\"height: 38.00pt;\" height=\"50\">Tranche d'\u00e2ge<\/td>\n<td>Adultes<\/td>\n<\/tr>\n<tr style=\"height: 38.00pt;\">\n<td style=\"height: 38.00pt;\" height=\"50\">M\u00e9thodes d'impression<\/td>\n<td>Aucun<\/td>\n<\/tr>\n<tr style=\"height: 38.00pt;\">\n<td style=\"height: 38.00pt;\" height=\"50\">Techniques<\/td>\n<td>Impression par transfert thermique<\/td>\n<\/tr>\n<tr style=\"height: 38.00pt;\">\n<td style=\"height: 38.00pt;\" height=\"50\">Num\u00e9ro de mod\u00e8le<\/td>\n<td>AWB-2024082901<\/td>\n<\/tr>\n<tr style=\"height: 38.00pt;\">\n<td style=\"height: 38.00pt;\" height=\"50\">Lieu d'origine<\/td>\n<td>Shenzhen, Chine<\/td>\n<\/tr>\n<tr style=\"height: 38.00pt;\">\n<td style=\"height: 38.00pt;\" height=\"50\">Nom de marque<\/td>\n<td>Aungwinter<\/td>\n<\/tr>\n<tr style=\"height: 38.00pt;\">\n<td style=\"height: 38.00pt;\" height=\"50\">Taille<\/td>\n<td>34 \u00d7 40,5 cm \u00b1 2 cm<\/td>\n<\/tr>\n<tr style=\"height: 38.00pt;\">\n<td style=\"height: 38.00pt;\" height=\"50\">Nom du produit<\/td>\n<td>Cagoule chaude pour l'hiver<\/td>\n<\/tr>\n<tr style=\"height: 38.00pt;\">\n<td style=\"height: 38.00pt;\" height=\"50\">Logo<\/td>\n<td>Accepter un logo personnalis\u00e9<\/td>\n<\/tr>\n<tr style=\"height: 38.00pt;\">\n<td style=\"height: 38.00pt;\" height=\"50\">Couleur<\/td>\n<td>Noir\/gris fonc\u00e9\/bleu marine\/vert militaire\/kaki<\/td>\n<\/tr>\n<tr style=\"height: 38.00pt;\">\n<td style=\"height: 38.00pt;\" height=\"50\">Saison<\/td>\n<td>Hiver Automne<\/td>\n<\/tr>\n<tr style=\"height: 38.00pt;\">\n<td style=\"height: 38.00pt;\" height=\"50\">Quantit\u00e9 minimale de commande<\/td>\n<td>20 pi\u00e8ces<\/td>\n<\/tr>\n<tr style=\"height: 38.00pt;\">\n<td style=\"height: 38.00pt;\" height=\"50\">Fonction<\/td>\n<td>Rester au chaud<\/td>\n<\/tr>\n<tr style=\"height: 38.00pt;\">\n<td style=\"height: 38.00pt;\" height=\"50\">Fonctionnalit\u00e9<\/td>\n<td>Respectueux de la peau<\/td>\n<\/tr>\n<tr style=\"height: 38.00pt;\">\n<td style=\"height: 38.00pt;\" height=\"50\">Emballage<\/td>\n<td>1 pi\u00e8ce\/opp<\/td>\n<\/tr>\n<tr style=\"height: 38.00pt;\">\n<td style=\"height: 38.00pt;\" height=\"50\">Poids<\/td>\n<td>79 g \u00b1 2 g<\/td>\n<\/tr>\n<tr style=\"height: 38.00pt;\">\n<td style=\"height: 38.00pt;\" height=\"50\">Qualit\u00e9<\/td>\n<td>Haute qualit\u00e9<\/td>\n<\/tr>\n<\/tbody>\n<\/table>","protected":false},"excerpt":{"rendered":"<p>La cagoule pour homme offre une excellente isolation thermique, un grand confort et une protection efficace contre le vent. Con\u00e7ue pour les sorties par temps froid, elle est fabriqu\u00e9e dans un tissu respirant et recouvre enti\u00e8rement le visage pour un ajustement parfait.<\/p>","protected":false},"featured_media":14680,"template":"","meta":{"_seopress_robots_primary_cat":"","_seopress_titles_title":"","_seopress_titles_desc":"","_seopress_robots_index":"","_gspb_post_css":"","_jf_limit_responses":"","_jet_sm_ready_style":"","_jet_sm_style":"","_jet_sm_controls_values":"","_jet_sm_fonts_collection":"","_jet_sm_fonts_links":""},"product_brand":[],"product_cat":[24],"product_tag":[],"hf_cat_product":[],"class_list":{"0":"post-14673","1":"product","2":"type-product","3":"status-publish","4":"has-post-thumbnail","6":"product_cat-balaclavas","8":"first","9":"instock","10":"shipping-taxable","11":"product-type-simple"},"_links":{"self":[{"href":"https:\/\/www.aungwinter.com\/fr\/wp-json\/wp\/v2\/product\/14673","targetHints":{"allow":["GET"]}}],"collection":[{"href":"https:\/\/www.aungwinter.com\/fr\/wp-json\/wp\/v2\/product"}],"about":[{"href":"https:\/\/www.aungwinter.com\/fr\/wp-json\/wp\/v2\/types\/product"}],"wp:featuredmedia":[{"embeddable":true,"href":"https:\/\/www.aungwinter.com\/fr\/wp-json\/wp\/v2\/media\/14680"}],"wp:attachment":[{"href":"https:\/\/www.aungwinter.com\/fr\/wp-json\/wp\/v2\/media?parent=14673"}],"wp:term":[{"taxonomy":"product_brand","embeddable":true,"href":"https:\/\/www.aungwinter.com\/fr\/wp-json\/wp\/v2\/product_brand?post=14673"},{"taxonomy":"product_cat","embeddable":true,"href":"https:\/\/www.aungwinter.com\/fr\/wp-json\/wp\/v2\/product_cat?post=14673"},{"taxonomy":"product_tag","embeddable":true,"href":"https:\/\/www.aungwinter.com\/fr\/wp-json\/wp\/v2\/product_tag?post=14673"},{"taxonomy":"hf_cat_product","embeddable":true,"href":"https:\/\/www.aungwinter.com\/fr\/wp-json\/wp\/v2\/hf_cat_product?post=14673"}],"curies":[{"name":"wp","href":"https:\/\/api.w.org\/{rel}","templated":true}]}}