{"id":14682,"date":"2025-07-09T07:30:09","date_gmt":"2025-07-09T07:30:09","guid":{"rendered":"https:\/\/www.aungwinter.com\/?post_type=product&#038;p=14682"},"modified":"2025-07-09T07:30:10","modified_gmt":"2025-07-09T07:30:10","slug":"cagoule-de-sport-dexterieur-en-polaire-polyester-thermique-a-capuche","status":"publish","type":"product","link":"https:\/\/www.aungwinter.com\/fr\/product\/thermal-polyester-fleece-hood-style-outdoor-sports-balaclava\/","title":{"rendered":"Cagoule de sport d'ext\u00e9rieur en polaire polyester thermique \u00e0 capuche"},"content":{"rendered":"<table style=\"border-collapse: collapse; width: 518.27pt;\" border=\"0\" width=\"691\" cellspacing=\"0\" cellpadding=\"0\">\n<tbody>\n<tr style=\"height: 38.00pt;\">\n<td style=\"height: 38.00pt; width: 216.00pt;\" width=\"288\" height=\"50\">Sc\u00e8ne applicable<\/td>\n<td style=\"width: 302.25pt;\" width=\"403\">D\u00e9contract\u00e9, Plein air, Voyage, Quotidien<\/td>\n<\/tr>\n<tr style=\"height: 38.00pt;\">\n<td style=\"height: 38.00pt;\" height=\"50\">Genre<\/td>\n<td>Unisexe<\/td>\n<\/tr>\n<tr style=\"height: 38.00pt;\">\n<td style=\"height: 38.00pt;\" height=\"50\">Caract\u00e9ristique du tissu<\/td>\n<td>COMMON<\/td>\n<\/tr>\n<tr style=\"height: 38.00pt;\">\n<td style=\"height: 38.00pt;\" height=\"50\">Tour de t\u00eate<\/td>\n<td>R\u00e9glable<\/td>\n<\/tr>\n<tr style=\"height: 38.00pt;\">\n<td style=\"height: 38.00pt;\" height=\"50\">Mat\u00e9riau<\/td>\n<td>Polyester 100%<\/td>\n<\/tr>\n<tr style=\"height: 38.00pt;\">\n<td style=\"height: 38.00pt;\" height=\"50\">Style<\/td>\n<td>Personnage<\/td>\n<\/tr>\n<tr style=\"height: 38.00pt;\">\n<td style=\"height: 38.00pt;\" height=\"50\">Tranche d'\u00e2ge<\/td>\n<td>Adultes<\/td>\n<\/tr>\n<tr style=\"height: 38.00pt;\">\n<td style=\"height: 38.00pt;\" height=\"50\">M\u00e9thodes d'impression<\/td>\n<td>Impression par transfert sublimatique<\/td>\n<\/tr>\n<tr style=\"height: 38.00pt;\">\n<td style=\"height: 38.00pt;\" height=\"50\">Techniques<\/td>\n<td>Impression par transfert thermique<\/td>\n<\/tr>\n<tr style=\"height: 38.00pt;\">\n<td style=\"height: 38.00pt;\" height=\"50\">Num\u00e9ro de mod\u00e8le<\/td>\n<td>SWB-2024092901<\/td>\n<\/tr>\n<tr style=\"height: 38.00pt;\">\n<td style=\"height: 38.00pt;\" height=\"50\">Lieu d'origine<\/td>\n<td>Shenzhen, Chine<\/td>\n<\/tr>\n<tr style=\"height: 38.00pt;\">\n<td style=\"height: 38.00pt;\" height=\"50\">Nom de marque<\/td>\n<td>Aungwinter<\/td>\n<\/tr>\n<tr style=\"height: 38.00pt;\">\n<td style=\"height: 38.00pt;\" height=\"50\">Nom du produit<\/td>\n<td>Cagoule polaire pour sports de plein air<\/td>\n<\/tr>\n<tr style=\"height: 38.00pt;\">\n<td style=\"height: 38.00pt;\" height=\"50\">Taille<\/td>\n<td>54 x 34 cm (\u00b11 cm)<\/td>\n<\/tr>\n<tr style=\"height: 38.00pt;\">\n<td style=\"height: 38.00pt;\" height=\"50\">Couleur<\/td>\n<td>Image<\/td>\n<\/tr>\n<tr style=\"height: 38.00pt;\">\n<td style=\"height: 38.00pt;\" height=\"50\">Logo<\/td>\n<td>Accepter un logo personnalis\u00e9<\/td>\n<\/tr>\n<tr style=\"height: 38.00pt;\">\n<td style=\"height: 38.00pt;\" height=\"50\">Utilisation<\/td>\n<td>Rester au chaud<\/td>\n<\/tr>\n<tr style=\"height: 38.00pt;\">\n<td style=\"height: 38.00pt;\" height=\"50\">Mot-cl\u00e9<\/td>\n<td>Bonnet tricot\u00e9 d'ext\u00e9rieur<\/td>\n<\/tr>\n<tr style=\"height: 38.00pt;\">\n<td style=\"height: 38.00pt;\" height=\"50\">Paiement<\/td>\n<td>Assurance commerciale. Western Union. MoneyGram. T.T.<\/td>\n<\/tr>\n<tr style=\"height: 38.00pt;\">\n<td style=\"height: 38.00pt;\" height=\"50\">Saison<\/td>\n<td>Winiter<\/td>\n<\/tr>\n<tr style=\"height: 38.00pt;\">\n<td style=\"height: 38.00pt;\" height=\"50\">Service<\/td>\n<td>24 heures en ligne<\/td>\n<\/tr>\n<tr style=\"height: 38.00pt;\">\n<td style=\"height: 38.00pt;\" height=\"50\">Quantit\u00e9 minimale de commande<\/td>\n<td>20 pi\u00e8ces<\/td>\n<\/tr>\n<\/tbody>\n<\/table>","protected":false},"excerpt":{"rendered":"<p>La cagoule Sports Balaclava offre une chaleur et un confort sup\u00e9rieurs, avec une doublure en polaire douce et des cordons r\u00e9glables pour un ajustement s\u00fbr, parfaite pour les sports de plein air par temps froid.<\/p>","protected":false},"featured_media":14685,"template":"","meta":{"_seopress_robots_primary_cat":"","_seopress_titles_title":"","_seopress_titles_desc":"","_seopress_robots_index":"","_gspb_post_css":"","_jf_limit_responses":"","_jet_sm_ready_style":"","_jet_sm_style":"","_jet_sm_controls_values":"","_jet_sm_fonts_collection":"","_jet_sm_fonts_links":""},"product_brand":[],"product_cat":[24],"product_tag":[],"hf_cat_product":[],"class_list":{"0":"post-14682","1":"product","2":"type-product","3":"status-publish","4":"has-post-thumbnail","6":"product_cat-balaclavas","8":"first","9":"instock","10":"shipping-taxable","11":"product-type-simple"},"_links":{"self":[{"href":"https:\/\/www.aungwinter.com\/fr\/wp-json\/wp\/v2\/product\/14682","targetHints":{"allow":["GET"]}}],"collection":[{"href":"https:\/\/www.aungwinter.com\/fr\/wp-json\/wp\/v2\/product"}],"about":[{"href":"https:\/\/www.aungwinter.com\/fr\/wp-json\/wp\/v2\/types\/product"}],"wp:featuredmedia":[{"embeddable":true,"href":"https:\/\/www.aungwinter.com\/fr\/wp-json\/wp\/v2\/media\/14685"}],"wp:attachment":[{"href":"https:\/\/www.aungwinter.com\/fr\/wp-json\/wp\/v2\/media?parent=14682"}],"wp:term":[{"taxonomy":"product_brand","embeddable":true,"href":"https:\/\/www.aungwinter.com\/fr\/wp-json\/wp\/v2\/product_brand?post=14682"},{"taxonomy":"product_cat","embeddable":true,"href":"https:\/\/www.aungwinter.com\/fr\/wp-json\/wp\/v2\/product_cat?post=14682"},{"taxonomy":"product_tag","embeddable":true,"href":"https:\/\/www.aungwinter.com\/fr\/wp-json\/wp\/v2\/product_tag?post=14682"},{"taxonomy":"hf_cat_product","embeddable":true,"href":"https:\/\/www.aungwinter.com\/fr\/wp-json\/wp\/v2\/hf_cat_product?post=14682"}],"curies":[{"name":"wp","href":"https:\/\/api.w.org\/{rel}","templated":true}]}}