{"id":14691,"date":"2025-07-09T07:40:44","date_gmt":"2025-07-09T07:40:44","guid":{"rendered":"https:\/\/www.aungwinter.com\/?post_type=product&#038;p=14691"},"modified":"2025-07-09T07:40:45","modified_gmt":"2025-07-09T07:40:45","slug":"masque-de-ski-acrylique-personnalise-chaud-pour-lexterieur-a-3-trous","status":"publish","type":"product","link":"https:\/\/www.aungwinter.com\/fr\/product\/custom-acrylic-fashion-warm-outdoor-3-hole-ski-mask\/","title":{"rendered":"Masque de ski acrylique personnalis\u00e9, chaud, pour l'ext\u00e9rieur, \u00e0 3 trous"},"content":{"rendered":"<table style=\"border-collapse: collapse; width: 518.27pt;\" border=\"0\" width=\"691\" cellspacing=\"0\" cellpadding=\"0\">\n<tbody>\n<tr style=\"height: 38.00pt;\">\n<td style=\"height: 38.00pt; width: 216.00pt;\" width=\"288\" height=\"50\">Sc\u00e8ne applicable<\/td>\n<td style=\"width: 302.25pt;\" width=\"403\">D\u00e9contract\u00e9, Plein air, Cyclisme, Quotidien<\/td>\n<\/tr>\n<tr style=\"height: 38.00pt;\">\n<td style=\"height: 38.00pt;\" height=\"50\">Genre<\/td>\n<td>Unisexe<\/td>\n<\/tr>\n<tr style=\"height: 38.00pt;\">\n<td style=\"height: 38.00pt;\" height=\"50\">Caract\u00e9ristique du tissu<\/td>\n<td>COMMON<\/td>\n<\/tr>\n<tr style=\"height: 38.00pt;\">\n<td style=\"height: 38.00pt;\" height=\"50\">Mat\u00e9riau<\/td>\n<td>COTON + ACRYLIQUE<\/td>\n<\/tr>\n<tr style=\"height: 38.00pt;\">\n<td style=\"height: 38.00pt;\" height=\"50\">Style<\/td>\n<td>Dobby<\/td>\n<\/tr>\n<tr style=\"height: 38.00pt;\">\n<td style=\"height: 38.00pt;\" height=\"50\">Tranche d'\u00e2ge<\/td>\n<td>Adultes<\/td>\n<\/tr>\n<tr style=\"height: 38.00pt;\">\n<td style=\"height: 38.00pt;\" height=\"50\">Num\u00e9ro de mod\u00e8le<\/td>\n<td>AWS-2023122801B<\/td>\n<\/tr>\n<tr style=\"height: 38.00pt;\">\n<td style=\"height: 38.00pt;\" height=\"50\">Lieu d'origine<\/td>\n<td>Shenzhen, Chine<\/td>\n<\/tr>\n<tr style=\"height: 38.00pt;\">\n<td style=\"height: 38.00pt;\" height=\"50\">Nom de marque<\/td>\n<td>Aungwinter<\/td>\n<\/tr>\n<tr style=\"height: 38.00pt;\">\n<td style=\"height: 38.00pt;\" height=\"50\">Taille<\/td>\n<td>Taille unique, 20 x 40 cm<\/td>\n<\/tr>\n<tr style=\"height: 38.00pt;\">\n<td style=\"height: 38.00pt;\" height=\"50\">Nom du produit<\/td>\n<td>Bonnet tricot\u00e9 3 trous pour l'ext\u00e9rieur<\/td>\n<\/tr>\n<tr style=\"height: 38.00pt;\">\n<td style=\"height: 38.00pt;\" height=\"50\">Mat\u00e9riau<\/td>\n<td>100% Acrylique<\/td>\n<\/tr>\n<tr style=\"height: 38.00pt;\">\n<td style=\"height: 38.00pt;\" height=\"50\">Couleur<\/td>\n<td>L'image montre<\/td>\n<\/tr>\n<tr style=\"height: 38.00pt;\">\n<td style=\"height: 38.00pt;\" height=\"50\">Logo<\/td>\n<td>Accepter un logo personnalis\u00e9<\/td>\n<\/tr>\n<tr style=\"height: 38.00pt;\">\n<td style=\"height: 38.00pt;\" height=\"50\">Utilisation<\/td>\n<td>Rester au chaud<\/td>\n<\/tr>\n<tr style=\"height: 38.00pt;\">\n<td style=\"height: 38.00pt;\" height=\"50\">Fonctionnalit\u00e9<\/td>\n<td>Chapeaux d'hiver chauds au crochet<\/td>\n<\/tr>\n<tr style=\"height: 38.00pt;\">\n<td style=\"height: 38.00pt;\" height=\"50\">Quantit\u00e9 minimale de commande<\/td>\n<td>50 pi\u00e8ces<\/td>\n<\/tr>\n<tr style=\"height: 38.00pt;\">\n<td style=\"height: 38.00pt;\" height=\"50\">Saison<\/td>\n<td>Printemps Automne Hiver<\/td>\n<\/tr>\n<tr style=\"height: 38.00pt;\">\n<td style=\"height: 38.00pt;\" height=\"50\">Emballage<\/td>\n<td>1 pi\u00e8ce\/sac OPP<\/td>\n<\/tr>\n<tr style=\"height: 38.00pt;\">\n<td style=\"height: 38.00pt;\" height=\"50\">Service<\/td>\n<td>24 heures en ligne<\/td>\n<\/tr>\n<tr style=\"height: 38.00pt;\">\n<td style=\"height: 38.00pt;\" height=\"50\">Type de bonnet d'hiver<\/td>\n<td>Bonnet tricot\u00e9<\/td>\n<\/tr>\n<tr style=\"height: 38.00pt;\">\n<td style=\"height: 38.00pt;\" height=\"50\">Motif<\/td>\n<td>Teint uni<\/td>\n<\/tr>\n<\/tbody>\n<\/table>","protected":false},"excerpt":{"rendered":"<p>Le masque de ski offre une excellente protection contre le froid et une chaleur optimale gr\u00e2ce \u00e0 son design \u00e9l\u00e9gant, dot\u00e9 de trois ouvertures pour les yeux et la bouche, id\u00e9al pour le ski ou les activit\u00e9s de plein air par temps froid.<\/p>","protected":false},"featured_media":14699,"template":"","meta":{"_seopress_robots_primary_cat":"","_seopress_titles_title":"","_seopress_titles_desc":"","_seopress_robots_index":"","_gspb_post_css":"","_jf_limit_responses":"","_jet_sm_ready_style":"","_jet_sm_style":"","_jet_sm_controls_values":"","_jet_sm_fonts_collection":"","_jet_sm_fonts_links":""},"product_brand":[],"product_cat":[71],"product_tag":[],"hf_cat_product":[],"class_list":{"0":"post-14691","1":"product","2":"type-product","3":"status-publish","4":"has-post-thumbnail","6":"product_cat-ski-mask","8":"first","9":"instock","10":"shipping-taxable","11":"product-type-simple"},"_links":{"self":[{"href":"https:\/\/www.aungwinter.com\/fr\/wp-json\/wp\/v2\/product\/14691","targetHints":{"allow":["GET"]}}],"collection":[{"href":"https:\/\/www.aungwinter.com\/fr\/wp-json\/wp\/v2\/product"}],"about":[{"href":"https:\/\/www.aungwinter.com\/fr\/wp-json\/wp\/v2\/types\/product"}],"wp:featuredmedia":[{"embeddable":true,"href":"https:\/\/www.aungwinter.com\/fr\/wp-json\/wp\/v2\/media\/14699"}],"wp:attachment":[{"href":"https:\/\/www.aungwinter.com\/fr\/wp-json\/wp\/v2\/media?parent=14691"}],"wp:term":[{"taxonomy":"product_brand","embeddable":true,"href":"https:\/\/www.aungwinter.com\/fr\/wp-json\/wp\/v2\/product_brand?post=14691"},{"taxonomy":"product_cat","embeddable":true,"href":"https:\/\/www.aungwinter.com\/fr\/wp-json\/wp\/v2\/product_cat?post=14691"},{"taxonomy":"product_tag","embeddable":true,"href":"https:\/\/www.aungwinter.com\/fr\/wp-json\/wp\/v2\/product_tag?post=14691"},{"taxonomy":"hf_cat_product","embeddable":true,"href":"https:\/\/www.aungwinter.com\/fr\/wp-json\/wp\/v2\/hf_cat_product?post=14691"}],"curies":[{"name":"wp","href":"https:\/\/api.w.org\/{rel}","templated":true}]}}