{"id":14709,"date":"2025-07-10T03:05:17","date_gmt":"2025-07-10T03:05:17","guid":{"rendered":"https:\/\/www.aungwinter.com\/?post_type=product&#038;p=14709"},"modified":"2025-07-10T03:05:18","modified_gmt":"2025-07-10T03:05:18","slug":"bonnet-dhiver-en-acrylique-tricote-pour-enfants-style-oiseau-mignon-style-y2k","status":"publish","type":"product","link":"https:\/\/www.aungwinter.com\/fr\/product\/cute-bird-style-y2k-acrylic-knitted-winter-hat-for-children\/","title":{"rendered":"Bonnet d'hiver en acrylique tricot\u00e9 style oiseau mignon Y2K pour enfants"},"content":{"rendered":"<table style=\"border-collapse: collapse; width: 569.27pt;\" border=\"0\" width=\"759\" cellspacing=\"0\" cellpadding=\"0\">\n<tbody>\n<tr style=\"height: 39.00pt;\">\n<td style=\"height: 39.00pt; width: 243.75pt;\" width=\"325\" height=\"52\">Style<\/td>\n<td style=\"width: 325.50pt;\" width=\"434\">bug de l'an 2000<\/td>\n<\/tr>\n<tr style=\"height: 39.00pt;\">\n<td style=\"height: 39.00pt;\" height=\"52\">Caract\u00e9ristique du tissu<\/td>\n<td>COMMON<\/td>\n<\/tr>\n<tr style=\"height: 39.00pt;\">\n<td style=\"height: 39.00pt;\" height=\"52\">M\u00e9thodes d'impression<\/td>\n<td>Impression par transfert sublimatique<\/td>\n<\/tr>\n<tr style=\"height: 39.00pt;\">\n<td style=\"height: 39.00pt;\" height=\"52\">Tour de t\u00eate<\/td>\n<td>48-50 cm, 50-52 cm<\/td>\n<\/tr>\n<tr style=\"height: 39.00pt;\">\n<td style=\"height: 39.00pt;\" height=\"52\">Type de motif<\/td>\n<td>Personnage<\/td>\n<\/tr>\n<tr style=\"height: 39.00pt;\">\n<td style=\"height: 39.00pt;\" height=\"52\">Genre<\/td>\n<td>Unisexe<\/td>\n<\/tr>\n<tr style=\"height: 39.00pt;\">\n<td style=\"height: 39.00pt;\" height=\"52\">Tranche d'\u00e2ge<\/td>\n<td>B\u00e9b\u00e9s<\/td>\n<\/tr>\n<tr style=\"height: 39.00pt;\">\n<td style=\"height: 39.00pt;\" height=\"52\">Techniques<\/td>\n<td>Broderie \u00e0 la machine\/Broderie automatis\u00e9e<\/td>\n<\/tr>\n<tr style=\"height: 39.00pt;\">\n<td style=\"height: 39.00pt;\" height=\"52\">Mat\u00e9riau<\/td>\n<td>100% Acrylique<\/td>\n<\/tr>\n<tr style=\"height: 39.00pt;\">\n<td style=\"height: 39.00pt;\" height=\"52\">Lieu d'origine<\/td>\n<td>Guangdong, Chine<\/td>\n<\/tr>\n<tr style=\"height: 39.00pt;\">\n<td style=\"height: 39.00pt;\" height=\"52\">Sc\u00e8ne applicable<\/td>\n<td>Quotidien, Ext\u00e9rieur<\/td>\n<\/tr>\n<tr style=\"height: 39.00pt;\">\n<td style=\"height: 39.00pt;\" height=\"52\">D\u00e9coration<\/td>\n<td>aucun<\/td>\n<\/tr>\n<tr style=\"height: 39.00pt;\">\n<td style=\"height: 39.00pt;\" height=\"52\">Nom de marque<\/td>\n<td>Aungwinter<\/td>\n<\/tr>\n<tr style=\"height: 39.00pt;\">\n<td style=\"height: 39.00pt;\" height=\"52\">Service<\/td>\n<td>OEM\/ODM, Conception<\/td>\n<\/tr>\n<tr style=\"height: 39.00pt;\">\n<td style=\"height: 39.00pt;\" height=\"52\">Mots cl\u00e9s<\/td>\n<td>bonnets tricot\u00e9s d'hiver<\/td>\n<\/tr>\n<tr style=\"height: 39.00pt;\">\n<td style=\"height: 39.00pt;\" height=\"52\">Temps d'\u00e9chantillonnage<\/td>\n<td>3 \u00e0 7 jours pour les mod\u00e8les courants<\/td>\n<\/tr>\n<tr style=\"height: 39.00pt;\">\n<td style=\"height: 39.00pt;\" height=\"52\">Petite commande<\/td>\n<td>50 pi\u00e8ces\/couleur\/style<\/td>\n<\/tr>\n<tr style=\"height: 39.00pt;\">\n<td style=\"height: 39.00pt;\" height=\"52\">Conception<\/td>\n<td>Conception gratuite<\/td>\n<\/tr>\n<tr style=\"height: 39.00pt;\">\n<td style=\"height: 39.00pt;\" height=\"52\">Fonction<\/td>\n<td>Bonnet d'hiver tricot\u00e9<\/td>\n<\/tr>\n<tr style=\"height: 39.00pt;\">\n<td style=\"height: 39.00pt;\" height=\"52\">Avantage<\/td>\n<td>fabricant direct<\/td>\n<\/tr>\n<tr style=\"height: 39.00pt;\">\n<td style=\"height: 39.00pt;\" height=\"52\">Certificats<\/td>\n<td>BV, BSCI, ISO, GRS, FSC, OEKO-TEX STANDARD 100, CE<\/td>\n<\/tr>\n<tr style=\"height: 39.00pt;\">\n<td style=\"height: 39.00pt;\" height=\"52\">Utilisation<\/td>\n<td>Activit\u00e9s de plein air, d\u00e9contract\u00e9, hip-hop<\/td>\n<\/tr>\n<tr style=\"height: 39.00pt;\">\n<td style=\"height: 39.00pt;\" height=\"52\">Type<\/td>\n<td>Chapeaux d'hiver pour enfants<\/td>\n<\/tr>\n<\/tbody>\n<\/table>","protected":false},"excerpt":{"rendered":"<p>Le bonnet d'hiver allie design ludique et chaleur, avec son motif en forme d'oiseau et sa mati\u00e8re acrylique douce qui gardera les enfants bien au chaud pendant les mois les plus froids.<\/p>","protected":false},"featured_media":14714,"template":"","meta":{"_seopress_robots_primary_cat":"","_seopress_titles_title":"","_seopress_titles_desc":"","_seopress_robots_index":"","_gspb_post_css":"","_jf_limit_responses":"","_jet_sm_ready_style":"","_jet_sm_style":"","_jet_sm_controls_values":"","_jet_sm_fonts_collection":"","_jet_sm_fonts_links":""},"product_brand":[],"product_cat":[85],"product_tag":[],"hf_cat_product":[],"class_list":{"0":"post-14709","1":"product","2":"type-product","3":"status-publish","4":"has-post-thumbnail","6":"product_cat-kids-winter-hats","8":"first","9":"instock","10":"shipping-taxable","11":"product-type-simple"},"_links":{"self":[{"href":"https:\/\/www.aungwinter.com\/fr\/wp-json\/wp\/v2\/product\/14709","targetHints":{"allow":["GET"]}}],"collection":[{"href":"https:\/\/www.aungwinter.com\/fr\/wp-json\/wp\/v2\/product"}],"about":[{"href":"https:\/\/www.aungwinter.com\/fr\/wp-json\/wp\/v2\/types\/product"}],"wp:featuredmedia":[{"embeddable":true,"href":"https:\/\/www.aungwinter.com\/fr\/wp-json\/wp\/v2\/media\/14714"}],"wp:attachment":[{"href":"https:\/\/www.aungwinter.com\/fr\/wp-json\/wp\/v2\/media?parent=14709"}],"wp:term":[{"taxonomy":"product_brand","embeddable":true,"href":"https:\/\/www.aungwinter.com\/fr\/wp-json\/wp\/v2\/product_brand?post=14709"},{"taxonomy":"product_cat","embeddable":true,"href":"https:\/\/www.aungwinter.com\/fr\/wp-json\/wp\/v2\/product_cat?post=14709"},{"taxonomy":"product_tag","embeddable":true,"href":"https:\/\/www.aungwinter.com\/fr\/wp-json\/wp\/v2\/product_tag?post=14709"},{"taxonomy":"hf_cat_product","embeddable":true,"href":"https:\/\/www.aungwinter.com\/fr\/wp-json\/wp\/v2\/hf_cat_product?post=14709"}],"curies":[{"name":"wp","href":"https:\/\/api.w.org\/{rel}","templated":true}]}}