{"id":14718,"date":"2025-07-11T09:30:14","date_gmt":"2025-07-11T09:30:14","guid":{"rendered":"https:\/\/www.aungwinter.com\/?post_type=product&#038;p=14718"},"modified":"2025-07-11T09:30:16","modified_gmt":"2025-07-11T09:30:16","slug":"masque-de-ski-en-acrylique-a-3-trous-avec-logo-brode-confortable-oem","status":"publish","type":"product","link":"https:\/\/www.aungwinter.com\/fr\/product\/oem-comfortable-embroidery-logo-3-hole-acrylic-ski-mask\/","title":{"rendered":"Masque de ski en acrylique \u00e0 3 trous avec logo brod\u00e9 confortable OEM"},"content":{"rendered":"<table style=\"border-collapse: collapse; width: 569.27pt;\" border=\"0\" width=\"759\" cellspacing=\"0\" cellpadding=\"0\">\n<tbody>\n<tr style=\"height: 39.00pt;\">\n<td style=\"height: 39.00pt; width: 243.75pt;\" width=\"325\" height=\"52\">Style<\/td>\n<td class=\"et2\" style=\"width: 325.50pt;\" width=\"434\">Image<\/td>\n<\/tr>\n<tr style=\"height: 39.00pt;\">\n<td style=\"height: 39.00pt;\" height=\"52\">Caract\u00e9ristique du tissu<\/td>\n<td class=\"et2\">COMMON<\/td>\n<\/tr>\n<tr style=\"height: 39.00pt;\">\n<td style=\"height: 39.00pt;\" height=\"52\">Genre<\/td>\n<td class=\"et2\">Unisexe<\/td>\n<\/tr>\n<tr style=\"height: 39.00pt;\">\n<td style=\"height: 39.00pt;\" height=\"52\">Tranche d'\u00e2ge<\/td>\n<td class=\"et2\">Adultes<\/td>\n<\/tr>\n<tr style=\"height: 39.00pt;\">\n<td style=\"height: 39.00pt;\" height=\"52\">Mat\u00e9riau<\/td>\n<td class=\"et2\">100% Acrylique<\/td>\n<\/tr>\n<tr style=\"height: 39.00pt;\">\n<td style=\"height: 39.00pt;\" height=\"52\">Num\u00e9ro de mod\u00e8le<\/td>\n<td class=\"et2\">AC-031<\/td>\n<\/tr>\n<tr style=\"height: 39.00pt;\">\n<td style=\"height: 39.00pt;\" height=\"52\">Lieu d'origine<\/td>\n<td class=\"et2\">Shenzhen, Chine<\/td>\n<\/tr>\n<tr style=\"height: 39.00pt;\">\n<td style=\"height: 39.00pt;\" height=\"52\">Sc\u00e8ne applicable<\/td>\n<td class=\"et2\">Activit\u00e9s de plein air, voyages, sports, etc.<\/td>\n<\/tr>\n<tr style=\"height: 39.00pt;\">\n<td style=\"height: 39.00pt;\" height=\"52\">Nom de marque<\/td>\n<td class=\"et2\">Aungwinter<\/td>\n<\/tr>\n<tr style=\"height: 39.00pt;\">\n<td style=\"height: 39.00pt;\" height=\"52\">Taille<\/td>\n<td class=\"et2\">taille standard ou selon vos besoins<\/td>\n<\/tr>\n<tr style=\"height: 39.00pt;\">\n<td style=\"height: 39.00pt;\" height=\"52\">Nom du produit<\/td>\n<td class=\"et2\">Concepteurs Balaclava<\/td>\n<\/tr>\n<tr style=\"height: 39.00pt;\">\n<td style=\"height: 39.00pt;\" height=\"52\">Logo<\/td>\n<td class=\"et2\">Logo personnalis\u00e9<\/td>\n<\/tr>\n<tr style=\"height: 39.00pt;\">\n<td style=\"height: 39.00pt;\" height=\"52\">Utilisation<\/td>\n<td class=\"et2\">Rester au chaud<\/td>\n<\/tr>\n<tr style=\"height: 39.00pt;\">\n<td style=\"height: 39.00pt;\" height=\"52\">Quantit\u00e9 minimale de commande<\/td>\n<td class=\"et2\">500 pi\u00e8ces<\/td>\n<\/tr>\n<tr style=\"height: 39.00pt;\">\n<td style=\"height: 39.00pt;\" height=\"52\">Paiement<\/td>\n<td class=\"et2\">T\/T<\/td>\n<\/tr>\n<tr style=\"height: 39.00pt;\">\n<td style=\"height: 39.00pt;\" height=\"52\">Nom<\/td>\n<td class=\"et2\">Masque de ski personnalis\u00e9<\/td>\n<\/tr>\n<tr style=\"height: 39.00pt;\">\n<td style=\"height: 39.00pt;\" height=\"52\">Conception<\/td>\n<td class=\"et2\">Conceptions OEM ODM<\/td>\n<\/tr>\n<tr style=\"height: 39.00pt;\">\n<td style=\"height: 39.00pt;\" height=\"52\">Temps d'\u00e9chantillonnage<\/td>\n<td class=\"et2\">5 \u00e0 7 jours<\/td>\n<\/tr>\n<\/tbody>\n<\/table>","protected":false},"excerpt":{"rendered":"<p>Le masque de ski offre un ajustement parfait gr\u00e2ce \u00e0 son tissu acrylique respirant, son logo brod\u00e9 personnalisable et ses trois trous pour une meilleure visibilit\u00e9 et un confort accru lors des activit\u00e9s de plein air par temps froid.<\/p>","protected":false},"featured_media":14721,"template":"","meta":{"_seopress_robots_primary_cat":"","_seopress_titles_title":"","_seopress_titles_desc":"","_seopress_robots_index":"","_gspb_post_css":"","_jf_limit_responses":"","_jet_sm_ready_style":"","_jet_sm_style":"","_jet_sm_controls_values":"","_jet_sm_fonts_collection":"","_jet_sm_fonts_links":""},"product_brand":[],"product_cat":[71],"product_tag":[],"hf_cat_product":[],"class_list":{"0":"post-14718","1":"product","2":"type-product","3":"status-publish","4":"has-post-thumbnail","6":"product_cat-ski-mask","8":"first","9":"instock","10":"shipping-taxable","11":"product-type-simple"},"_links":{"self":[{"href":"https:\/\/www.aungwinter.com\/fr\/wp-json\/wp\/v2\/product\/14718","targetHints":{"allow":["GET"]}}],"collection":[{"href":"https:\/\/www.aungwinter.com\/fr\/wp-json\/wp\/v2\/product"}],"about":[{"href":"https:\/\/www.aungwinter.com\/fr\/wp-json\/wp\/v2\/types\/product"}],"wp:featuredmedia":[{"embeddable":true,"href":"https:\/\/www.aungwinter.com\/fr\/wp-json\/wp\/v2\/media\/14721"}],"wp:attachment":[{"href":"https:\/\/www.aungwinter.com\/fr\/wp-json\/wp\/v2\/media?parent=14718"}],"wp:term":[{"taxonomy":"product_brand","embeddable":true,"href":"https:\/\/www.aungwinter.com\/fr\/wp-json\/wp\/v2\/product_brand?post=14718"},{"taxonomy":"product_cat","embeddable":true,"href":"https:\/\/www.aungwinter.com\/fr\/wp-json\/wp\/v2\/product_cat?post=14718"},{"taxonomy":"product_tag","embeddable":true,"href":"https:\/\/www.aungwinter.com\/fr\/wp-json\/wp\/v2\/product_tag?post=14718"},{"taxonomy":"hf_cat_product","embeddable":true,"href":"https:\/\/www.aungwinter.com\/fr\/wp-json\/wp\/v2\/hf_cat_product?post=14718"}],"curies":[{"name":"wp","href":"https:\/\/api.w.org\/{rel}","templated":true}]}}