{"id":14727,"date":"2025-07-11T12:06:03","date_gmt":"2025-07-11T12:06:03","guid":{"rendered":"https:\/\/www.aungwinter.com\/?post_type=product&#038;p=14727"},"modified":"2025-07-11T12:06:40","modified_gmt":"2025-07-11T12:06:40","slug":"masque-de-ski-tricote-en-acrylique-avec-logo-brode-en-3d-personnalise","status":"publish","type":"product","link":"https:\/\/www.aungwinter.com\/fr\/product\/custom3d-embroidery-logo-acrylic-knitted-ski-mask\/","title":{"rendered":"Masque de ski tricot\u00e9 en acrylique avec logo brod\u00e9 en 3D personnalis\u00e9"},"content":{"rendered":"<table style=\"border-collapse: collapse; width: 569.27pt;\" border=\"0\" width=\"759\" cellspacing=\"0\" cellpadding=\"0\">\n<tbody>\n<tr style=\"height: 39.00pt;\">\n<td style=\"height: 39.00pt; width: 243.75pt;\" width=\"325\" height=\"52\">Sc\u00e8ne applicable<\/td>\n<td class=\"et2\" style=\"width: 325.50pt;\" width=\"434\">Activit\u00e9s de plein air, sports, etc.<\/td>\n<\/tr>\n<tr style=\"height: 39.00pt;\">\n<td style=\"height: 39.00pt;\" height=\"52\">Genre<\/td>\n<td class=\"et2\">Unisexe<\/td>\n<\/tr>\n<tr style=\"height: 39.00pt;\">\n<td style=\"height: 39.00pt;\" height=\"52\">Caract\u00e9ristique du tissu<\/td>\n<td class=\"et2\">COMMON<\/td>\n<\/tr>\n<tr style=\"height: 39.00pt;\">\n<td style=\"height: 39.00pt;\" height=\"52\">Tour de t\u00eate<\/td>\n<td class=\"et2\">48-60 cm, r\u00e9glable<\/td>\n<\/tr>\n<tr style=\"height: 39.00pt;\">\n<td style=\"height: 39.00pt;\" height=\"52\">Mat\u00e9riau<\/td>\n<td class=\"et2\">100% Acrylique<\/td>\n<\/tr>\n<tr style=\"height: 39.00pt;\">\n<td style=\"height: 39.00pt;\" height=\"52\">Style<\/td>\n<td class=\"et2\">Personnage<\/td>\n<\/tr>\n<tr style=\"height: 39.00pt;\">\n<td style=\"height: 39.00pt;\" height=\"52\">Tranche d'\u00e2ge<\/td>\n<td class=\"et2\">Adultes<\/td>\n<\/tr>\n<tr style=\"height: 39.00pt;\">\n<td style=\"height: 39.00pt;\" height=\"52\">M\u00e9thodes d'impression<\/td>\n<td class=\"et2\">Impression par transfert sublimatique<\/td>\n<\/tr>\n<tr style=\"height: 39.00pt;\">\n<td style=\"height: 39.00pt;\" height=\"52\">Techniques<\/td>\n<td class=\"et2\">Broderie \u00e0 la machine, broderie 3D<\/td>\n<\/tr>\n<tr style=\"height: 39.00pt;\">\n<td style=\"height: 39.00pt;\" height=\"52\">Lieu d'origine<\/td>\n<td class=\"et2\">Shenzhen, Chine<\/td>\n<\/tr>\n<tr style=\"height: 39.00pt;\">\n<td style=\"height: 39.00pt;\" height=\"52\">Nom de marque<\/td>\n<td class=\"et2\">Aungwinter<\/td>\n<\/tr>\n<tr style=\"height: 39.00pt;\">\n<td style=\"height: 39.00pt;\" height=\"52\">D\u00e9tection d'aiguilles<\/td>\n<td class=\"et2\">Oui<\/td>\n<\/tr>\n<\/tbody>\n<\/table>","protected":false},"excerpt":{"rendered":"<p>Le masque de ski offre chaleur et confort gr\u00e2ce \u00e0 son tricot acrylique doux. Il est orn\u00e9 d'un logo brod\u00e9 en 3D personnalisable et est con\u00e7u pour prot\u00e9ger du froid lors des activit\u00e9s hivernales en plein air.<\/p>","protected":false},"featured_media":14735,"template":"","meta":{"_seopress_robots_primary_cat":"none","_seopress_titles_title":"","_seopress_titles_desc":"","_seopress_robots_index":"","_gspb_post_css":"","_jf_limit_responses":"","_jet_sm_ready_style":"","_jet_sm_style":"","_jet_sm_controls_values":"","_jet_sm_fonts_collection":"","_jet_sm_fonts_links":""},"product_brand":[],"product_cat":[71],"product_tag":[],"hf_cat_product":[],"class_list":{"0":"post-14727","1":"product","2":"type-product","3":"status-publish","4":"has-post-thumbnail","6":"product_cat-ski-mask","8":"first","9":"instock","10":"shipping-taxable","11":"product-type-simple"},"_links":{"self":[{"href":"https:\/\/www.aungwinter.com\/fr\/wp-json\/wp\/v2\/product\/14727","targetHints":{"allow":["GET"]}}],"collection":[{"href":"https:\/\/www.aungwinter.com\/fr\/wp-json\/wp\/v2\/product"}],"about":[{"href":"https:\/\/www.aungwinter.com\/fr\/wp-json\/wp\/v2\/types\/product"}],"wp:featuredmedia":[{"embeddable":true,"href":"https:\/\/www.aungwinter.com\/fr\/wp-json\/wp\/v2\/media\/14735"}],"wp:attachment":[{"href":"https:\/\/www.aungwinter.com\/fr\/wp-json\/wp\/v2\/media?parent=14727"}],"wp:term":[{"taxonomy":"product_brand","embeddable":true,"href":"https:\/\/www.aungwinter.com\/fr\/wp-json\/wp\/v2\/product_brand?post=14727"},{"taxonomy":"product_cat","embeddable":true,"href":"https:\/\/www.aungwinter.com\/fr\/wp-json\/wp\/v2\/product_cat?post=14727"},{"taxonomy":"product_tag","embeddable":true,"href":"https:\/\/www.aungwinter.com\/fr\/wp-json\/wp\/v2\/product_tag?post=14727"},{"taxonomy":"hf_cat_product","embeddable":true,"href":"https:\/\/www.aungwinter.com\/fr\/wp-json\/wp\/v2\/hf_cat_product?post=14727"}],"curies":[{"name":"wp","href":"https:\/\/api.w.org\/{rel}","templated":true}]}}