{"id":14792,"date":"2025-07-15T07:55:29","date_gmt":"2025-07-15T07:55:29","guid":{"rendered":"https:\/\/www.aungwinter.com\/?post_type=product&#038;p=14792"},"modified":"2025-07-15T07:55:30","modified_gmt":"2025-07-15T07:55:30","slug":"masque-de-ski-tricote-personnalise-respirant-coupe-vent-3-trous-brode","status":"publish","type":"product","link":"https:\/\/www.aungwinter.com\/fr\/product\/custom-windproof-3-hole-breathable-embroidery-knitted-ski-mask\/","title":{"rendered":"Masque de ski tricot\u00e9 personnalis\u00e9, respirant, coupe-vent, \u00e0 3 trous et brod\u00e9"},"content":{"rendered":"<table width=\"625\">\n<tbody>\n<tr>\n<td width=\"248\">M\u00e9thodes d'impression<\/td>\n<td width=\"377\">personnalis\u00e9<\/td>\n<\/tr>\n<tr>\n<td>Tour de t\u00eate<\/td>\n<td>R\u00e9glable<\/td>\n<\/tr>\n<tr>\n<td>Type de motif<\/td>\n<td>Personnage, personnalis\u00e9<\/td>\n<\/tr>\n<tr>\n<td>Genre<\/td>\n<td>Unisexe<\/td>\n<\/tr>\n<tr>\n<td>Tranche d'\u00e2ge<\/td>\n<td>Adultes<\/td>\n<\/tr>\n<tr>\n<td>Techniques<\/td>\n<td>Tricot plat<\/td>\n<\/tr>\n<tr>\n<td>Mat\u00e9riau<\/td>\n<td>100% Acrylique<\/td>\n<\/tr>\n<tr>\n<td>Num\u00e9ro de mod\u00e8le<\/td>\n<td>AWS-B014<\/td>\n<\/tr>\n<tr>\n<td>Lieu d'origine<\/td>\n<td>Shenzhen, Chine<\/td>\n<\/tr>\n<tr>\n<td>Sc\u00e8ne applicable<\/td>\n<td>D\u00e9contract\u00e9, Quotidien, SKI, Plein air<\/td>\n<\/tr>\n<tr>\n<td>D\u00e9coration<\/td>\n<td>autre<\/td>\n<\/tr>\n<tr>\n<td>Nom de marque<\/td>\n<td>Aungwinter<\/td>\n<\/tr>\n<tr>\n<td>Couleur<\/td>\n<td>Personnalis\u00e9<\/td>\n<\/tr>\n<tr>\n<td>Logo sur la casquette<\/td>\n<td>logo personnalis\u00e9<\/td>\n<\/tr>\n<tr>\n<td>Chapeau MOQ<\/td>\n<td>25 pi\u00e8ces<\/td>\n<\/tr>\n<tr>\n<td>\u00c9chantillon de chapeau  temps<\/td>\n<td>3 \u00e0 5 jours ouvrables<\/td>\n<\/tr>\n<tr>\n<td>Mod\u00e8le de chapeau<\/td>\n<td>tricot\u00e9<\/td>\n<\/tr>\n<tr>\n<td>Prix du chapeau<\/td>\n<td>bon march\u00e9, en gros, comp\u00e9titif<\/td>\n<\/tr>\n<\/tbody>\n<\/table>","protected":false},"excerpt":{"rendered":"<p>Le masque de ski est con\u00e7u pour offrir une protection contre le vent, une bonne respirabilit\u00e9 et un confort optimal. Il est dot\u00e9 de trois ouvertures strat\u00e9giques pour les yeux, le nez et la bouche, ainsi que d'une broderie personnalisable pour un look unique.<\/p>","protected":false},"featured_media":14793,"template":"","meta":{"_seopress_robots_primary_cat":"","_seopress_titles_title":"","_seopress_titles_desc":"","_seopress_robots_index":"","_gspb_post_css":"","_jf_limit_responses":"","_jet_sm_ready_style":"","_jet_sm_style":"","_jet_sm_controls_values":"","_jet_sm_fonts_collection":"","_jet_sm_fonts_links":""},"product_brand":[],"product_cat":[71],"product_tag":[],"hf_cat_product":[],"class_list":{"0":"post-14792","1":"product","2":"type-product","3":"status-publish","4":"has-post-thumbnail","6":"product_cat-ski-mask","8":"first","9":"instock","10":"shipping-taxable","11":"product-type-simple"},"_links":{"self":[{"href":"https:\/\/www.aungwinter.com\/fr\/wp-json\/wp\/v2\/product\/14792","targetHints":{"allow":["GET"]}}],"collection":[{"href":"https:\/\/www.aungwinter.com\/fr\/wp-json\/wp\/v2\/product"}],"about":[{"href":"https:\/\/www.aungwinter.com\/fr\/wp-json\/wp\/v2\/types\/product"}],"wp:featuredmedia":[{"embeddable":true,"href":"https:\/\/www.aungwinter.com\/fr\/wp-json\/wp\/v2\/media\/14793"}],"wp:attachment":[{"href":"https:\/\/www.aungwinter.com\/fr\/wp-json\/wp\/v2\/media?parent=14792"}],"wp:term":[{"taxonomy":"product_brand","embeddable":true,"href":"https:\/\/www.aungwinter.com\/fr\/wp-json\/wp\/v2\/product_brand?post=14792"},{"taxonomy":"product_cat","embeddable":true,"href":"https:\/\/www.aungwinter.com\/fr\/wp-json\/wp\/v2\/product_cat?post=14792"},{"taxonomy":"product_tag","embeddable":true,"href":"https:\/\/www.aungwinter.com\/fr\/wp-json\/wp\/v2\/product_tag?post=14792"},{"taxonomy":"hf_cat_product","embeddable":true,"href":"https:\/\/www.aungwinter.com\/fr\/wp-json\/wp\/v2\/hf_cat_product?post=14792"}],"curies":[{"name":"wp","href":"https:\/\/api.w.org\/{rel}","templated":true}]}}