{"id":14844,"date":"2025-07-18T02:51:20","date_gmt":"2025-07-18T02:51:20","guid":{"rendered":"https:\/\/www.aungwinter.com\/?post_type=product&#038;p=14844"},"modified":"2025-07-18T02:51:20","modified_gmt":"2025-07-18T02:51:20","slug":"chapeau-de-pecheur-pour-femme-nouveau-modele-en-maille-creuse-protection-solaire-acrylique","status":"publish","type":"product","link":"https:\/\/www.aungwinter.com\/fr\/product\/womens-new-hollow-knitted-sun-protection-acrylic-fisherman-hat\/","title":{"rendered":"Nouveau chapeau de p\u00eacheur en acrylique tricot\u00e9 creux pour femmes, offrant une protection solaire"},"content":{"rendered":"<table width=\"548\">\n<tbody>\n<tr>\n<td width=\"254\">Saison applicable<\/td>\n<td width=\"294\">Hiver<\/td>\n<\/tr>\n<tr>\n<td>Techniques<\/td>\n<td width=\"294\">Impression par transfert thermique<\/td>\n<\/tr>\n<tr>\n<td>Tour de t\u00eate<\/td>\n<td width=\"294\">56-58 cm<\/td>\n<\/tr>\n<tr>\n<td>Mat\u00e9riau<\/td>\n<td width=\"294\">Fil sp\u00e9cial<\/td>\n<\/tr>\n<tr>\n<td>Type de motif<\/td>\n<td width=\"294\">Fleur<\/td>\n<\/tr>\n<tr>\n<td>Style<\/td>\n<td width=\"294\">D\u00e9contract\u00e9<\/td>\n<\/tr>\n<tr>\n<td>Tranche d'\u00e2ge<\/td>\n<td width=\"294\">Adultes<\/td>\n<\/tr>\n<tr>\n<td>Genre<\/td>\n<td width=\"294\">Femme<\/td>\n<\/tr>\n<tr>\n<td>M\u00e9thodes d'impression<\/td>\n<td width=\"294\">Aucun<\/td>\n<\/tr>\n<tr>\n<td>Num\u00e9ro de mod\u00e8le<\/td>\n<td width=\"294\">AWB202539<\/td>\n<\/tr>\n<tr>\n<td>Type de tissu<\/td>\n<td width=\"294\">Fil sp\u00e9cial<\/td>\n<\/tr>\n<tr>\n<td>Position du logo<\/td>\n<td width=\"294\">partie arri\u00e8re incurv\u00e9e<\/td>\n<\/tr>\n<tr>\n<td>Lieu d'origine<\/td>\n<td width=\"294\">Guangdong, Chine<\/td>\n<\/tr>\n<tr>\n<td>Sc\u00e8ne applicable<\/td>\n<td width=\"294\">Plage, d\u00e9contract\u00e9, plein air, etc.<\/td>\n<\/tr>\n<tr>\n<td>Nom de marque<\/td>\n<td width=\"294\">Aungwinter<\/td>\n<\/tr>\n<tr>\n<td>Nom du produit<\/td>\n<td width=\"294\">Chapeau bob tiss\u00e9<\/td>\n<\/tr>\n<tr>\n<td>mat\u00e9riel<\/td>\n<td width=\"294\">100% Acrylique<\/td>\n<\/tr>\n<tr>\n<td>couleur<\/td>\n<td width=\"294\">Beige, noir, caf\u00e9<\/td>\n<\/tr>\n<tr>\n<td>taille<\/td>\n<td width=\"294\">56-58 cm<\/td>\n<\/tr>\n<tr>\n<td>Style<\/td>\n<td width=\"294\">Nouveaut\u00e9, Mode<\/td>\n<\/tr>\n<\/tbody>\n<\/table>","protected":false},"excerpt":{"rendered":"<p>Le chapeau Fisherman Hat est dot\u00e9 d'une conception tricot\u00e9e ouverte et respirante, fabriqu\u00e9e \u00e0 partir d'acrylique l\u00e9ger, offrant une protection solaire \u00e9l\u00e9gante avec un ajustement confortable et a\u00e9r\u00e9.<\/p>","protected":false},"featured_media":14845,"template":"","meta":{"_seopress_robots_primary_cat":"","_seopress_titles_title":"","_seopress_titles_desc":"","_seopress_robots_index":"","_gspb_post_css":"","_jf_limit_responses":"","_jet_sm_ready_style":"","_jet_sm_style":"","_jet_sm_controls_values":"","_jet_sm_fonts_collection":"","_jet_sm_fonts_links":""},"product_brand":[],"product_cat":[29],"product_tag":[],"hf_cat_product":[],"class_list":{"0":"post-14844","1":"product","2":"type-product","3":"status-publish","4":"has-post-thumbnail","6":"product_cat-knit-bucket-hats","8":"first","9":"instock","10":"shipping-taxable","11":"product-type-simple"},"_links":{"self":[{"href":"https:\/\/www.aungwinter.com\/fr\/wp-json\/wp\/v2\/product\/14844","targetHints":{"allow":["GET"]}}],"collection":[{"href":"https:\/\/www.aungwinter.com\/fr\/wp-json\/wp\/v2\/product"}],"about":[{"href":"https:\/\/www.aungwinter.com\/fr\/wp-json\/wp\/v2\/types\/product"}],"wp:featuredmedia":[{"embeddable":true,"href":"https:\/\/www.aungwinter.com\/fr\/wp-json\/wp\/v2\/media\/14845"}],"wp:attachment":[{"href":"https:\/\/www.aungwinter.com\/fr\/wp-json\/wp\/v2\/media?parent=14844"}],"wp:term":[{"taxonomy":"product_brand","embeddable":true,"href":"https:\/\/www.aungwinter.com\/fr\/wp-json\/wp\/v2\/product_brand?post=14844"},{"taxonomy":"product_cat","embeddable":true,"href":"https:\/\/www.aungwinter.com\/fr\/wp-json\/wp\/v2\/product_cat?post=14844"},{"taxonomy":"product_tag","embeddable":true,"href":"https:\/\/www.aungwinter.com\/fr\/wp-json\/wp\/v2\/product_tag?post=14844"},{"taxonomy":"hf_cat_product","embeddable":true,"href":"https:\/\/www.aungwinter.com\/fr\/wp-json\/wp\/v2\/hf_cat_product?post=14844"}],"curies":[{"name":"wp","href":"https:\/\/api.w.org\/{rel}","templated":true}]}}