{"id":14850,"date":"2025-07-18T03:05:54","date_gmt":"2025-07-18T03:05:54","guid":{"rendered":"https:\/\/www.aungwinter.com\/?post_type=product&#038;p=14850"},"modified":"2025-07-18T03:05:55","modified_gmt":"2025-07-18T03:05:55","slug":"chapeau-bob-en-laine-tricotee-avec-patch-brode-de-fleurs-colorees-au-crochet","status":"publish","type":"product","link":"https:\/\/www.aungwinter.com\/fr\/product\/wool-knitted-commission-patch-colorful-flower-crochet-bucket-hat\/","title":{"rendered":"Chapeau bob en laine tricot\u00e9e avec \u00e9cusson color\u00e9 et fleurs au crochet"},"content":{"rendered":"<table width=\"548\">\n<tbody>\n<tr>\n<td width=\"254\">\u00a0Saison applicable<\/td>\n<td width=\"294\">Quatre saisons<\/td>\n<\/tr>\n<tr>\n<td>Techniques<\/td>\n<td width=\"294\">crochet \u00e0 la main<\/td>\n<\/tr>\n<tr>\n<td>Mat\u00e9riau<\/td>\n<td width=\"294\">Laine<\/td>\n<\/tr>\n<tr>\n<td>Type de motif<\/td>\n<td width=\"294\">Fleurs, rayures<\/td>\n<\/tr>\n<tr>\n<td>Style<\/td>\n<td width=\"294\">Style japonais et cor\u00e9en<\/td>\n<\/tr>\n<tr>\n<td>Tranche d'\u00e2ge<\/td>\n<td width=\"294\">Adultes<\/td>\n<\/tr>\n<tr>\n<td>Genre<\/td>\n<td width=\"294\">Unisexe<\/td>\n<\/tr>\n<tr>\n<td>M\u00e9thodes d'impression<\/td>\n<td width=\"294\">Autre<\/td>\n<\/tr>\n<tr>\n<td>Num\u00e9ro de mod\u00e8le<\/td>\n<td width=\"294\">Chapeau bob au crochet<\/td>\n<\/tr>\n<tr>\n<td>Type de tissu<\/td>\n<td width=\"294\">En laine<\/td>\n<\/tr>\n<tr>\n<td>Position du logo<\/td>\n<td width=\"294\">aucun<\/td>\n<\/tr>\n<tr>\n<td>Lieu d'origine<\/td>\n<td width=\"294\">Guangdong, Chine<\/td>\n<\/tr>\n<tr>\n<td>Sc\u00e8ne applicable<\/td>\n<td width=\"294\">D\u00e9contract\u00e9, Plein air, Voyage, Shopping, F\u00eate<\/td>\n<\/tr>\n<tr>\n<td>Fonctionnalit\u00e9<\/td>\n<td width=\"294\">ventil\u00e9<\/td>\n<\/tr>\n<tr>\n<td>Motif<\/td>\n<td width=\"294\">tricot\u00e9<\/td>\n<\/tr>\n<\/tbody>\n<\/table>","protected":false},"excerpt":{"rendered":"<p>Le chapeau bob au crochet pr\u00e9sente un design unique au crochet avec des empi\u00e8cements floraux color\u00e9s. Fabriqu\u00e9 dans une mati\u00e8re en laine chaude, il constitue une option \u00e9l\u00e9gante et confortable pour les journ\u00e9es plus fra\u00eeches.<\/p>","protected":false},"featured_media":14853,"template":"","meta":{"_seopress_robots_primary_cat":"","_seopress_titles_title":"","_seopress_titles_desc":"","_seopress_robots_index":"","_gspb_post_css":"","_jf_limit_responses":"","_jet_sm_ready_style":"","_jet_sm_style":"","_jet_sm_controls_values":"","_jet_sm_fonts_collection":"","_jet_sm_fonts_links":""},"product_brand":[],"product_cat":[29],"product_tag":[],"hf_cat_product":[],"class_list":{"0":"post-14850","1":"product","2":"type-product","3":"status-publish","4":"has-post-thumbnail","6":"product_cat-knit-bucket-hats","8":"first","9":"instock","10":"shipping-taxable","11":"product-type-simple"},"_links":{"self":[{"href":"https:\/\/www.aungwinter.com\/fr\/wp-json\/wp\/v2\/product\/14850","targetHints":{"allow":["GET"]}}],"collection":[{"href":"https:\/\/www.aungwinter.com\/fr\/wp-json\/wp\/v2\/product"}],"about":[{"href":"https:\/\/www.aungwinter.com\/fr\/wp-json\/wp\/v2\/types\/product"}],"wp:featuredmedia":[{"embeddable":true,"href":"https:\/\/www.aungwinter.com\/fr\/wp-json\/wp\/v2\/media\/14853"}],"wp:attachment":[{"href":"https:\/\/www.aungwinter.com\/fr\/wp-json\/wp\/v2\/media?parent=14850"}],"wp:term":[{"taxonomy":"product_brand","embeddable":true,"href":"https:\/\/www.aungwinter.com\/fr\/wp-json\/wp\/v2\/product_brand?post=14850"},{"taxonomy":"product_cat","embeddable":true,"href":"https:\/\/www.aungwinter.com\/fr\/wp-json\/wp\/v2\/product_cat?post=14850"},{"taxonomy":"product_tag","embeddable":true,"href":"https:\/\/www.aungwinter.com\/fr\/wp-json\/wp\/v2\/product_tag?post=14850"},{"taxonomy":"hf_cat_product","embeddable":true,"href":"https:\/\/www.aungwinter.com\/fr\/wp-json\/wp\/v2\/hf_cat_product?post=14850"}],"curies":[{"name":"wp","href":"https:\/\/api.w.org\/{rel}","templated":true}]}}