{"id":14865,"date":"2025-07-21T03:32:38","date_gmt":"2025-07-21T03:32:38","guid":{"rendered":"https:\/\/www.aungwinter.com\/?post_type=product&#038;p=14865"},"modified":"2025-07-21T03:39:47","modified_gmt":"2025-07-21T03:39:47","slug":"chapeau-a-6-panneaux-en-laine-melton-personnalisee-avec-appliques-en-pied-de-poule-et-oreillettes","status":"publish","type":"product","link":"https:\/\/www.aungwinter.com\/fr\/product\/custom-melton-wool-6-panel-applique-houndstooth-hat-with-ear-flaps\/","title":{"rendered":"Chapeau \u00e0 6 panneaux en laine Melton personnalis\u00e9 avec motif pied-de-poule et oreillettes"},"content":{"rendered":"<table style=\"border-collapse: collapse; width: 411.02pt;\" border=\"0\" width=\"548\" cellspacing=\"0\" cellpadding=\"0\">\n<tbody>\n<tr style=\"height: 37.00pt;\">\n<td style=\"height: 37.00pt; width: 190.50pt;\" width=\"254\" height=\"49\">Caract\u00e9ristique du tissu<\/td>\n<td class=\"et2\" style=\"width: 220.50pt;\" width=\"294\">COMMON<\/td>\n<\/tr>\n<tr style=\"height: 37.00pt;\">\n<td style=\"height: 37.00pt;\" height=\"49\">Sc\u00e8ne applicable<\/td>\n<td class=\"et2\" style=\"width: 220.50pt;\" width=\"294\">Voyage, Plein air, D\u00e9contract\u00e9, Faire du shopping, Voyager, Usage domestique<\/td>\n<\/tr>\n<tr style=\"height: 37.00pt;\">\n<td style=\"height: 37.00pt;\" height=\"49\">Mat\u00e9riau<\/td>\n<td class=\"et2\" style=\"width: 220.50pt;\" width=\"294\">laine melton<\/td>\n<\/tr>\n<tr style=\"height: 37.00pt;\">\n<td style=\"height: 37.00pt;\" height=\"49\">Style<\/td>\n<td class=\"et2\" style=\"width: 220.50pt;\" width=\"294\">peluche<\/td>\n<\/tr>\n<tr style=\"height: 37.00pt;\">\n<td style=\"height: 37.00pt;\" height=\"49\">Tranche d'\u00e2ge<\/td>\n<td class=\"et2\" style=\"width: 220.50pt;\" width=\"294\">Adultes<\/td>\n<\/tr>\n<tr style=\"height: 37.00pt;\">\n<td style=\"height: 37.00pt;\" height=\"49\">Genre<\/td>\n<td class=\"et2\" style=\"width: 220.50pt;\" width=\"294\">Unisexe<\/td>\n<\/tr>\n<tr style=\"height: 37.00pt;\">\n<td style=\"height: 37.00pt;\" height=\"49\">M\u00e9thodes d'impression<\/td>\n<td class=\"et2\" style=\"width: 220.50pt;\" width=\"294\">Impression par transfert sublimatique, impression num\u00e9rique, gaufrage, impression en relief<\/td>\n<\/tr>\n<tr style=\"height: 73.00pt;\">\n<td style=\"height: 73.00pt;\" height=\"97\">Techniques<\/td>\n<td class=\"et2\" style=\"width: 220.50pt;\" width=\"294\">S\u00e9rigraphie, impression par transfert thermique, broderie m\u00e9canique, etc.<\/td>\n<\/tr>\n<tr style=\"height: 37.00pt;\">\n<td style=\"height: 37.00pt;\" height=\"49\">Lieu d'origine<\/td>\n<td class=\"et2\" style=\"width: 220.50pt;\" width=\"294\">Guangdong, Chine<\/td>\n<\/tr>\n<tr style=\"height: 37.00pt;\">\n<td style=\"height: 37.00pt;\" height=\"49\">Nom de marque<\/td>\n<td class=\"et2\" style=\"width: 220.50pt;\" width=\"294\">Aungwinter<\/td>\n<\/tr>\n<tr style=\"height: 37.00pt;\">\n<td style=\"height: 37.00pt;\" height=\"49\">Num\u00e9ro de mod\u00e8le<\/td>\n<td class=\"et2\" style=\"width: 220.50pt;\" width=\"294\">SN000196<\/td>\n<\/tr>\n<tr style=\"height: 37.00pt;\">\n<td style=\"height: 37.00pt;\" height=\"49\">Taille<\/td>\n<td class=\"et2\" style=\"width: 220.50pt;\" width=\"294\">58 cm<\/td>\n<\/tr>\n<tr style=\"height: 37.00pt;\">\n<td style=\"height: 37.00pt;\" height=\"49\">temps de production<\/td>\n<td class=\"et2\" style=\"width: 220.50pt;\" width=\"294\">7 \u00e0 20 jours<\/td>\n<\/tr>\n<tr style=\"height: 37.00pt;\">\n<td style=\"height: 37.00pt;\" height=\"49\">Histoire de l'usine<\/td>\n<td class=\"et2\" style=\"width: 220.50pt;\" width=\"294\">25 ans d'histoire de l'usine<\/td>\n<\/tr>\n<tr style=\"height: 37.00pt;\">\n<td style=\"height: 37.00pt;\" height=\"49\">Petite commande<\/td>\n<td class=\"et2\" style=\"width: 220.50pt;\" width=\"294\">50 pi\u00e8ces, vente en gros propos\u00e9e<\/td>\n<\/tr>\n<tr style=\"height: 37.00pt;\">\n<td style=\"height: 37.00pt;\" height=\"49\">Service<\/td>\n<td class=\"et2\" style=\"width: 220.50pt;\" width=\"294\">OEM\/ODM, Conception<\/td>\n<\/tr>\n<tr style=\"height: 37.00pt;\">\n<td style=\"height: 37.00pt;\" height=\"49\">Prix<\/td>\n<td class=\"et2\" style=\"width: 220.50pt;\" width=\"294\">Prix d'usine comp\u00e9titif<\/td>\n<\/tr>\n<tr style=\"height: 37.00pt;\">\n<td style=\"height: 37.00pt;\" height=\"49\">Logo<\/td>\n<td class=\"et2\" style=\"width: 220.50pt;\" width=\"294\">personnalis\u00e9<\/td>\n<\/tr>\n<tr style=\"height: 37.00pt;\">\n<td style=\"height: 37.00pt;\" height=\"49\">Temps d'\u00e9chantillonnage<\/td>\n<td class=\"et2\" style=\"width: 220.50pt;\" width=\"294\">3 \u00e0 7 jours pour les mod\u00e8les courants<\/td>\n<\/tr>\n<tr style=\"height: 37.00pt;\">\n<td style=\"height: 37.00pt;\" height=\"49\">Lieu d'origine<\/td>\n<td class=\"et2\" style=\"width: 220.50pt;\" width=\"294\">Shenzhen, Chine (continentale)<\/td>\n<\/tr>\n<tr style=\"height: 37.00pt;\">\n<td style=\"height: 37.00pt;\" height=\"49\">Type d'entreprise<\/td>\n<td class=\"et2\" style=\"width: 220.50pt;\" width=\"294\">Fabrication<\/td>\n<\/tr>\n<tr style=\"height: 37.00pt;\">\n<td style=\"height: 37.00pt;\" height=\"49\">conception<\/td>\n<td class=\"et2\" style=\"width: 220.50pt;\" width=\"294\">la conception personnalis\u00e9e est acceptable<\/td>\n<\/tr>\n<\/tbody>\n<\/table>","protected":false},"excerpt":{"rendered":"<p>Le bonnet Houndstooth Hat allie la chaleur de la laine Melton, un motif classique \u00e0 6 panneaux en pied-de-poule, des oreillettes fonctionnelles pour une protection suppl\u00e9mentaire contre le froid et la possibilit\u00e9 d'ajouter une applique personnalis\u00e9e pour affirmer votre style.<\/p>","protected":false},"featured_media":14871,"template":"","meta":{"_seopress_robots_primary_cat":"","_seopress_titles_title":"","_seopress_titles_desc":"","_seopress_robots_index":"","_gspb_post_css":"","_jf_limit_responses":"","_jet_sm_ready_style":"","_jet_sm_style":"","_jet_sm_controls_values":"","_jet_sm_fonts_collection":"","_jet_sm_fonts_links":""},"product_brand":[],"product_cat":[31],"product_tag":[],"hf_cat_product":[],"class_list":{"0":"post-14865","1":"product","2":"type-product","3":"status-publish","4":"has-post-thumbnail","6":"product_cat-earflap-hats","8":"first","9":"instock","10":"shipping-taxable","11":"product-type-simple"},"_links":{"self":[{"href":"https:\/\/www.aungwinter.com\/fr\/wp-json\/wp\/v2\/product\/14865","targetHints":{"allow":["GET"]}}],"collection":[{"href":"https:\/\/www.aungwinter.com\/fr\/wp-json\/wp\/v2\/product"}],"about":[{"href":"https:\/\/www.aungwinter.com\/fr\/wp-json\/wp\/v2\/types\/product"}],"wp:featuredmedia":[{"embeddable":true,"href":"https:\/\/www.aungwinter.com\/fr\/wp-json\/wp\/v2\/media\/14871"}],"wp:attachment":[{"href":"https:\/\/www.aungwinter.com\/fr\/wp-json\/wp\/v2\/media?parent=14865"}],"wp:term":[{"taxonomy":"product_brand","embeddable":true,"href":"https:\/\/www.aungwinter.com\/fr\/wp-json\/wp\/v2\/product_brand?post=14865"},{"taxonomy":"product_cat","embeddable":true,"href":"https:\/\/www.aungwinter.com\/fr\/wp-json\/wp\/v2\/product_cat?post=14865"},{"taxonomy":"product_tag","embeddable":true,"href":"https:\/\/www.aungwinter.com\/fr\/wp-json\/wp\/v2\/product_tag?post=14865"},{"taxonomy":"hf_cat_product","embeddable":true,"href":"https:\/\/www.aungwinter.com\/fr\/wp-json\/wp\/v2\/hf_cat_product?post=14865"}],"curies":[{"name":"wp","href":"https:\/\/api.w.org\/{rel}","templated":true}]}}