{"id":14881,"date":"2025-07-22T02:27:26","date_gmt":"2025-07-22T02:27:26","guid":{"rendered":"https:\/\/www.aungwinter.com\/?post_type=product&#038;p=14881"},"modified":"2025-07-22T02:28:17","modified_gmt":"2025-07-22T02:28:17","slug":"chapeau-bob-a-volants-unique-en-coton-tricote-au-crochet-special-automne-hiver","status":"publish","type":"product","link":"https:\/\/www.aungwinter.com\/fr\/product\/custom-autumn-and-winter-cotton-unique-crochet-knitted-ruffle-bucket-hat\/","title":{"rendered":"Chapeau bob \u00e0 volants unique en coton, tricot\u00e9 au crochet, personnalis\u00e9 pour l'automne et l'hiver"},"content":{"rendered":"<table style=\"border-collapse: collapse; width: 663.77pt;\" border=\"0\" width=\"885\" cellspacing=\"0\" cellpadding=\"0\">\n<tbody>\n<tr style=\"height: 37.00pt;\">\n<td style=\"height: 37.00pt; width: 183.75pt;\" width=\"245\" height=\"49\">Style<\/td>\n<td class=\"et2\" style=\"width: 480.00pt;\" width=\"640\">\u00c9l\u00e9gant<\/td>\n<\/tr>\n<tr style=\"height: 37.00pt;\">\n<td style=\"height: 37.00pt;\" height=\"49\">Caract\u00e9ristique du tissu<\/td>\n<td class=\"et2\" style=\"width: 480.00pt;\" width=\"640\">COMMON<\/td>\n<\/tr>\n<tr style=\"height: 37.00pt;\">\n<td style=\"height: 37.00pt;\" height=\"49\">M\u00e9thodes d'impression<\/td>\n<td class=\"et2\" style=\"width: 480.00pt;\" width=\"640\">Impression par transfert sublimatique, impression num\u00e9rique, impression floqu\u00e9e, autre<\/td>\n<\/tr>\n<tr style=\"height: 37.00pt;\">\n<td style=\"height: 37.00pt;\" height=\"49\">Tour de t\u00eate<\/td>\n<td class=\"et2\" style=\"width: 480.00pt;\" width=\"640\">54-56 cm, 56-58 cm<\/td>\n<\/tr>\n<tr style=\"height: 37.00pt;\">\n<td style=\"height: 37.00pt;\" height=\"49\">Type de motif<\/td>\n<td class=\"et2\" style=\"width: 480.00pt;\" width=\"640\">Solide, floral<\/td>\n<\/tr>\n<tr style=\"height: 37.00pt;\">\n<td style=\"height: 37.00pt;\" height=\"49\">Genre<\/td>\n<td class=\"et2\" style=\"width: 480.00pt;\" width=\"640\">Unisexe<\/td>\n<\/tr>\n<tr style=\"height: 37.00pt;\">\n<td style=\"height: 37.00pt;\" height=\"49\">Tranche d'\u00e2ge<\/td>\n<td class=\"et2\" style=\"width: 480.00pt;\" width=\"640\">Adultes<\/td>\n<\/tr>\n<tr style=\"height: 37.00pt;\">\n<td style=\"height: 37.00pt;\" height=\"49\">Techniques<\/td>\n<td class=\"et2\" style=\"width: 480.00pt;\" width=\"640\">Tricot plat, tricot\u00e9 \u00e0 la main<\/td>\n<\/tr>\n<tr style=\"height: 37.00pt;\">\n<td style=\"height: 37.00pt;\" height=\"49\">Mat\u00e9riau<\/td>\n<td class=\"et2\" style=\"width: 480.00pt;\" width=\"640\">Fil de coton<\/td>\n<\/tr>\n<tr style=\"height: 37.00pt;\">\n<td style=\"height: 37.00pt;\" height=\"49\">Lieu d'origine<\/td>\n<td class=\"et2\" style=\"width: 480.00pt;\" width=\"640\">Guangdong, Chine<\/td>\n<\/tr>\n<tr style=\"height: 37.00pt;\">\n<td style=\"height: 37.00pt;\" height=\"49\">Sc\u00e8ne applicable<\/td>\n<td class=\"et2\" style=\"width: 480.00pt;\" width=\"640\">Voyage, plein air, quotidien, d\u00e9contract\u00e9, f\u00eate, usage domestique<\/td>\n<\/tr>\n<tr style=\"height: 37.00pt;\">\n<td style=\"height: 37.00pt;\" height=\"49\">D\u00e9coration<\/td>\n<td class=\"et2\" style=\"width: 480.00pt;\" width=\"640\">autre<\/td>\n<\/tr>\n<tr style=\"height: 37.00pt;\">\n<td style=\"height: 37.00pt;\" height=\"49\">D\u00e9tection d'aiguilles<\/td>\n<td class=\"et2\" style=\"width: 480.00pt;\" width=\"640\">NON<\/td>\n<\/tr>\n<tr style=\"height: 37.00pt;\">\n<td style=\"height: 37.00pt;\" height=\"49\">Logo personnalis\u00e9<\/td>\n<td class=\"et2\" style=\"width: 480.00pt;\" width=\"640\">Brod\u00e9, imprim\u00e9, \u00e9tiquette<\/td>\n<\/tr>\n<tr style=\"height: 37.00pt;\">\n<td style=\"height: 37.00pt;\" height=\"49\">Fonctionnel<\/td>\n<td class=\"et2\" style=\"width: 480.00pt;\" width=\"640\">\u00c0 la mode, doux et chaud pour No\u00ebl<\/td>\n<\/tr>\n<\/tbody>\n<\/table>","protected":false},"excerpt":{"rendered":"<p>Ce chapeau bob \u00e0 volants personnalis\u00e9 pr\u00e9sente un design confortable, crochet\u00e9 \u00e0 la main, avec d'\u00e9l\u00e9gants volants, parfait pour rester au chaud et \u00e9l\u00e9gant pendant les mois les plus froids.<\/p>","protected":false},"featured_media":14886,"template":"","meta":{"_seopress_robots_primary_cat":"","_seopress_titles_title":"","_seopress_titles_desc":"","_seopress_robots_index":"","_gspb_post_css":"","_jf_limit_responses":"","_jet_sm_ready_style":"","_jet_sm_style":"","_jet_sm_controls_values":"","_jet_sm_fonts_collection":"","_jet_sm_fonts_links":""},"product_brand":[],"product_cat":[29],"product_tag":[],"hf_cat_product":[],"class_list":{"0":"post-14881","1":"product","2":"type-product","3":"status-publish","4":"has-post-thumbnail","6":"product_cat-knit-bucket-hats","8":"first","9":"instock","10":"shipping-taxable","11":"product-type-simple"},"_links":{"self":[{"href":"https:\/\/www.aungwinter.com\/fr\/wp-json\/wp\/v2\/product\/14881","targetHints":{"allow":["GET"]}}],"collection":[{"href":"https:\/\/www.aungwinter.com\/fr\/wp-json\/wp\/v2\/product"}],"about":[{"href":"https:\/\/www.aungwinter.com\/fr\/wp-json\/wp\/v2\/types\/product"}],"wp:featuredmedia":[{"embeddable":true,"href":"https:\/\/www.aungwinter.com\/fr\/wp-json\/wp\/v2\/media\/14886"}],"wp:attachment":[{"href":"https:\/\/www.aungwinter.com\/fr\/wp-json\/wp\/v2\/media?parent=14881"}],"wp:term":[{"taxonomy":"product_brand","embeddable":true,"href":"https:\/\/www.aungwinter.com\/fr\/wp-json\/wp\/v2\/product_brand?post=14881"},{"taxonomy":"product_cat","embeddable":true,"href":"https:\/\/www.aungwinter.com\/fr\/wp-json\/wp\/v2\/product_cat?post=14881"},{"taxonomy":"product_tag","embeddable":true,"href":"https:\/\/www.aungwinter.com\/fr\/wp-json\/wp\/v2\/product_tag?post=14881"},{"taxonomy":"hf_cat_product","embeddable":true,"href":"https:\/\/www.aungwinter.com\/fr\/wp-json\/wp\/v2\/hf_cat_product?post=14881"}],"curies":[{"name":"wp","href":"https:\/\/api.w.org\/{rel}","templated":true}]}}