{"id":14900,"date":"2025-07-23T01:56:50","date_gmt":"2025-07-23T01:56:50","guid":{"rendered":"https:\/\/www.aungwinter.com\/?post_type=product&#038;p=14900"},"modified":"2025-07-23T01:57:48","modified_gmt":"2025-07-23T01:57:48","slug":"chapeau-de-pecheur-tricote-decontracte-retro-style-coreen-a-fleurs-tendance-en-polyester-pour-femmes","status":"publish","type":"product","link":"https:\/\/www.aungwinter.com\/fr\/product\/womens-polyester-trendy-flower-korean-style-retro-casual-knitted-fisherman-hat\/","title":{"rendered":"Chapeau de p\u00eacheur tricot\u00e9 d\u00e9contract\u00e9 r\u00e9tro de style cor\u00e9en \u00e0 fleurs tendance en polyester pour femmes"},"content":{"rendered":"<table style=\"border-collapse: collapse; width: 510.77pt;\" border=\"0\" width=\"681\" cellspacing=\"0\" cellpadding=\"0\">\n<tbody>\n<tr style=\"height: 37.00pt;\">\n<td style=\"height: 37.00pt; width: 178.50pt;\" width=\"238\" height=\"49\">Saison applicable<\/td>\n<td class=\"et2\" style=\"width: 332.25pt;\" width=\"443\">Quatre saisons<\/td>\n<\/tr>\n<tr style=\"height: 37.00pt;\">\n<td style=\"height: 37.00pt;\" height=\"49\">Techniques<\/td>\n<td class=\"et2\" style=\"width: 332.25pt;\" width=\"443\">Broderie \u00e0 la machine, broderie \u00e0 la main<\/td>\n<\/tr>\n<tr style=\"height: 37.00pt;\">\n<td style=\"height: 37.00pt;\" height=\"49\">Tour de t\u00eate<\/td>\n<td class=\"et2\" style=\"width: 332.25pt;\" width=\"443\">56-58 cm, 58-60 cm<\/td>\n<\/tr>\n<tr style=\"height: 37.00pt;\">\n<td style=\"height: 37.00pt;\" height=\"49\">Mat\u00e9riau<\/td>\n<td class=\"et2\" style=\"width: 332.25pt;\" width=\"443\">Polyester\/coton<\/td>\n<\/tr>\n<tr style=\"height: 37.00pt;\">\n<td style=\"height: 37.00pt;\" height=\"49\">Type de motif<\/td>\n<td class=\"et2\" style=\"width: 332.25pt;\" width=\"443\">Floral<\/td>\n<\/tr>\n<tr style=\"height: 37.00pt;\">\n<td style=\"height: 37.00pt;\" height=\"49\">Style<\/td>\n<td class=\"et2\" style=\"width: 332.25pt;\" width=\"443\">D\u00e9contract\u00e9<\/td>\n<\/tr>\n<tr style=\"height: 37.00pt;\">\n<td style=\"height: 37.00pt;\" height=\"49\">Tranche d'\u00e2ge<\/td>\n<td class=\"et2\" style=\"width: 332.25pt;\" width=\"443\">Adultes<\/td>\n<\/tr>\n<tr style=\"height: 37.00pt;\">\n<td style=\"height: 37.00pt;\" height=\"49\">Genre<\/td>\n<td class=\"et2\" style=\"width: 332.25pt;\" width=\"443\">Femme<\/td>\n<\/tr>\n<tr style=\"height: 37.00pt;\">\n<td style=\"height: 37.00pt;\" height=\"49\">M\u00e9thodes d'impression<\/td>\n<td class=\"et2\" style=\"width: 332.25pt;\" width=\"443\">Autre<\/td>\n<\/tr>\n<tr style=\"height: 37.00pt;\">\n<td style=\"height: 37.00pt;\" height=\"49\">Num\u00e9ro de mod\u00e8le<\/td>\n<td class=\"et2\" style=\"width: 332.25pt;\" width=\"443\">TBLM0021<\/td>\n<\/tr>\n<tr style=\"height: 37.00pt;\">\n<td style=\"height: 37.00pt;\" height=\"49\">Type de tissu<\/td>\n<td class=\"et2\" style=\"width: 332.25pt;\" width=\"443\">Coton<\/td>\n<\/tr>\n<tr style=\"height: 37.00pt;\">\n<td style=\"height: 37.00pt;\" height=\"49\">Position du logo<\/td>\n<td class=\"et2\" style=\"width: 332.25pt;\" width=\"443\">panneau avant, visi\u00e8re, panneau gauche, panneau droit, partie arri\u00e8re incurv\u00e9e<\/td>\n<\/tr>\n<tr style=\"height: 37.00pt;\">\n<td style=\"height: 37.00pt;\" height=\"49\">Lieu d'origine<\/td>\n<td class=\"et2\" style=\"width: 332.25pt;\" width=\"443\">Guangdong, Chine<\/td>\n<\/tr>\n<tr style=\"height: 37.00pt;\">\n<td style=\"height: 37.00pt;\" height=\"49\">D\u00e9coration<\/td>\n<td class=\"et2\" style=\"width: 332.25pt;\" width=\"443\">autre<\/td>\n<\/tr>\n<tr style=\"height: 37.00pt;\">\n<td style=\"height: 37.00pt;\" height=\"49\">Sc\u00e8ne applicable<\/td>\n<td class=\"et2\" style=\"width: 332.25pt;\" width=\"443\">Plage, D\u00e9contract\u00e9, Voyage, Quotidien, Voyager<\/td>\n<\/tr>\n<tr style=\"height: 37.00pt;\">\n<td style=\"height: 37.00pt;\" height=\"49\">Nom de marque<\/td>\n<td class=\"et2\" style=\"width: 332.25pt;\" width=\"443\">Aungwinter<\/td>\n<\/tr>\n<\/tbody>\n<\/table>","protected":false},"excerpt":{"rendered":"<p>Le chapeau de p\u00eacheur pour femme pr\u00e9sente un motif floral \u00e9l\u00e9gant, est fabriqu\u00e9 en polyester r\u00e9sistant et offre un ajustement confortable avec un look d'inspiration r\u00e9tro, parfait pour les sorties d\u00e9contract\u00e9es.<\/p>","protected":false},"featured_media":14901,"template":"","meta":{"_seopress_robots_primary_cat":"","_seopress_titles_title":"","_seopress_titles_desc":"","_seopress_robots_index":"","_gspb_post_css":"","_jf_limit_responses":"","_jet_sm_ready_style":"","_jet_sm_style":"","_jet_sm_controls_values":"","_jet_sm_fonts_collection":"","_jet_sm_fonts_links":""},"product_brand":[],"product_cat":[29],"product_tag":[],"hf_cat_product":[],"class_list":{"0":"post-14900","1":"product","2":"type-product","3":"status-publish","4":"has-post-thumbnail","6":"product_cat-knit-bucket-hats","8":"first","9":"instock","10":"shipping-taxable","11":"product-type-simple"},"_links":{"self":[{"href":"https:\/\/www.aungwinter.com\/fr\/wp-json\/wp\/v2\/product\/14900","targetHints":{"allow":["GET"]}}],"collection":[{"href":"https:\/\/www.aungwinter.com\/fr\/wp-json\/wp\/v2\/product"}],"about":[{"href":"https:\/\/www.aungwinter.com\/fr\/wp-json\/wp\/v2\/types\/product"}],"wp:featuredmedia":[{"embeddable":true,"href":"https:\/\/www.aungwinter.com\/fr\/wp-json\/wp\/v2\/media\/14901"}],"wp:attachment":[{"href":"https:\/\/www.aungwinter.com\/fr\/wp-json\/wp\/v2\/media?parent=14900"}],"wp:term":[{"taxonomy":"product_brand","embeddable":true,"href":"https:\/\/www.aungwinter.com\/fr\/wp-json\/wp\/v2\/product_brand?post=14900"},{"taxonomy":"product_cat","embeddable":true,"href":"https:\/\/www.aungwinter.com\/fr\/wp-json\/wp\/v2\/product_cat?post=14900"},{"taxonomy":"product_tag","embeddable":true,"href":"https:\/\/www.aungwinter.com\/fr\/wp-json\/wp\/v2\/product_tag?post=14900"},{"taxonomy":"hf_cat_product","embeddable":true,"href":"https:\/\/www.aungwinter.com\/fr\/wp-json\/wp\/v2\/hf_cat_product?post=14900"}],"curies":[{"name":"wp","href":"https:\/\/api.w.org\/{rel}","templated":true}]}}