{"id":14926,"date":"2025-07-25T00:55:38","date_gmt":"2025-07-25T00:55:38","guid":{"rendered":"https:\/\/www.aungwinter.com\/?post_type=product&#038;p=14926"},"modified":"2025-07-25T00:55:39","modified_gmt":"2025-07-25T00:55:39","slug":"bonnet-personnalise-chaud-et-doux-en-laine-merinos-et-acrylique-avec-pompon-pour-femmes","status":"publish","type":"product","link":"https:\/\/www.aungwinter.com\/fr\/product\/custom-warm-soft-merino-wool-acrylic-pom-pom-hat-for-women\/","title":{"rendered":"Bonnet personnalis\u00e9 chaud et doux en laine m\u00e9rinos et acrylique avec pompon pour femmes"},"content":{"rendered":"<table style=\"border-collapse: collapse; width: 530.27pt;\" border=\"0\" width=\"707\" cellspacing=\"0\" cellpadding=\"0\">\n<tbody>\n<tr style=\"height: 50.00pt;\">\n<td style=\"height: 50.00pt; width: 182.25pt;\" width=\"243\" height=\"66\">Style<\/td>\n<td style=\"width: 348.00pt;\" width=\"464\">Image<\/td>\n<\/tr>\n<tr style=\"height: 50.00pt;\">\n<td style=\"height: 50.00pt;\" height=\"66\">Sc\u00e8ne applicable<\/td>\n<td>Sports, SKI<\/td>\n<\/tr>\n<tr style=\"height: 50.00pt;\">\n<td style=\"height: 50.00pt;\" height=\"66\">Caract\u00e9ristique du tissu<\/td>\n<td>COMMON<\/td>\n<\/tr>\n<tr style=\"height: 50.00pt;\">\n<td style=\"height: 50.00pt;\" height=\"66\">M\u00e9thodes d'impression<\/td>\n<td>Aucun, Autre<\/td>\n<\/tr>\n<tr style=\"height: 50.00pt;\">\n<td style=\"height: 50.00pt;\" height=\"66\">Tour de t\u00eate<\/td>\n<td>R\u00e9glable<\/td>\n<\/tr>\n<tr style=\"height: 50.00pt;\">\n<td style=\"height: 50.00pt;\" height=\"66\">Type de motif<\/td>\n<td>Autres, Aucun<\/td>\n<\/tr>\n<tr style=\"height: 50.00pt;\">\n<td style=\"height: 50.00pt;\" height=\"66\">Genre<\/td>\n<td>Unisexe<\/td>\n<\/tr>\n<tr style=\"height: 50.00pt;\">\n<td style=\"height: 50.00pt;\" height=\"66\">Tranche d'\u00e2ge<\/td>\n<td>Adultes<\/td>\n<\/tr>\n<tr style=\"height: 50.00pt;\">\n<td style=\"height: 50.00pt;\" height=\"66\">Techniques<\/td>\n<td>Broderie \u00e0 la machine<\/td>\n<\/tr>\n<tr style=\"height: 50.00pt;\">\n<td style=\"height: 50.00pt;\" height=\"66\">Mat\u00e9riau<\/td>\n<td>Laine m\u00e9rinos Acrylique<\/td>\n<\/tr>\n<tr style=\"height: 50.00pt;\">\n<td style=\"height: 50.00pt;\" height=\"66\">D\u00e9coration<\/td>\n<td>autre<\/td>\n<\/tr>\n<tr style=\"height: 50.00pt;\">\n<td style=\"height: 50.00pt;\" height=\"66\">Num\u00e9ro de mod\u00e8le<\/td>\n<td>AWP10BE202526<\/td>\n<\/tr>\n<tr style=\"height: 50.00pt;\">\n<td style=\"height: 50.00pt;\" height=\"66\">Lieu d'origine<\/td>\n<td>Guangdong, Chine<\/td>\n<\/tr>\n<tr style=\"height: 50.00pt;\">\n<td style=\"height: 50.00pt;\" height=\"66\">Nom de marque<\/td>\n<td>Aungwinter<\/td>\n<\/tr>\n<tr style=\"height: 50.00pt;\">\n<td style=\"height: 50.00pt;\" height=\"66\">Type<\/td>\n<td>tricot\u00e9<\/td>\n<\/tr>\n<tr style=\"height: 50.00pt;\">\n<td style=\"height: 50.00pt;\" height=\"66\">Materia<\/td>\n<td>Acrylique<\/td>\n<\/tr>\n<tr style=\"height: 50.00pt;\">\n<td style=\"height: 50.00pt;\" height=\"66\">Logo<\/td>\n<td>Personnalis\u00e9<\/td>\n<\/tr>\n<tr style=\"height: 50.00pt;\">\n<td style=\"height: 50.00pt;\" height=\"66\">Couleur<\/td>\n<td>Personnalis\u00e9<\/td>\n<\/tr>\n<tr style=\"height: 50.00pt;\">\n<td style=\"height: 50.00pt;\" height=\"66\">Taille<\/td>\n<td>taille unique<\/td>\n<\/tr>\n<tr style=\"height: 50.00pt;\">\n<td style=\"height: 50.00pt;\" height=\"66\">Temps d'\u00e9chantillonnage<\/td>\n<td>7 \u00e0 10 jours<\/td>\n<\/tr>\n<tr style=\"height: 50.00pt;\">\n<td style=\"height: 50.00pt;\" height=\"66\">Quantit\u00e9 minimale de commande<\/td>\n<td>50 pi\u00e8ces<\/td>\n<\/tr>\n<tr style=\"height: 50.00pt;\">\n<td style=\"height: 50.00pt;\" height=\"66\">Service<\/td>\n<td>ODM OEM<\/td>\n<\/tr>\n<tr style=\"height: 50.00pt;\">\n<td style=\"height: 50.00pt;\" height=\"66\">Certificats<\/td>\n<td>BSCI<\/td>\n<\/tr>\n<\/tbody>\n<\/table>","protected":false},"excerpt":{"rendered":"<p>Le bonnet \u00e0 pompon personnalis\u00e9 est un accessoire d'hiver confortable et \u00e9l\u00e9gant, fabriqu\u00e9 \u00e0 partir d'un m\u00e9lange de laine m\u00e9rinos et d'acrylique, avec un pompon ludique sur le dessus pour plus de style.<\/p>","protected":false},"featured_media":14929,"template":"","meta":{"_seopress_robots_primary_cat":"","_seopress_titles_title":"","_seopress_titles_desc":"","_seopress_robots_index":"","_gspb_post_css":"","_jf_limit_responses":"","_jet_sm_ready_style":"","_jet_sm_style":"","_jet_sm_controls_values":"","_jet_sm_fonts_collection":"","_jet_sm_fonts_links":""},"product_brand":[],"product_cat":[25],"product_tag":[],"hf_cat_product":[],"class_list":{"0":"post-14926","1":"product","2":"type-product","3":"status-publish","4":"has-post-thumbnail","6":"product_cat-pompom-beanies","8":"first","9":"instock","10":"shipping-taxable","11":"product-type-simple"},"_links":{"self":[{"href":"https:\/\/www.aungwinter.com\/fr\/wp-json\/wp\/v2\/product\/14926","targetHints":{"allow":["GET"]}}],"collection":[{"href":"https:\/\/www.aungwinter.com\/fr\/wp-json\/wp\/v2\/product"}],"about":[{"href":"https:\/\/www.aungwinter.com\/fr\/wp-json\/wp\/v2\/types\/product"}],"wp:featuredmedia":[{"embeddable":true,"href":"https:\/\/www.aungwinter.com\/fr\/wp-json\/wp\/v2\/media\/14929"}],"wp:attachment":[{"href":"https:\/\/www.aungwinter.com\/fr\/wp-json\/wp\/v2\/media?parent=14926"}],"wp:term":[{"taxonomy":"product_brand","embeddable":true,"href":"https:\/\/www.aungwinter.com\/fr\/wp-json\/wp\/v2\/product_brand?post=14926"},{"taxonomy":"product_cat","embeddable":true,"href":"https:\/\/www.aungwinter.com\/fr\/wp-json\/wp\/v2\/product_cat?post=14926"},{"taxonomy":"product_tag","embeddable":true,"href":"https:\/\/www.aungwinter.com\/fr\/wp-json\/wp\/v2\/product_tag?post=14926"},{"taxonomy":"hf_cat_product","embeddable":true,"href":"https:\/\/www.aungwinter.com\/fr\/wp-json\/wp\/v2\/hf_cat_product?post=14926"}],"curies":[{"name":"wp","href":"https:\/\/api.w.org\/{rel}","templated":true}]}}