{"id":14933,"date":"2025-07-25T01:11:11","date_gmt":"2025-07-25T01:11:11","guid":{"rendered":"https:\/\/www.aungwinter.com\/?post_type=product&#038;p=14933"},"modified":"2025-07-25T01:11:12","modified_gmt":"2025-07-25T01:11:12","slug":"bonnet-personnalise-en-acrylique-avec-pompon-et-logo-brode","status":"publish","type":"product","link":"https:\/\/www.aungwinter.com\/fr\/product\/custom-acrylic-pompom-beanie-with-embroidery-logo\/","title":{"rendered":"Bonnet pompon en acrylique personnalis\u00e9 avec logo brod\u00e9"},"content":{"rendered":"<table width=\"707\">\n<tbody>\n<tr>\n<td width=\"243\">\u00a0 Style<\/td>\n<td width=\"464\">bug de l'an 2000<\/td>\n<\/tr>\n<tr>\n<td>Sc\u00e8ne applicable<\/td>\n<td>Sports, ski, plein air, loisirs, cyclisme, etc.<\/td>\n<\/tr>\n<tr>\n<td>Caract\u00e9ristique du tissu<\/td>\n<td>COMMON<\/td>\n<\/tr>\n<tr>\n<td>M\u00e9thodes d'impression<\/td>\n<td>Impression par transfert sublimatique, impression num\u00e9rique, gaufrage, etc.<\/td>\n<\/tr>\n<tr>\n<td>Tour de t\u00eate<\/td>\n<td>58-60 cm<\/td>\n<\/tr>\n<tr>\n<td>D\u00e9tection d'aiguilles<\/td>\n<td>Oui<\/td>\n<\/tr>\n<tr>\n<td>Type de motif<\/td>\n<td>Animal, Argyle, N\u0153uds, Camouflage, Personnage, etc.<\/td>\n<\/tr>\n<tr>\n<td>Genre<\/td>\n<td>Unisexe<\/td>\n<\/tr>\n<tr>\n<td>Tranche d'\u00e2ge<\/td>\n<td>Adultes<\/td>\n<\/tr>\n<tr>\n<td>Techniques<\/td>\n<td>S\u00e9rigraphie, impression par transfert thermique, etc.<\/td>\n<\/tr>\n<tr>\n<td>Mat\u00e9riau<\/td>\n<td>100% Acrylique<\/td>\n<\/tr>\n<tr>\n<td>D\u00e9coration<\/td>\n<td>Bouton, rivet, d\u00e9chir\u00e9<\/td>\n<\/tr>\n<tr>\n<td>Num\u00e9ro de mod\u00e8le<\/td>\n<td>AWP-2024-1011<\/td>\n<\/tr>\n<tr>\n<td>Lieu d'origine<\/td>\n<td>Guangdong, Chine<\/td>\n<\/tr>\n<tr>\n<td>Nom de marque<\/td>\n<td>Aung Winter<\/td>\n<\/tr>\n<tr>\n<td>Nom<\/td>\n<td>Bonnet en acrylique personnalis\u00e9 de qualit\u00e9<\/td>\n<\/tr>\n<tr>\n<td>Utilisation<\/td>\n<td>Promotion, cadeau, d\u00e9coration, etc.<\/td>\n<\/tr>\n<tr>\n<td>Motif<\/td>\n<td>bonnets<\/td>\n<\/tr>\n<tr>\n<td>\u00c9tiquette\/autocollant\/\u00e9tiquette volante<\/td>\n<td>Disponible<\/td>\n<\/tr>\n<tr>\n<td>Bandeau anti-transpiration<\/td>\n<td>coton\/polyester<\/td>\n<\/tr>\n<tr>\n<td>Logo<\/td>\n<td>Logo plat brod\u00e9 personnalis\u00e9<\/td>\n<\/tr>\n<tr>\n<td>Mot-cl\u00e9<\/td>\n<td>bonnet en tricot c\u00f4tel\u00e9 de haute qualit\u00e9<\/td>\n<\/tr>\n<\/tbody>\n<\/table>","protected":false},"excerpt":{"rendered":"<p>Le bonnet d'hiver personnalis\u00e9 est fabriqu\u00e9 en acrylique r\u00e9sistant, avec un pompon ludique et une broderie personnalisable pour une touche unique.<\/p>","protected":false},"featured_media":14938,"template":"","meta":{"_seopress_robots_primary_cat":"","_seopress_titles_title":"","_seopress_titles_desc":"","_seopress_robots_index":"","_gspb_post_css":"","_jf_limit_responses":"","_jet_sm_ready_style":"","_jet_sm_style":"","_jet_sm_controls_values":"","_jet_sm_fonts_collection":"","_jet_sm_fonts_links":""},"product_brand":[],"product_cat":[25],"product_tag":[],"hf_cat_product":[],"class_list":{"0":"post-14933","1":"product","2":"type-product","3":"status-publish","4":"has-post-thumbnail","6":"product_cat-pompom-beanies","8":"first","9":"instock","10":"shipping-taxable","11":"product-type-simple"},"_links":{"self":[{"href":"https:\/\/www.aungwinter.com\/fr\/wp-json\/wp\/v2\/product\/14933","targetHints":{"allow":["GET"]}}],"collection":[{"href":"https:\/\/www.aungwinter.com\/fr\/wp-json\/wp\/v2\/product"}],"about":[{"href":"https:\/\/www.aungwinter.com\/fr\/wp-json\/wp\/v2\/types\/product"}],"wp:featuredmedia":[{"embeddable":true,"href":"https:\/\/www.aungwinter.com\/fr\/wp-json\/wp\/v2\/media\/14938"}],"wp:attachment":[{"href":"https:\/\/www.aungwinter.com\/fr\/wp-json\/wp\/v2\/media?parent=14933"}],"wp:term":[{"taxonomy":"product_brand","embeddable":true,"href":"https:\/\/www.aungwinter.com\/fr\/wp-json\/wp\/v2\/product_brand?post=14933"},{"taxonomy":"product_cat","embeddable":true,"href":"https:\/\/www.aungwinter.com\/fr\/wp-json\/wp\/v2\/product_cat?post=14933"},{"taxonomy":"product_tag","embeddable":true,"href":"https:\/\/www.aungwinter.com\/fr\/wp-json\/wp\/v2\/product_tag?post=14933"},{"taxonomy":"hf_cat_product","embeddable":true,"href":"https:\/\/www.aungwinter.com\/fr\/wp-json\/wp\/v2\/hf_cat_product?post=14933"}],"curies":[{"name":"wp","href":"https:\/\/api.w.org\/{rel}","templated":true}]}}