{"id":14940,"date":"2025-07-25T01:35:37","date_gmt":"2025-07-25T01:35:37","guid":{"rendered":"https:\/\/www.aungwinter.com\/?post_type=product&#038;p=14940"},"modified":"2025-07-25T01:35:38","modified_gmt":"2025-07-25T01:35:38","slug":"bonnet-en-tricot-jacquard-avec-pompon-et-logo-brode-personnalise","status":"publish","type":"product","link":"https:\/\/www.aungwinter.com\/fr\/product\/custom-embroidery-logo-jacquard-knit-pom-pom-beanie\/","title":{"rendered":"Bonnet \u00e0 pompon en tricot jacquard avec logo brod\u00e9 personnalis\u00e9"},"content":{"rendered":"<table style=\"border-collapse: collapse; width: 530.27pt;\" border=\"0\" width=\"707\" cellspacing=\"0\" cellpadding=\"0\">\n<tbody>\n<tr style=\"height: 50.00pt;\">\n<td style=\"height: 50.00pt; width: 182.25pt;\" width=\"243\" height=\"66\">Sc\u00e8ne applicable<\/td>\n<td style=\"width: 348.00pt;\" width=\"464\">Sports, voyages, plein air, quotidien, d\u00e9contract\u00e9, etc.<\/td>\n<\/tr>\n<tr style=\"height: 50.00pt;\">\n<td style=\"height: 50.00pt;\" height=\"66\">Caract\u00e9ristique du tissu<\/td>\n<td>COMMON<\/td>\n<\/tr>\n<tr style=\"height: 50.00pt;\">\n<td style=\"height: 50.00pt;\" height=\"66\">M\u00e9thodes d'impression<\/td>\n<td>Impression par transfert sublimatique, impression num\u00e9rique, etc.<\/td>\n<\/tr>\n<tr style=\"height: 50.00pt;\">\n<td style=\"height: 50.00pt;\" height=\"66\">Tour de t\u00eate<\/td>\n<td>56-58 cm<\/td>\n<\/tr>\n<tr style=\"height: 50.00pt;\">\n<td style=\"height: 50.00pt;\" height=\"66\">Type de motif<\/td>\n<td>Autres<\/td>\n<\/tr>\n<tr style=\"height: 50.00pt;\">\n<td style=\"height: 50.00pt;\" height=\"66\">Genre<\/td>\n<td>Unisexe<\/td>\n<\/tr>\n<tr style=\"height: 50.00pt;\">\n<td style=\"height: 50.00pt;\" height=\"66\">Tranche d'\u00e2ge<\/td>\n<td>Adultes<\/td>\n<\/tr>\n<tr style=\"height: 50.00pt;\">\n<td style=\"height: 50.00pt;\" height=\"66\">Techniques<\/td>\n<td>S\u00e9rigraphie, impression par transfert thermique, broderie m\u00e9canique, etc.<\/td>\n<\/tr>\n<tr style=\"height: 50.00pt;\">\n<td style=\"height: 50.00pt;\" height=\"66\">Mat\u00e9riau<\/td>\n<td>100% Acrylique<\/td>\n<\/tr>\n<tr style=\"height: 50.00pt;\">\n<td style=\"height: 50.00pt;\" height=\"66\">D\u00e9coration<\/td>\n<td>autre<\/td>\n<\/tr>\n<tr style=\"height: 50.00pt;\">\n<td style=\"height: 50.00pt;\" height=\"66\">Num\u00e9ro de mod\u00e8le<\/td>\n<td>AW2506049<\/td>\n<\/tr>\n<tr style=\"height: 50.00pt;\">\n<td style=\"height: 50.00pt;\" height=\"66\">Lieu d'origine<\/td>\n<td>Guangdong, Chine<\/td>\n<\/tr>\n<tr style=\"height: 50.00pt;\">\n<td style=\"height: 50.00pt;\" height=\"66\">Nom de marque<\/td>\n<td>Personnalis\u00e9<\/td>\n<\/tr>\n<tr style=\"height: 50.00pt;\">\n<td style=\"height: 50.00pt;\" height=\"66\">Nom du produit<\/td>\n<td>bonnets<\/td>\n<\/tr>\n<tr style=\"height: 50.00pt;\">\n<td style=\"height: 50.00pt;\" height=\"66\">Mot-cl\u00e9<\/td>\n<td>bonnet personnalis\u00e9<\/td>\n<\/tr>\n<tr style=\"height: 50.00pt;\">\n<td style=\"height: 50.00pt;\" height=\"66\">Temps d'\u00e9chantillonnage<\/td>\n<td>3 \u00e0 7 jours<\/td>\n<\/tr>\n<tr style=\"height: 50.00pt;\">\n<td style=\"height: 50.00pt;\" height=\"66\">Temps de production<\/td>\n<td>10 \u00e0 30 jours<\/td>\n<\/tr>\n<tr style=\"height: 50.00pt;\">\n<td style=\"height: 50.00pt;\" height=\"66\">Couleur<\/td>\n<td>Couleurs personnalis\u00e9es<\/td>\n<\/tr>\n<tr style=\"height: 50.00pt;\">\n<td style=\"height: 50.00pt;\" height=\"66\">Exp\u00e9dition<\/td>\n<td>DHL\\EMS\\UPS\\FEDEX\\par voie maritime\\par voie a\u00e9rienne<\/td>\n<\/tr>\n<tr style=\"height: 50.00pt;\">\n<td style=\"height: 50.00pt;\" height=\"66\">Logo<\/td>\n<td>Accepter le logo du client<\/td>\n<\/tr>\n<tr style=\"height: 50.00pt;\">\n<td style=\"height: 50.00pt;\" height=\"66\">Service<\/td>\n<td>Conception de style de couleur personnalis\u00e9e<\/td>\n<\/tr>\n<\/tbody>\n<\/table>","protected":false},"excerpt":{"rendered":"<p>Le bonnet Pom Pom Beanie offre un design confortable et \u00e9l\u00e9gant avec un logo brod\u00e9 personnalis\u00e9, un motif jacquard et un pompon ludique sur le dessus pour plus de style.<\/p>","protected":false},"featured_media":14941,"template":"","meta":{"_seopress_robots_primary_cat":"","_seopress_titles_title":"","_seopress_titles_desc":"","_seopress_robots_index":"","_gspb_post_css":"","_jf_limit_responses":"","_jet_sm_ready_style":"","_jet_sm_style":"","_jet_sm_controls_values":"","_jet_sm_fonts_collection":"","_jet_sm_fonts_links":""},"product_brand":[],"product_cat":[25],"product_tag":[],"hf_cat_product":[],"class_list":{"0":"post-14940","1":"product","2":"type-product","3":"status-publish","4":"has-post-thumbnail","6":"product_cat-pompom-beanies","8":"first","9":"instock","10":"shipping-taxable","11":"product-type-simple"},"_links":{"self":[{"href":"https:\/\/www.aungwinter.com\/fr\/wp-json\/wp\/v2\/product\/14940","targetHints":{"allow":["GET"]}}],"collection":[{"href":"https:\/\/www.aungwinter.com\/fr\/wp-json\/wp\/v2\/product"}],"about":[{"href":"https:\/\/www.aungwinter.com\/fr\/wp-json\/wp\/v2\/types\/product"}],"wp:featuredmedia":[{"embeddable":true,"href":"https:\/\/www.aungwinter.com\/fr\/wp-json\/wp\/v2\/media\/14941"}],"wp:attachment":[{"href":"https:\/\/www.aungwinter.com\/fr\/wp-json\/wp\/v2\/media?parent=14940"}],"wp:term":[{"taxonomy":"product_brand","embeddable":true,"href":"https:\/\/www.aungwinter.com\/fr\/wp-json\/wp\/v2\/product_brand?post=14940"},{"taxonomy":"product_cat","embeddable":true,"href":"https:\/\/www.aungwinter.com\/fr\/wp-json\/wp\/v2\/product_cat?post=14940"},{"taxonomy":"product_tag","embeddable":true,"href":"https:\/\/www.aungwinter.com\/fr\/wp-json\/wp\/v2\/product_tag?post=14940"},{"taxonomy":"hf_cat_product","embeddable":true,"href":"https:\/\/www.aungwinter.com\/fr\/wp-json\/wp\/v2\/hf_cat_product?post=14940"}],"curies":[{"name":"wp","href":"https:\/\/api.w.org\/{rel}","templated":true}]}}