{"id":14947,"date":"2025-07-26T06:21:24","date_gmt":"2025-07-26T06:21:24","guid":{"rendered":"https:\/\/www.aungwinter.com\/?post_type=product&#038;p=14947"},"modified":"2025-07-26T06:21:25","modified_gmt":"2025-07-26T06:21:25","slug":"bonnet-reversible-en-polaire-sans-revers-personnalise-en-acrylique","status":"publish","type":"product","link":"https:\/\/www.aungwinter.com\/fr\/product\/custom-acrylic-reversible-cuffless-fleece-beanie\/","title":{"rendered":"Bonnet r\u00e9versible en polaire sans revers, personnalisable, en acrylique"},"content":{"rendered":"<table style=\"border-collapse: collapse; width: 491.27pt;\" border=\"0\" width=\"655\" cellspacing=\"0\" cellpadding=\"0\">\n<tbody>\n<tr style=\"height: 40.00pt;\">\n<td style=\"height: 40.00pt; width: 189.75pt;\" width=\"253\" height=\"53\">Style<\/td>\n<td style=\"width: 301.50pt;\" width=\"402\">Personnage<\/td>\n<\/tr>\n<tr style=\"height: 40.00pt;\">\n<td style=\"height: 40.00pt;\" height=\"53\">Sc\u00e8ne applicable<\/td>\n<td>D\u00e9contract\u00e9, Plein air, Voyage, Cyclisme, Shopping, Ski, Quotidien<\/td>\n<\/tr>\n<tr style=\"height: 40.00pt;\">\n<td style=\"height: 40.00pt;\" height=\"53\">Caract\u00e9ristique du tissu<\/td>\n<td>COMMON<\/td>\n<\/tr>\n<tr style=\"height: 40.00pt;\">\n<td style=\"height: 40.00pt;\" height=\"53\">M\u00e9thodes d'impression<\/td>\n<td>aucun<\/td>\n<\/tr>\n<tr style=\"height: 40.00pt;\">\n<td style=\"height: 40.00pt;\" height=\"53\">Tour de t\u00eate<\/td>\n<td>56-58 cm, 58-60 cm<\/td>\n<\/tr>\n<tr style=\"height: 40.00pt;\">\n<td style=\"height: 40.00pt;\" height=\"53\">Type de motif<\/td>\n<td>Aucun<\/td>\n<\/tr>\n<tr style=\"height: 40.00pt;\">\n<td style=\"height: 40.00pt;\" height=\"53\">Genre<\/td>\n<td>Unisexe<\/td>\n<\/tr>\n<tr style=\"height: 40.00pt;\">\n<td style=\"height: 40.00pt;\" height=\"53\">Tranche d'\u00e2ge<\/td>\n<td>Adultes<\/td>\n<\/tr>\n<tr style=\"height: 40.00pt;\">\n<td style=\"height: 40.00pt;\" height=\"53\">Techniques<\/td>\n<td>aucun<\/td>\n<\/tr>\n<tr style=\"height: 40.00pt;\">\n<td style=\"height: 40.00pt;\" height=\"53\">Mat\u00e9riau<\/td>\n<td>100% Acrylique<\/td>\n<\/tr>\n<tr style=\"height: 40.00pt;\">\n<td style=\"height: 40.00pt;\" height=\"53\">D\u00e9coration<\/td>\n<td>autre<\/td>\n<\/tr>\n<tr style=\"height: 40.00pt;\">\n<td style=\"height: 40.00pt;\" height=\"53\">Lieu d'origine<\/td>\n<td>Guangdong, Chine<\/td>\n<\/tr>\n<tr style=\"height: 40.00pt;\">\n<td style=\"height: 40.00pt;\" height=\"53\">Nom de marque<\/td>\n<td>Aungwinter<\/td>\n<\/tr>\n<tr style=\"height: 40.00pt;\">\n<td style=\"height: 40.00pt;\" height=\"53\">Logo<\/td>\n<td>Accepter un logo personnalis\u00e9<\/td>\n<\/tr>\n<tr style=\"height: 40.00pt;\">\n<td style=\"height: 40.00pt;\" height=\"53\">Quantit\u00e9 minimale de commande<\/td>\n<td>50 pi\u00e8ces<\/td>\n<\/tr>\n<tr style=\"height: 40.00pt;\">\n<td style=\"height: 40.00pt;\" height=\"53\">Paiement<\/td>\n<td>Assurance commerciale<\/td>\n<\/tr>\n<tr style=\"height: 40.00pt;\">\n<td style=\"height: 40.00pt;\" height=\"53\">Temps d'\u00e9chantillonnage<\/td>\n<td>3 \u00e0 5 jours<\/td>\n<\/tr>\n<tr style=\"height: 40.00pt;\">\n<td style=\"height: 40.00pt;\" height=\"53\">Service de conception<\/td>\n<td>Maquette gratuite<\/td>\n<\/tr>\n<tr style=\"height: 40.00pt;\">\n<td style=\"height: 40.00pt;\" height=\"53\">Saison<\/td>\n<td>Printemps Automne Hiver<\/td>\n<\/tr>\n<tr style=\"height: 40.00pt;\">\n<td style=\"height: 40.00pt;\" height=\"53\">Poids<\/td>\n<td>100 g<\/td>\n<\/tr>\n<tr style=\"height: 40.00pt;\">\n<td style=\"height: 40.00pt;\" height=\"53\">Certificats<\/td>\n<td>BSCI et ISO 9001<\/td>\n<\/tr>\n<tr style=\"height: 40.00pt;\">\n<td style=\"height: 40.00pt;\" height=\"53\">Emballage<\/td>\n<td>Sac Opp<\/td>\n<\/tr>\n<tr style=\"height: 40.00pt;\">\n<td style=\"height: 40.00pt;\" height=\"53\">Manchette<\/td>\n<td>5-7 cm ou sur mesure<\/td>\n<\/tr>\n<\/tbody>\n<\/table>","protected":false},"excerpt":{"rendered":"<p>Le bonnet en polaire personnalis\u00e9 est fabriqu\u00e9 dans un tissu acrylique doux et chaud. Son design r\u00e9versible permet de varier les styles, tandis que sa conception sans revers offre un ajustement \u00e9pur\u00e9 et confortable qui garantit une chaleur maximale par temps froid.<\/p>","protected":false},"featured_media":14951,"template":"","meta":{"_seopress_robots_primary_cat":"","_seopress_titles_title":"","_seopress_titles_desc":"","_seopress_robots_index":"","_gspb_post_css":"","_jf_limit_responses":"","_jet_sm_ready_style":"","_jet_sm_style":"","_jet_sm_controls_values":"","_jet_sm_fonts_collection":"","_jet_sm_fonts_links":""},"product_brand":[],"product_cat":[23],"product_tag":[],"hf_cat_product":[],"class_list":{"0":"post-14947","1":"product","2":"type-product","3":"status-publish","4":"has-post-thumbnail","6":"product_cat-cuffless-beanies","8":"first","9":"instock","10":"shipping-taxable","11":"product-type-simple"},"_links":{"self":[{"href":"https:\/\/www.aungwinter.com\/fr\/wp-json\/wp\/v2\/product\/14947","targetHints":{"allow":["GET"]}}],"collection":[{"href":"https:\/\/www.aungwinter.com\/fr\/wp-json\/wp\/v2\/product"}],"about":[{"href":"https:\/\/www.aungwinter.com\/fr\/wp-json\/wp\/v2\/types\/product"}],"wp:featuredmedia":[{"embeddable":true,"href":"https:\/\/www.aungwinter.com\/fr\/wp-json\/wp\/v2\/media\/14951"}],"wp:attachment":[{"href":"https:\/\/www.aungwinter.com\/fr\/wp-json\/wp\/v2\/media?parent=14947"}],"wp:term":[{"taxonomy":"product_brand","embeddable":true,"href":"https:\/\/www.aungwinter.com\/fr\/wp-json\/wp\/v2\/product_brand?post=14947"},{"taxonomy":"product_cat","embeddable":true,"href":"https:\/\/www.aungwinter.com\/fr\/wp-json\/wp\/v2\/product_cat?post=14947"},{"taxonomy":"product_tag","embeddable":true,"href":"https:\/\/www.aungwinter.com\/fr\/wp-json\/wp\/v2\/product_tag?post=14947"},{"taxonomy":"hf_cat_product","embeddable":true,"href":"https:\/\/www.aungwinter.com\/fr\/wp-json\/wp\/v2\/hf_cat_product?post=14947"}],"curies":[{"name":"wp","href":"https:\/\/api.w.org\/{rel}","templated":true}]}}