{"id":14954,"date":"2025-07-26T06:25:28","date_gmt":"2025-07-26T06:25:28","guid":{"rendered":"https:\/\/www.aungwinter.com\/?post_type=product&#038;p=14954"},"modified":"2025-07-26T06:38:32","modified_gmt":"2025-07-26T06:38:32","slug":"bonnet-brode-en-acrylique-sans-revers-avec-logo-personnalise","status":"publish","type":"product","link":"https:\/\/www.aungwinter.com\/fr\/product\/custom-acrylic-cuffless-embroidery-beanie-with-custom-logo\/","title":{"rendered":"Bonnet en acrylique sans revers personnalis\u00e9 avec logo personnalis\u00e9"},"content":{"rendered":"<table style=\"border-collapse: collapse; width: 491.27pt;\" border=\"0\" width=\"655\" cellspacing=\"0\" cellpadding=\"0\">\n<tbody>\n<tr style=\"height: 40.00pt;\">\n<td style=\"height: 40.00pt; width: 189.75pt;\" width=\"253\" height=\"53\">Style<\/td>\n<td style=\"width: 301.50pt;\" width=\"402\">Personnage<\/td>\n<\/tr>\n<tr style=\"height: 40.00pt;\">\n<td style=\"height: 40.00pt;\" height=\"53\">Sc\u00e8ne applicable<\/td>\n<td>Plage, d\u00e9contract\u00e9, plein air, voyage, etc.<\/td>\n<\/tr>\n<tr style=\"height: 40.00pt;\">\n<td style=\"height: 40.00pt;\" height=\"53\">Caract\u00e9ristique du tissu<\/td>\n<td>COMMON<\/td>\n<\/tr>\n<tr style=\"height: 40.00pt;\">\n<td style=\"height: 40.00pt;\" height=\"53\">M\u00e9thodes d'impression<\/td>\n<td>Impression par transfert sublimatique, impression num\u00e9rique, etc.<\/td>\n<\/tr>\n<tr style=\"height: 40.00pt;\">\n<td style=\"height: 40.00pt;\" height=\"53\">Tour de t\u00eate<\/td>\n<td>56-58 cm<\/td>\n<\/tr>\n<tr style=\"height: 40.00pt;\">\n<td style=\"height: 40.00pt;\" height=\"53\">Type de motif<\/td>\n<td>Camouflage, Dessin anim\u00e9, Personnage, \u00c0 carreaux, Feuille, L\u00e9opard, Lettre<\/td>\n<\/tr>\n<tr style=\"height: 40.00pt;\">\n<td style=\"height: 40.00pt;\" height=\"53\">Genre<\/td>\n<td>Unisexe<\/td>\n<\/tr>\n<tr style=\"height: 40.00pt;\">\n<td style=\"height: 40.00pt;\" height=\"53\">Tranche d'\u00e2ge<\/td>\n<td>Adultes<\/td>\n<\/tr>\n<tr style=\"height: 40.00pt;\">\n<td style=\"height: 40.00pt;\" height=\"53\">Techniques<\/td>\n<td>S\u00e9rigraphie, impression par transfert thermique, etc.<\/td>\n<\/tr>\n<tr style=\"height: 40.00pt;\">\n<td style=\"height: 40.00pt;\" height=\"53\">Mat\u00e9riau<\/td>\n<td>100% Acrylique<\/td>\n<\/tr>\n<tr style=\"height: 40.00pt;\">\n<td style=\"height: 40.00pt;\" height=\"53\">D\u00e9coration<\/td>\n<td>Broderie<\/td>\n<\/tr>\n<tr style=\"height: 40.00pt;\">\n<td style=\"height: 40.00pt;\" height=\"53\">Num\u00e9ro de mod\u00e8le<\/td>\n<td>AWB-68256<\/td>\n<\/tr>\n<tr style=\"height: 40.00pt;\">\n<td style=\"height: 40.00pt;\" height=\"53\">Lieu d'origine<\/td>\n<td>Guangdong, Chine<\/td>\n<\/tr>\n<tr style=\"height: 40.00pt;\">\n<td style=\"height: 40.00pt;\" height=\"53\">Nom de marque<\/td>\n<td>OEM\/ODM<\/td>\n<\/tr>\n<tr style=\"height: 40.00pt;\">\n<td style=\"height: 40.00pt;\" height=\"53\">Nom du produit<\/td>\n<td>Bonnet tricot\u00e9 sur mesure<\/td>\n<\/tr>\n<tr style=\"height: 40.00pt;\">\n<td style=\"height: 40.00pt;\" height=\"53\">Quantit\u00e9 minimale de commande<\/td>\n<td>25 pi\u00e8ces<\/td>\n<\/tr>\n<tr style=\"height: 40.00pt;\">\n<td style=\"height: 40.00pt;\" height=\"53\">Couleur<\/td>\n<td>Couleur personnalis\u00e9e<\/td>\n<\/tr>\n<tr style=\"height: 40.00pt;\">\n<td style=\"height: 40.00pt;\" height=\"53\">Saison<\/td>\n<td>Printemps Automne Hiver<\/td>\n<\/tr>\n<tr style=\"height: 40.00pt;\">\n<td style=\"height: 40.00pt;\" height=\"53\">Logo<\/td>\n<td>Accepter un logo personnalis\u00e9<\/td>\n<\/tr>\n<tr style=\"height: 40.00pt;\">\n<td style=\"height: 40.00pt;\" height=\"53\">Utilisation<\/td>\n<td>Rester au chaud<\/td>\n<\/tr>\n<tr style=\"height: 40.00pt;\">\n<td style=\"height: 40.00pt;\" height=\"53\">Fonctionnalit\u00e9<\/td>\n<td>Mode\\confortable\\durable<\/td>\n<\/tr>\n<tr style=\"height: 40.00pt;\">\n<td style=\"height: 40.00pt;\" height=\"53\">Mat\u00e9riau<\/td>\n<td>Acrylique<\/td>\n<\/tr>\n<tr style=\"height: 40.00pt;\">\n<td style=\"height: 40.00pt;\" height=\"53\">Nom de marque<\/td>\n<td>Aungwinter<\/td>\n<\/tr>\n<\/tbody>\n<\/table>","protected":false},"excerpt":{"rendered":"<p>Le bonnet avec logo personnalis\u00e9 est confectionn\u00e9 dans un tricot acrylique doux et r\u00e9sistant. Son design \u00e9pur\u00e9 sans revers lui conf\u00e8re une coupe moderne. Il peut \u00eatre brod\u00e9 avec un logo personnalis\u00e9, ce qui en fait un choix id\u00e9al pour personnaliser votre marque ou vos tenues d'\u00e9quipe.<\/p>","protected":false},"featured_media":14957,"template":"","meta":{"_seopress_robots_primary_cat":"","_seopress_titles_title":"","_seopress_titles_desc":"","_seopress_robots_index":"","_gspb_post_css":"","_jf_limit_responses":"","_jet_sm_ready_style":"","_jet_sm_style":"","_jet_sm_controls_values":"","_jet_sm_fonts_collection":"","_jet_sm_fonts_links":""},"product_brand":[],"product_cat":[23],"product_tag":[],"hf_cat_product":[],"class_list":{"0":"post-14954","1":"product","2":"type-product","3":"status-publish","4":"has-post-thumbnail","6":"product_cat-cuffless-beanies","8":"first","9":"instock","10":"shipping-taxable","11":"product-type-simple"},"_links":{"self":[{"href":"https:\/\/www.aungwinter.com\/fr\/wp-json\/wp\/v2\/product\/14954","targetHints":{"allow":["GET"]}}],"collection":[{"href":"https:\/\/www.aungwinter.com\/fr\/wp-json\/wp\/v2\/product"}],"about":[{"href":"https:\/\/www.aungwinter.com\/fr\/wp-json\/wp\/v2\/types\/product"}],"wp:featuredmedia":[{"embeddable":true,"href":"https:\/\/www.aungwinter.com\/fr\/wp-json\/wp\/v2\/media\/14957"}],"wp:attachment":[{"href":"https:\/\/www.aungwinter.com\/fr\/wp-json\/wp\/v2\/media?parent=14954"}],"wp:term":[{"taxonomy":"product_brand","embeddable":true,"href":"https:\/\/www.aungwinter.com\/fr\/wp-json\/wp\/v2\/product_brand?post=14954"},{"taxonomy":"product_cat","embeddable":true,"href":"https:\/\/www.aungwinter.com\/fr\/wp-json\/wp\/v2\/product_cat?post=14954"},{"taxonomy":"product_tag","embeddable":true,"href":"https:\/\/www.aungwinter.com\/fr\/wp-json\/wp\/v2\/product_tag?post=14954"},{"taxonomy":"hf_cat_product","embeddable":true,"href":"https:\/\/www.aungwinter.com\/fr\/wp-json\/wp\/v2\/hf_cat_product?post=14954"}],"curies":[{"name":"wp","href":"https:\/\/api.w.org\/{rel}","templated":true}]}}