{"id":15048,"date":"2025-08-06T06:26:57","date_gmt":"2025-08-06T06:26:57","guid":{"rendered":"https:\/\/www.aungwinter.com\/?post_type=product&#038;p=15048"},"modified":"2025-08-06T06:26:58","modified_gmt":"2025-08-06T06:26:58","slug":"cardigan-vintage-en-coton-pour-femme-tricote-en-jacquard","status":"publish","type":"product","link":"https:\/\/www.aungwinter.com\/fr\/product\/womens-cotton-vintage-jacquard-cardigan-knitted-sweater\/","title":{"rendered":"Cardigan vintage en coton jacquard pour femme, pull tricot\u00e9"},"content":{"rendered":"<table style=\"border-collapse: collapse; width: 397.52pt;\" border=\"0\" width=\"530\" cellspacing=\"0\" cellpadding=\"0\">\n<tbody>\n<tr style=\"height: 36.00pt;\">\n<td style=\"height: 36.00pt; width: 161.25pt;\" width=\"215\" height=\"48\">Fonctionnalit\u00e9<\/td>\n<td style=\"width: 236.25pt;\" width=\"315\">anti-rides, s\u00e9chage rapide, respirant, anti-r\u00e9tr\u00e9cissement<\/td>\n<\/tr>\n<tr style=\"height: 36.00pt;\">\n<td style=\"height: 36.00pt;\" height=\"48\">Techniques<\/td>\n<td>Tricot\u00e9 \u00e0 l'ordinateur<\/td>\n<\/tr>\n<tr style=\"height: 36.00pt;\">\n<td style=\"height: 36.00pt;\" height=\"48\">Style<\/td>\n<td>D\u00e9contract\u00e9<\/td>\n<\/tr>\n<tr style=\"height: 36.00pt;\">\n<td style=\"height: 36.00pt;\" height=\"48\">M\u00e9thode de tissage<\/td>\n<td>tricot\u00e9<\/td>\n<\/tr>\n<tr style=\"height: 36.00pt;\">\n<td style=\"height: 36.00pt;\" height=\"48\">Col<\/td>\n<td>col en V<\/td>\n<\/tr>\n<tr style=\"height: 36.00pt;\">\n<td style=\"height: 36.00pt;\" height=\"48\">Genre<\/td>\n<td>femmes<\/td>\n<\/tr>\n<tr style=\"height: 36.00pt;\">\n<td style=\"height: 36.00pt;\" height=\"48\">Type de motif<\/td>\n<td>Argyle<\/td>\n<\/tr>\n<tr style=\"height: 36.00pt;\">\n<td style=\"height: 36.00pt;\" height=\"48\">Mat\u00e9riau<\/td>\n<td>Coton<\/td>\n<\/tr>\n<tr style=\"height: 36.00pt;\">\n<td style=\"height: 36.00pt;\" height=\"48\">Jauge<\/td>\n<td>5 GG<\/td>\n<\/tr>\n<tr style=\"height: 36.00pt;\">\n<td style=\"height: 36.00pt;\" height=\"48\">Type<\/td>\n<td>Pull<\/td>\n<\/tr>\n<tr style=\"height: 36.00pt;\">\n<td style=\"height: 36.00pt;\" height=\"48\">D\u00e9tection d'aiguilles<\/td>\n<td>Oui<\/td>\n<\/tr>\n<tr style=\"height: 36.00pt;\">\n<td style=\"height: 36.00pt;\" height=\"48\">Type d'approvisionnement<\/td>\n<td>service OEM<\/td>\n<\/tr>\n<tr style=\"height: 36.00pt;\">\n<td style=\"height: 36.00pt;\" height=\"48\">Saison<\/td>\n<td>Hiver<\/td>\n<\/tr>\n<tr style=\"height: 36.00pt;\">\n<td style=\"height: 36.00pt;\" height=\"48\">\u00c9paisseur<\/td>\n<td>\u00c9pais<\/td>\n<\/tr>\n<tr style=\"height: 36.00pt;\">\n<td style=\"height: 36.00pt;\" height=\"48\">D\u00e9lai de livraison pour une commande d'\u00e9chantillons de 7 jours<\/td>\n<td>Assistance<\/td>\n<\/tr>\n<tr style=\"height: 36.00pt;\">\n<td style=\"height: 36.00pt;\" height=\"48\">Longueur des v\u00eatements<\/td>\n<td>R\u00e9gulier<\/td>\n<\/tr>\n<tr style=\"height: 36.00pt;\">\n<td style=\"height: 36.00pt;\" height=\"48\">Style de manchon<\/td>\n<td>R\u00e9gulier<\/td>\n<\/tr>\n<tr style=\"height: 36.00pt;\">\n<td style=\"height: 36.00pt;\" height=\"48\">Longueur des manches (cm)<\/td>\n<td>Complet<\/td>\n<\/tr>\n<tr style=\"height: 36.00pt;\">\n<td style=\"height: 36.00pt;\" height=\"48\">D\u00e9coration<\/td>\n<td>Aucun<\/td>\n<\/tr>\n<tr style=\"height: 36.00pt;\">\n<td style=\"height: 36.00pt;\" height=\"48\">Type d'article<\/td>\n<td>Pulls<\/td>\n<\/tr>\n<tr style=\"height: 36.00pt;\">\n<td style=\"height: 36.00pt;\" height=\"48\">Position du logo<\/td>\n<td>Avant<\/td>\n<\/tr>\n<tr style=\"height: 36.00pt;\">\n<td style=\"height: 36.00pt;\" height=\"48\">Type de fermeture<\/td>\n<td>Bouton unique<\/td>\n<\/tr>\n<tr style=\"height: 36.00pt;\">\n<td style=\"height: 36.00pt;\" height=\"48\">Num\u00e9ro de mod\u00e8le<\/td>\n<td>AWS202318<\/td>\n<\/tr>\n<tr style=\"height: 36.00pt;\">\n<td style=\"height: 36.00pt;\" height=\"48\">Lieu d'origine<\/td>\n<td>Guangdong, Chine<\/td>\n<\/tr>\n<tr style=\"height: 36.00pt;\">\n<td style=\"height: 36.00pt;\" height=\"48\">Nom de marque<\/td>\n<td>Aungwinter<\/td>\n<\/tr>\n<\/tbody>\n<\/table>","protected":false},"excerpt":{"rendered":"<p>Le pull est un v\u00eatement confortable et \u00e9l\u00e9gant, confectionn\u00e9 en coton doux et orn\u00e9 d'un motif jacquard complexe, id\u00e9al pour superposer les couches pendant les mois les plus froids.<\/p>","protected":false},"featured_media":15049,"template":"","meta":{"_seopress_robots_primary_cat":"","_seopress_titles_title":"","_seopress_titles_desc":"","_seopress_robots_index":"","_gspb_post_css":"","_jf_limit_responses":"","_jet_sm_ready_style":"","_jet_sm_style":"","_jet_sm_controls_values":"","_jet_sm_fonts_collection":"","_jet_sm_fonts_links":""},"product_brand":[],"product_cat":[204],"product_tag":[],"hf_cat_product":[],"class_list":{"0":"post-15048","1":"product","2":"type-product","3":"status-publish","4":"has-post-thumbnail","6":"product_cat-sweaters","8":"first","9":"instock","10":"shipping-taxable","11":"product-type-simple"},"_links":{"self":[{"href":"https:\/\/www.aungwinter.com\/fr\/wp-json\/wp\/v2\/product\/15048","targetHints":{"allow":["GET"]}}],"collection":[{"href":"https:\/\/www.aungwinter.com\/fr\/wp-json\/wp\/v2\/product"}],"about":[{"href":"https:\/\/www.aungwinter.com\/fr\/wp-json\/wp\/v2\/types\/product"}],"wp:featuredmedia":[{"embeddable":true,"href":"https:\/\/www.aungwinter.com\/fr\/wp-json\/wp\/v2\/media\/15049"}],"wp:attachment":[{"href":"https:\/\/www.aungwinter.com\/fr\/wp-json\/wp\/v2\/media?parent=15048"}],"wp:term":[{"taxonomy":"product_brand","embeddable":true,"href":"https:\/\/www.aungwinter.com\/fr\/wp-json\/wp\/v2\/product_brand?post=15048"},{"taxonomy":"product_cat","embeddable":true,"href":"https:\/\/www.aungwinter.com\/fr\/wp-json\/wp\/v2\/product_cat?post=15048"},{"taxonomy":"product_tag","embeddable":true,"href":"https:\/\/www.aungwinter.com\/fr\/wp-json\/wp\/v2\/product_tag?post=15048"},{"taxonomy":"hf_cat_product","embeddable":true,"href":"https:\/\/www.aungwinter.com\/fr\/wp-json\/wp\/v2\/hf_cat_product?post=15048"}],"curies":[{"name":"wp","href":"https:\/\/api.w.org\/{rel}","templated":true}]}}