{"id":15056,"date":"2025-08-06T08:52:30","date_gmt":"2025-08-06T08:52:30","guid":{"rendered":"https:\/\/www.aungwinter.com\/?post_type=product&#038;p=15056"},"modified":"2025-08-06T08:52:31","modified_gmt":"2025-08-06T08:52:31","slug":"pull-over-en-coton-tricote-decontracte-pour-homme-avec-motif-jacquard-et-logo-personnalise","status":"publish","type":"product","link":"https:\/\/www.aungwinter.com\/fr\/product\/custom-logo-mens-jacquard-pattern-pullover-cotton-casual-knitted-sweater\/","title":{"rendered":"Pull-over en coton jacquard pour homme avec logo personnalis\u00e9, tricot\u00e9 d\u00e9contract\u00e9"},"content":{"rendered":"<table style=\"border-collapse: collapse; width: 397.52pt;\" border=\"0\" width=\"530\" cellspacing=\"0\" cellpadding=\"0\">\n<tbody>\n<tr style=\"height: 36.00pt;\">\n<td style=\"height: 36.00pt; width: 161.25pt;\" width=\"215\" height=\"48\">Type d'approvisionnement<\/td>\n<td style=\"width: 236.25pt;\" width=\"315\">service OEM<\/td>\n<\/tr>\n<tr style=\"height: 36.00pt;\">\n<td style=\"height: 36.00pt;\" height=\"48\">Style<\/td>\n<td>Pull-over<\/td>\n<\/tr>\n<tr style=\"height: 36.00pt;\">\n<td style=\"height: 36.00pt;\" height=\"48\">Fonctionnalit\u00e9<\/td>\n<td>anti-rides, s\u00e9chage rapide, anti-boulochage, respirant, anti-r\u00e9tr\u00e9cissement<\/td>\n<\/tr>\n<tr style=\"height: 36.00pt;\">\n<td style=\"height: 36.00pt;\" height=\"48\">Genre<\/td>\n<td>Hommes<\/td>\n<\/tr>\n<tr style=\"height: 36.00pt;\">\n<td style=\"height: 36.00pt;\" height=\"48\">\u00c0 capuche<\/td>\n<td>NON<\/td>\n<\/tr>\n<tr style=\"height: 36.00pt;\">\n<td style=\"height: 36.00pt;\" height=\"48\">D\u00e9tection d'aiguilles<\/td>\n<td>Oui<\/td>\n<\/tr>\n<tr style=\"height: 36.00pt;\">\n<td style=\"height: 36.00pt;\" height=\"48\">M\u00e9thode de tissage<\/td>\n<td>Fabriqu\u00e9 \u00e0 la machine<\/td>\n<\/tr>\n<tr style=\"height: 36.00pt;\">\n<td style=\"height: 36.00pt;\" height=\"48\">Jauge<\/td>\n<td>12 GG<\/td>\n<\/tr>\n<tr style=\"height: 36.00pt;\">\n<td style=\"height: 36.00pt;\" height=\"48\">D\u00e9lai de livraison pour une commande d'\u00e9chantillons de 7 jours<\/td>\n<td>Assistance<\/td>\n<\/tr>\n<tr style=\"height: 36.00pt;\">\n<td style=\"height: 36.00pt;\" height=\"48\">Type de fermeture<\/td>\n<td>Aucun<\/td>\n<\/tr>\n<tr style=\"height: 36.00pt;\">\n<td style=\"height: 36.00pt;\" height=\"48\">Saison<\/td>\n<td>Hiver<\/td>\n<\/tr>\n<tr style=\"height: 36.00pt;\">\n<td style=\"height: 36.00pt;\" height=\"48\">D\u00e9coration<\/td>\n<td>Motif<\/td>\n<\/tr>\n<tr style=\"height: 36.00pt;\">\n<td style=\"height: 36.00pt;\" height=\"48\">Longueur des manches (cm)<\/td>\n<td>Complet<\/td>\n<\/tr>\n<tr style=\"height: 36.00pt;\">\n<td style=\"height: 36.00pt;\" height=\"48\">Mat\u00e9riau<\/td>\n<td>100% Coton<\/td>\n<\/tr>\n<tr style=\"height: 36.00pt;\">\n<td style=\"height: 36.00pt;\" height=\"48\">M\u00e9thodes d'impression<\/td>\n<td>impression num\u00e9rique<\/td>\n<\/tr>\n<tr style=\"height: 36.00pt;\">\n<td style=\"height: 36.00pt;\" height=\"48\">Poids du tissu<\/td>\n<td>320 grammes<\/td>\n<\/tr>\n<tr style=\"height: 36.00pt;\">\n<td style=\"height: 36.00pt;\" height=\"48\">Style de manchon<\/td>\n<td>Manchon standard<\/td>\n<\/tr>\n<tr style=\"height: 36.00pt;\">\n<td style=\"height: 36.00pt;\" height=\"48\">Type de motif<\/td>\n<td>Peint \u00e0 la main<\/td>\n<\/tr>\n<tr style=\"height: 36.00pt;\">\n<td style=\"height: 36.00pt;\" height=\"48\">Position du logo<\/td>\n<td>Devant, dos, manche gauche, manche droite, ourlet inf\u00e9rieur, nuque<\/td>\n<\/tr>\n<\/tbody>\n<\/table>","protected":false},"excerpt":{"rendered":"<p>Ce pull est confectionn\u00e9 dans un tricot de coton doux, orn\u00e9 d'un motif jacquard complexe, d'une broderie personnalisable et d'une coupe confortable. Il s'agit d'un ajout \u00e9l\u00e9gant et polyvalent \u00e0 toute garde-robe d\u00e9contract\u00e9e.<\/p>","protected":false},"featured_media":15062,"template":"","meta":{"_seopress_robots_primary_cat":"","_seopress_titles_title":"","_seopress_titles_desc":"","_seopress_robots_index":"","_gspb_post_css":"","_jf_limit_responses":"","_jet_sm_ready_style":"","_jet_sm_style":"","_jet_sm_controls_values":"","_jet_sm_fonts_collection":"","_jet_sm_fonts_links":""},"product_brand":[],"product_cat":[204],"product_tag":[],"hf_cat_product":[],"class_list":{"0":"post-15056","1":"product","2":"type-product","3":"status-publish","4":"has-post-thumbnail","6":"product_cat-sweaters","8":"first","9":"instock","10":"shipping-taxable","11":"product-type-simple"},"_links":{"self":[{"href":"https:\/\/www.aungwinter.com\/fr\/wp-json\/wp\/v2\/product\/15056","targetHints":{"allow":["GET"]}}],"collection":[{"href":"https:\/\/www.aungwinter.com\/fr\/wp-json\/wp\/v2\/product"}],"about":[{"href":"https:\/\/www.aungwinter.com\/fr\/wp-json\/wp\/v2\/types\/product"}],"wp:featuredmedia":[{"embeddable":true,"href":"https:\/\/www.aungwinter.com\/fr\/wp-json\/wp\/v2\/media\/15062"}],"wp:attachment":[{"href":"https:\/\/www.aungwinter.com\/fr\/wp-json\/wp\/v2\/media?parent=15056"}],"wp:term":[{"taxonomy":"product_brand","embeddable":true,"href":"https:\/\/www.aungwinter.com\/fr\/wp-json\/wp\/v2\/product_brand?post=15056"},{"taxonomy":"product_cat","embeddable":true,"href":"https:\/\/www.aungwinter.com\/fr\/wp-json\/wp\/v2\/product_cat?post=15056"},{"taxonomy":"product_tag","embeddable":true,"href":"https:\/\/www.aungwinter.com\/fr\/wp-json\/wp\/v2\/product_tag?post=15056"},{"taxonomy":"hf_cat_product","embeddable":true,"href":"https:\/\/www.aungwinter.com\/fr\/wp-json\/wp\/v2\/hf_cat_product?post=15056"}],"curies":[{"name":"wp","href":"https:\/\/api.w.org\/{rel}","templated":true}]}}