{"id":15065,"date":"2025-08-07T03:17:59","date_gmt":"2025-08-07T03:17:59","guid":{"rendered":"https:\/\/www.aungwinter.com\/?post_type=product&#038;p=15065"},"modified":"2025-08-07T03:18:00","modified_gmt":"2025-08-07T03:18:00","slug":"pull-en-laine-et-viscose-pour-homme-avec-logo-personnalise-fermeture-eclair-et-motif-tricote","status":"publish","type":"product","link":"https:\/\/www.aungwinter.com\/fr\/product\/custom-logo-mens-wool-viscose-fashion-knitted-zipper-sweater\/","title":{"rendered":"Pull en laine et viscose pour homme, avec logo personnalis\u00e9, fermeture \u00e9clair et coupe tendance"},"content":{"rendered":"<table style=\"border-collapse: collapse; width: 403.52pt;\" border=\"0\" width=\"538\" cellspacing=\"0\" cellpadding=\"0\">\n<tbody>\n<tr style=\"height: 37.00pt;\">\n<td style=\"height: 37.00pt; width: 158.25pt;\" width=\"211\" height=\"49\">Type d'approvisionnement<\/td>\n<td class=\"et2\" style=\"width: 245.25pt;\" width=\"327\">service OEM<\/td>\n<\/tr>\n<tr style=\"height: 37.00pt;\">\n<td style=\"height: 37.00pt;\" height=\"49\">Type de fermeture<\/td>\n<td class=\"et2\" style=\"width: 245.25pt;\" width=\"327\">Fermeture \u00e9clair<\/td>\n<\/tr>\n<tr style=\"height: 37.00pt;\">\n<td style=\"height: 37.00pt;\" height=\"49\">Saison<\/td>\n<td class=\"et2\" style=\"width: 245.25pt;\" width=\"327\">Hiver<\/td>\n<\/tr>\n<tr style=\"height: 37.00pt;\">\n<td style=\"height: 37.00pt;\" height=\"49\">\u00c0 capuche<\/td>\n<td class=\"et2\" style=\"width: 245.25pt;\" width=\"327\">NON<\/td>\n<\/tr>\n<tr style=\"height: 37.00pt;\">\n<td style=\"height: 37.00pt;\" height=\"49\">\u00c9paisseur<\/td>\n<td class=\"et2\" style=\"width: 245.25pt;\" width=\"327\">Standard<\/td>\n<\/tr>\n<tr style=\"height: 37.00pt;\">\n<td style=\"height: 37.00pt;\" height=\"49\">Style<\/td>\n<td class=\"et2\" style=\"width: 245.25pt;\" width=\"327\">Cardigan<\/td>\n<\/tr>\n<tr style=\"height: 35.00pt;\">\n<td style=\"height: 35.00pt;\" height=\"46\">D\u00e9coration<\/td>\n<td class=\"et2\" style=\"width: 245.25pt;\" width=\"327\">Motif<\/td>\n<\/tr>\n<tr style=\"height: 37.00pt;\">\n<td style=\"height: 37.00pt;\" height=\"49\">D\u00e9tection d'aiguilles<\/td>\n<td class=\"et2\" style=\"width: 245.25pt;\" width=\"327\">Oui<\/td>\n<\/tr>\n<tr style=\"height: 30.00pt;\">\n<td style=\"height: 30.00pt;\" height=\"40\">D\u00e9lai de livraison pour une commande d'\u00e9chantillons de 7 jours<\/td>\n<td class=\"et2\" style=\"width: 245.25pt;\" width=\"327\">Assistance<\/td>\n<\/tr>\n<tr style=\"height: 37.00pt;\">\n<td style=\"height: 37.00pt;\" height=\"49\">Longueur des manches (cm)<\/td>\n<td class=\"et2\" style=\"width: 245.25pt;\" width=\"327\">Complet<\/td>\n<\/tr>\n<tr style=\"height: 37.00pt;\">\n<td style=\"height: 37.00pt;\" height=\"49\">Style de manchon<\/td>\n<td class=\"et2\" style=\"width: 245.25pt;\" width=\"327\">R\u00e9gulier<\/td>\n<\/tr>\n<tr style=\"height: 37.00pt;\">\n<td style=\"height: 37.00pt;\" height=\"49\">Type de motif<\/td>\n<td class=\"et2\" style=\"width: 245.25pt;\" width=\"327\">Lettre<\/td>\n<\/tr>\n<tr style=\"height: 37.00pt;\">\n<td style=\"height: 37.00pt;\" height=\"49\">Mat\u00e9riau<\/td>\n<td class=\"et2\" style=\"width: 245.25pt;\" width=\"327\">Laine \/ Viscose<\/td>\n<\/tr>\n<tr style=\"height: 37.00pt;\">\n<td style=\"height: 37.00pt;\" height=\"49\">Fonctionnalit\u00e9<\/td>\n<td class=\"et2\" style=\"width: 245.25pt;\" width=\"327\">anti-rides, anti-boulochage, anti-r\u00e9tr\u00e9cissement<\/td>\n<\/tr>\n<tr style=\"height: 37.00pt;\">\n<td style=\"height: 37.00pt;\" height=\"49\">Laine<\/td>\n<td class=\"et2\" style=\"width: 245.25pt;\" width=\"327\">Laine standard<\/td>\n<\/tr>\n<tr style=\"height: 37.00pt;\">\n<td style=\"height: 37.00pt;\" height=\"49\">Genre<\/td>\n<td class=\"et2\" style=\"width: 245.25pt;\" width=\"327\">Hommes<\/td>\n<\/tr>\n<tr style=\"height: 37.00pt;\">\n<td style=\"height: 37.00pt;\" height=\"49\">Col<\/td>\n<td class=\"et2\" style=\"width: 245.25pt;\" width=\"327\">Col rabattu<\/td>\n<\/tr>\n<tr style=\"height: 37.00pt;\">\n<td style=\"height: 37.00pt;\" height=\"49\">Lieu d'origine<\/td>\n<td class=\"et2\" style=\"width: 245.25pt;\" width=\"327\">Guangdong, Chine<\/td>\n<\/tr>\n<tr style=\"height: 37.00pt;\">\n<td style=\"height: 37.00pt;\" height=\"49\">Nom de marque<\/td>\n<td class=\"et2\" style=\"width: 245.25pt;\" width=\"327\">fabricant d'\u00e9quipement d'origine<\/td>\n<\/tr>\n<tr style=\"height: 37.00pt;\">\n<td style=\"height: 37.00pt;\" height=\"49\">Num\u00e9ro de mod\u00e8le<\/td>\n<td class=\"et2\" style=\"width: 245.25pt;\" width=\"327\">AWT18816<\/td>\n<\/tr>\n<\/tbody>\n<\/table>","protected":false},"excerpt":{"rendered":"<p>Le pull \u00e0 fermeture \u00e9clair allie chaleur, douceur et durabilit\u00e9. Dot\u00e9 d'une fermeture \u00e9clair \u00e9l\u00e9gante et d'un logo personnalisable, il offre \u00e0 la fois confort et style personnalis\u00e9.<\/p>","protected":false},"featured_media":15066,"template":"","meta":{"_seopress_robots_primary_cat":"","_seopress_titles_title":"","_seopress_titles_desc":"","_seopress_robots_index":"","_gspb_post_css":"","_jf_limit_responses":"","_jet_sm_ready_style":"","_jet_sm_style":"","_jet_sm_controls_values":"","_jet_sm_fonts_collection":"","_jet_sm_fonts_links":""},"product_brand":[],"product_cat":[204],"product_tag":[],"hf_cat_product":[],"class_list":{"0":"post-15065","1":"product","2":"type-product","3":"status-publish","4":"has-post-thumbnail","6":"product_cat-sweaters","8":"first","9":"instock","10":"shipping-taxable","11":"product-type-simple"},"_links":{"self":[{"href":"https:\/\/www.aungwinter.com\/fr\/wp-json\/wp\/v2\/product\/15065","targetHints":{"allow":["GET"]}}],"collection":[{"href":"https:\/\/www.aungwinter.com\/fr\/wp-json\/wp\/v2\/product"}],"about":[{"href":"https:\/\/www.aungwinter.com\/fr\/wp-json\/wp\/v2\/types\/product"}],"wp:featuredmedia":[{"embeddable":true,"href":"https:\/\/www.aungwinter.com\/fr\/wp-json\/wp\/v2\/media\/15066"}],"wp:attachment":[{"href":"https:\/\/www.aungwinter.com\/fr\/wp-json\/wp\/v2\/media?parent=15065"}],"wp:term":[{"taxonomy":"product_brand","embeddable":true,"href":"https:\/\/www.aungwinter.com\/fr\/wp-json\/wp\/v2\/product_brand?post=15065"},{"taxonomy":"product_cat","embeddable":true,"href":"https:\/\/www.aungwinter.com\/fr\/wp-json\/wp\/v2\/product_cat?post=15065"},{"taxonomy":"product_tag","embeddable":true,"href":"https:\/\/www.aungwinter.com\/fr\/wp-json\/wp\/v2\/product_tag?post=15065"},{"taxonomy":"hf_cat_product","embeddable":true,"href":"https:\/\/www.aungwinter.com\/fr\/wp-json\/wp\/v2\/hf_cat_product?post=15065"}],"curies":[{"name":"wp","href":"https:\/\/api.w.org\/{rel}","templated":true}]}}