{"id":15097,"date":"2025-08-07T07:23:33","date_gmt":"2025-08-07T07:23:33","guid":{"rendered":"https:\/\/www.aungwinter.com\/?post_type=product&#038;p=15097"},"modified":"2025-08-07T07:23:33","modified_gmt":"2025-08-07T07:23:33","slug":"cardigan-en-coton-crochete-pour-femme-col-en-v-sur-mesure","status":"publish","type":"product","link":"https:\/\/www.aungwinter.com\/fr\/product\/custom-womens-cotton-crocheted-cardigan-v-neck-sweater\/","title":{"rendered":"Cardigan en coton crochet\u00e9 pour femme, col en V, personnalis\u00e9"},"content":{"rendered":"<table style=\"border-collapse: collapse; width: 403.52pt;\" border=\"0\" width=\"538\" cellspacing=\"0\" cellpadding=\"0\">\n<tbody>\n<tr style=\"height: 37.00pt;\">\n<td style=\"height: 37.00pt; width: 158.25pt;\" width=\"211\" height=\"49\">Fonctionnalit\u00e9<\/td>\n<td class=\"et2\" style=\"width: 245.25pt;\" width=\"327\">anti-rides, s\u00e9chage rapide, anti-boulochage, respirant, anti-r\u00e9tr\u00e9cissement<\/td>\n<\/tr>\n<tr style=\"height: 37.00pt;\">\n<td style=\"height: 37.00pt;\" height=\"49\">Techniques<\/td>\n<td class=\"et2\" style=\"width: 245.25pt;\" width=\"327\">Tricot\u00e9 \u00e0 la main<\/td>\n<\/tr>\n<tr style=\"height: 37.00pt;\">\n<td style=\"height: 37.00pt;\" height=\"49\">Style<\/td>\n<td class=\"et2\" style=\"width: 245.25pt;\" width=\"327\">Boh\u00e8me<\/td>\n<\/tr>\n<tr style=\"height: 37.00pt;\">\n<td style=\"height: 37.00pt;\" height=\"49\">M\u00e9thode de tissage<\/td>\n<td class=\"et2\" style=\"width: 245.25pt;\" width=\"327\">crochet\u00e9<\/td>\n<\/tr>\n<tr style=\"height: 37.00pt;\">\n<td style=\"height: 37.00pt;\" height=\"49\">Col<\/td>\n<td class=\"et2\" style=\"width: 245.25pt;\" width=\"327\">col en V<\/td>\n<\/tr>\n<tr style=\"height: 37.00pt;\">\n<td style=\"height: 37.00pt;\" height=\"49\">Genre<\/td>\n<td class=\"et2\" style=\"width: 245.25pt;\" width=\"327\">Femmes<\/td>\n<\/tr>\n<tr style=\"height: 35.00pt;\">\n<td style=\"height: 35.00pt;\" height=\"46\">Type de motif<\/td>\n<td class=\"et2\" style=\"width: 245.25pt;\" width=\"327\">Solide<\/td>\n<\/tr>\n<tr style=\"height: 37.00pt;\">\n<td style=\"height: 37.00pt;\" height=\"49\">Mat\u00e9riau<\/td>\n<td class=\"et2\" style=\"width: 245.25pt;\" width=\"327\">100% Coton<\/td>\n<\/tr>\n<tr style=\"height: 30.00pt;\">\n<td style=\"height: 30.00pt;\" height=\"40\">Jauge<\/td>\n<td class=\"et2\" style=\"width: 245.25pt;\" width=\"327\">7 GG<\/td>\n<\/tr>\n<tr style=\"height: 37.00pt;\">\n<td style=\"height: 37.00pt;\" height=\"49\">Type d'approvisionnement<\/td>\n<td class=\"et2\" style=\"width: 245.25pt;\" width=\"327\">service OEM<\/td>\n<\/tr>\n<tr style=\"height: 37.00pt;\">\n<td style=\"height: 37.00pt;\" height=\"49\">Saison<\/td>\n<td class=\"et2\" style=\"width: 245.25pt;\" width=\"327\">Automne<\/td>\n<\/tr>\n<tr style=\"height: 37.00pt;\">\n<td style=\"height: 37.00pt;\" height=\"49\">\u00c9paisseur<\/td>\n<td class=\"et2\" style=\"width: 245.25pt;\" width=\"327\">Standard<\/td>\n<\/tr>\n<tr style=\"height: 37.00pt;\">\n<td style=\"height: 37.00pt;\" height=\"49\">D\u00e9lai de livraison pour une commande d'\u00e9chantillons de 7 jours<\/td>\n<td class=\"et2\" style=\"width: 245.25pt;\" width=\"327\">Assistance<\/td>\n<\/tr>\n<tr style=\"height: 37.00pt;\">\n<td style=\"height: 37.00pt;\" height=\"49\">Longueur des v\u00eatements<\/td>\n<td class=\"et2\" style=\"width: 245.25pt;\" width=\"327\">R\u00e9gulier<\/td>\n<\/tr>\n<tr style=\"height: 37.00pt;\">\n<td style=\"height: 37.00pt;\" height=\"49\">Style de manchon<\/td>\n<td class=\"et2\" style=\"width: 245.25pt;\" width=\"327\">R\u00e9gulier<\/td>\n<\/tr>\n<tr style=\"height: 37.00pt;\">\n<td style=\"height: 37.00pt;\" height=\"49\">Longueur des manches (cm)<\/td>\n<td class=\"et2\" style=\"width: 245.25pt;\" width=\"327\">Complet<\/td>\n<\/tr>\n<tr style=\"height: 37.00pt;\">\n<td style=\"height: 37.00pt;\" height=\"49\">D\u00e9coration<\/td>\n<td class=\"et2\" style=\"width: 245.25pt;\" width=\"327\">Aucun<\/td>\n<\/tr>\n<tr style=\"height: 72.00pt;\">\n<td style=\"height: 72.00pt;\" height=\"96\">Conception de logos\/graphismes<\/td>\n<td class=\"et2\" style=\"width: 245.25pt;\" width=\"327\">S\u00e9rigraphie, impression num\u00e9rique, impression par transfert thermique, etc.<\/td>\n<\/tr>\n<tr style=\"height: 37.00pt;\">\n<td style=\"height: 37.00pt;\" height=\"49\">Type d'article<\/td>\n<td class=\"et2\" style=\"width: 245.25pt;\" width=\"327\">Cardigans<\/td>\n<\/tr>\n<tr style=\"height: 37.00pt;\">\n<td style=\"height: 37.00pt;\" height=\"49\">Position du logo<\/td>\n<td class=\"et2\" style=\"width: 245.25pt;\" width=\"327\">Devant, dos, manche gauche, manche droite, ourlet inf\u00e9rieur, nuque<\/td>\n<\/tr>\n<tr style=\"height: 37.00pt;\">\n<td style=\"height: 37.00pt;\" height=\"49\">Type de fermeture<\/td>\n<td class=\"et2\" style=\"width: 245.25pt;\" width=\"327\">Aucun<\/td>\n<\/tr>\n<tr style=\"height: 37.00pt;\">\n<td style=\"height: 37.00pt;\" height=\"49\">Num\u00e9ro de mod\u00e8le<\/td>\n<td class=\"et2\" style=\"width: 245.25pt;\" width=\"327\">AWX32988<\/td>\n<\/tr>\n<tr style=\"height: 37.00pt;\">\n<td style=\"height: 37.00pt;\" height=\"49\">Lieu d'origine<\/td>\n<td class=\"et2\" style=\"width: 245.25pt;\" width=\"327\">Guangdong, Chine<\/td>\n<\/tr>\n<tr style=\"height: 37.00pt;\">\n<td style=\"height: 37.00pt;\" height=\"49\">Nom de marque<\/td>\n<td class=\"et2\" style=\"width: 245.25pt;\" width=\"327\">Aungwinter<\/td>\n<\/tr>\n<tr style=\"height: 37.00pt;\">\n<td style=\"height: 37.00pt;\" height=\"49\">Fonctionnalit\u00e9<\/td>\n<td class=\"et2\" style=\"width: 245.25pt;\" width=\"327\">Grande taille<\/td>\n<\/tr>\n<\/tbody>\n<\/table>","protected":false},"excerpt":{"rendered":"<p>Le pull pour femme personnalis\u00e9 allie un coton l\u00e9ger et respirant \u00e0 de d\u00e9licats d\u00e9tails au crochet et un col en V flatteur, offrant une couche \u00e9l\u00e9gante et polyvalente pour des looks d\u00e9contract\u00e9s ou semi-formels.<\/p>","protected":false},"featured_media":15100,"template":"","meta":{"_seopress_robots_primary_cat":"","_seopress_titles_title":"","_seopress_titles_desc":"","_seopress_robots_index":"","_gspb_post_css":"","_jf_limit_responses":"","_jet_sm_ready_style":"","_jet_sm_style":"","_jet_sm_controls_values":"","_jet_sm_fonts_collection":"","_jet_sm_fonts_links":""},"product_brand":[],"product_cat":[204],"product_tag":[],"hf_cat_product":[],"class_list":{"0":"post-15097","1":"product","2":"type-product","3":"status-publish","4":"has-post-thumbnail","6":"product_cat-sweaters","8":"first","9":"instock","10":"shipping-taxable","11":"product-type-simple"},"_links":{"self":[{"href":"https:\/\/www.aungwinter.com\/fr\/wp-json\/wp\/v2\/product\/15097","targetHints":{"allow":["GET"]}}],"collection":[{"href":"https:\/\/www.aungwinter.com\/fr\/wp-json\/wp\/v2\/product"}],"about":[{"href":"https:\/\/www.aungwinter.com\/fr\/wp-json\/wp\/v2\/types\/product"}],"wp:featuredmedia":[{"embeddable":true,"href":"https:\/\/www.aungwinter.com\/fr\/wp-json\/wp\/v2\/media\/15100"}],"wp:attachment":[{"href":"https:\/\/www.aungwinter.com\/fr\/wp-json\/wp\/v2\/media?parent=15097"}],"wp:term":[{"taxonomy":"product_brand","embeddable":true,"href":"https:\/\/www.aungwinter.com\/fr\/wp-json\/wp\/v2\/product_brand?post=15097"},{"taxonomy":"product_cat","embeddable":true,"href":"https:\/\/www.aungwinter.com\/fr\/wp-json\/wp\/v2\/product_cat?post=15097"},{"taxonomy":"product_tag","embeddable":true,"href":"https:\/\/www.aungwinter.com\/fr\/wp-json\/wp\/v2\/product_tag?post=15097"},{"taxonomy":"hf_cat_product","embeddable":true,"href":"https:\/\/www.aungwinter.com\/fr\/wp-json\/wp\/v2\/hf_cat_product?post=15097"}],"curies":[{"name":"wp","href":"https:\/\/api.w.org\/{rel}","templated":true}]}}