{"id":15151,"date":"2025-08-08T01:58:08","date_gmt":"2025-08-08T01:58:08","guid":{"rendered":"https:\/\/www.aungwinter.com\/?post_type=product&#038;p=15151"},"modified":"2025-08-08T01:58:09","modified_gmt":"2025-08-08T01:58:09","slug":"pull-vintage-personnalise-en-tricot-sportif-brode-pour-homme","status":"publish","type":"product","link":"https:\/\/www.aungwinter.com\/fr\/product\/custom-pullover-vintage-knitted-sports-jersey-embroidery-sweater-for-men\/","title":{"rendered":"Pull personnalis\u00e9 Vintage en tricot Sport Jersey Broderie Sweat pour hommes"},"content":{"rendered":"<table style=\"border-collapse: collapse; width: 403.52pt;\" border=\"0\" width=\"538\" cellspacing=\"0\" cellpadding=\"0\">\n<tbody>\n<tr style=\"height: 37.00pt;\">\n<td style=\"height: 37.00pt; width: 158.25pt;\" width=\"211\" height=\"49\">Type d'approvisionnement<\/td>\n<td class=\"et2\" style=\"width: 245.25pt;\" width=\"327\">service OEM<\/td>\n<\/tr>\n<tr style=\"height: 37.00pt;\">\n<td style=\"height: 37.00pt;\" height=\"49\">Style<\/td>\n<td class=\"et2\" style=\"width: 245.25pt;\" width=\"327\">Pull-over<\/td>\n<\/tr>\n<tr style=\"height: 37.00pt;\">\n<td style=\"height: 37.00pt;\" height=\"49\">Fonctionnalit\u00e9<\/td>\n<td class=\"et2\" style=\"width: 245.25pt;\" width=\"327\">anti-rides, s\u00e9chage rapide, anti-boulochage, respirant, anti-r\u00e9tr\u00e9cissement<\/td>\n<\/tr>\n<tr style=\"height: 37.00pt;\">\n<td style=\"height: 37.00pt;\" height=\"49\">Genre<\/td>\n<td class=\"et2\" style=\"width: 245.25pt;\" width=\"327\">Hommes<\/td>\n<\/tr>\n<tr style=\"height: 37.00pt;\">\n<td style=\"height: 37.00pt;\" height=\"49\">\u00c0 capuche<\/td>\n<td class=\"et2\" style=\"width: 245.25pt;\" width=\"327\">NON<\/td>\n<\/tr>\n<tr style=\"height: 37.00pt;\">\n<td style=\"height: 37.00pt;\" height=\"49\">D\u00e9tection d'aiguilles<\/td>\n<td class=\"et2\" style=\"width: 245.25pt;\" width=\"327\">Oui<\/td>\n<\/tr>\n<tr style=\"height: 35.00pt;\">\n<td style=\"height: 35.00pt;\" height=\"46\">M\u00e9thode de tissage<\/td>\n<td class=\"et2\" style=\"width: 245.25pt;\" width=\"327\">Fabriqu\u00e9 \u00e0 la machine<\/td>\n<\/tr>\n<tr style=\"height: 37.00pt;\">\n<td style=\"height: 37.00pt;\" height=\"49\">Jauge<\/td>\n<td class=\"et2\" style=\"width: 245.25pt;\" width=\"327\">12 GG<\/td>\n<\/tr>\n<tr style=\"height: 30.00pt;\">\n<td style=\"height: 30.00pt;\" height=\"40\">D\u00e9lai de livraison pour une commande d'\u00e9chantillons de 7 jours<\/td>\n<td class=\"et2\" style=\"width: 245.25pt;\" width=\"327\">Assistance<\/td>\n<\/tr>\n<tr style=\"height: 37.00pt;\">\n<td style=\"height: 37.00pt;\" height=\"49\">Type de fermeture<\/td>\n<td class=\"et2\" style=\"width: 245.25pt;\" width=\"327\">Aucun<\/td>\n<\/tr>\n<tr style=\"height: 37.00pt;\">\n<td style=\"height: 37.00pt;\" height=\"49\">Saison<\/td>\n<td class=\"et2\" style=\"width: 245.25pt;\" width=\"327\">Hiver<\/td>\n<\/tr>\n<tr style=\"height: 37.00pt;\">\n<td style=\"height: 37.00pt;\" height=\"49\">D\u00e9coration<\/td>\n<td class=\"et2\" style=\"width: 245.25pt;\" width=\"327\">Broderie<\/td>\n<\/tr>\n<tr style=\"height: 37.00pt;\">\n<td style=\"height: 37.00pt;\" height=\"49\">Longueur des manches (cm)<\/td>\n<td class=\"et2\" style=\"width: 245.25pt;\" width=\"327\">Complet<\/td>\n<\/tr>\n<tr style=\"height: 37.00pt;\">\n<td style=\"height: 37.00pt;\" height=\"49\">Mat\u00e9riau<\/td>\n<td class=\"et2\" style=\"width: 245.25pt;\" width=\"327\">Laine \/ Viscose<\/td>\n<\/tr>\n<tr style=\"height: 37.00pt;\">\n<td style=\"height: 37.00pt;\" height=\"49\">Style de manchon<\/td>\n<td class=\"et2\" style=\"width: 245.25pt;\" width=\"327\">Manchon standard<\/td>\n<\/tr>\n<tr style=\"height: 37.00pt;\">\n<td style=\"height: 37.00pt;\" height=\"49\">Position du logo<\/td>\n<td class=\"et2\" style=\"width: 245.25pt;\" width=\"327\">Devant, dos, manche gauche, manche droite, ourlet inf\u00e9rieur, nuque<\/td>\n<\/tr>\n<tr style=\"height: 37.00pt;\">\n<td style=\"height: 37.00pt;\" height=\"49\">Lieu d'origine<\/td>\n<td class=\"et2\" style=\"width: 245.25pt;\" width=\"327\">Guangdong, Chine<\/td>\n<\/tr>\n<tr style=\"height: 37.00pt;\">\n<td style=\"height: 37.00pt;\" height=\"49\">Nom de marque<\/td>\n<td class=\"et2\" style=\"width: 245.25pt;\" width=\"327\">fabricant d'\u00e9quipement d'origine<\/td>\n<\/tr>\n<tr style=\"height: 37.00pt;\">\n<td style=\"height: 37.00pt;\" height=\"49\">Num\u00e9ro de mod\u00e8le<\/td>\n<td class=\"et2\" style=\"width: 245.25pt;\" width=\"327\">AWS-386<\/td>\n<\/tr>\n<\/tbody>\n<\/table>","protected":false},"excerpt":{"rendered":"<p>Ce pull personnalis\u00e9 pr\u00e9sente un motif tricot\u00e9 vintage avec des d\u00e9tails brod\u00e9s, alliant une esth\u00e9tique sportive et un style classique pour cr\u00e9er un pull pour homme confortable et unique.<\/p>","protected":false},"featured_media":15154,"template":"","meta":{"_seopress_robots_primary_cat":"","_seopress_titles_title":"","_seopress_titles_desc":"","_seopress_robots_index":"","_gspb_post_css":"","_jf_limit_responses":"","_jet_sm_ready_style":"","_jet_sm_style":"","_jet_sm_controls_values":"","_jet_sm_fonts_collection":"","_jet_sm_fonts_links":""},"product_brand":[],"product_cat":[204],"product_tag":[],"hf_cat_product":[],"class_list":{"0":"post-15151","1":"product","2":"type-product","3":"status-publish","4":"has-post-thumbnail","6":"product_cat-sweaters","8":"first","9":"instock","10":"shipping-taxable","11":"product-type-simple"},"_links":{"self":[{"href":"https:\/\/www.aungwinter.com\/fr\/wp-json\/wp\/v2\/product\/15151","targetHints":{"allow":["GET"]}}],"collection":[{"href":"https:\/\/www.aungwinter.com\/fr\/wp-json\/wp\/v2\/product"}],"about":[{"href":"https:\/\/www.aungwinter.com\/fr\/wp-json\/wp\/v2\/types\/product"}],"wp:featuredmedia":[{"embeddable":true,"href":"https:\/\/www.aungwinter.com\/fr\/wp-json\/wp\/v2\/media\/15154"}],"wp:attachment":[{"href":"https:\/\/www.aungwinter.com\/fr\/wp-json\/wp\/v2\/media?parent=15151"}],"wp:term":[{"taxonomy":"product_brand","embeddable":true,"href":"https:\/\/www.aungwinter.com\/fr\/wp-json\/wp\/v2\/product_brand?post=15151"},{"taxonomy":"product_cat","embeddable":true,"href":"https:\/\/www.aungwinter.com\/fr\/wp-json\/wp\/v2\/product_cat?post=15151"},{"taxonomy":"product_tag","embeddable":true,"href":"https:\/\/www.aungwinter.com\/fr\/wp-json\/wp\/v2\/product_tag?post=15151"},{"taxonomy":"hf_cat_product","embeddable":true,"href":"https:\/\/www.aungwinter.com\/fr\/wp-json\/wp\/v2\/hf_cat_product?post=15151"}],"curies":[{"name":"wp","href":"https:\/\/api.w.org\/{rel}","templated":true}]}}