{"id":15197,"date":"2025-08-12T01:50:44","date_gmt":"2025-08-12T01:50:44","guid":{"rendered":"https:\/\/www.aungwinter.com\/?post_type=product&#038;p=15197"},"modified":"2025-08-12T01:51:52","modified_gmt":"2025-08-12T01:51:52","slug":"bonnet-de-ski-a-oreillettes-en-tricot-jacquard-acrylique-personnalise-pour-femmes","status":"publish","type":"product","link":"https:\/\/www.aungwinter.com\/fr\/product\/custom-acrylic-jacquard-knitted-earflap-ski-hat-for-women\/","title":{"rendered":"Bonnet de ski \u00e0 oreillettes en jacquard acrylique personnalis\u00e9 pour femmes"},"content":{"rendered":"<table width=\"651\">\n<tbody>\n<tr>\n<td width=\"234\">Style<\/td>\n<td width=\"417\">Personnage<\/td>\n<\/tr>\n<tr>\n<td>Sc\u00e8ne applicable<\/td>\n<td width=\"417\">Sports, ski, voyages, plein air, quotidien, d\u00e9contract\u00e9, affaires, p\u00eache, cyclisme, voyages<\/td>\n<\/tr>\n<tr>\n<td>Caract\u00e9ristique du tissu<\/td>\n<td width=\"417\">COMMON<\/td>\n<\/tr>\n<tr>\n<td>Genre<\/td>\n<td width=\"417\">Femme<\/td>\n<\/tr>\n<tr>\n<td>Tranche d'\u00e2ge<\/td>\n<td width=\"417\">Adultes<\/td>\n<\/tr>\n<tr>\n<td>Mat\u00e9riau<\/td>\n<td width=\"417\">100% Acrylique<\/td>\n<\/tr>\n<tr>\n<td>Num\u00e9ro de mod\u00e8le<\/td>\n<td width=\"417\">chapeau-marguerite5<\/td>\n<\/tr>\n<tr>\n<td>Lieu d'origine<\/td>\n<td width=\"417\">Guangdong, Chine<\/td>\n<\/tr>\n<tr>\n<td>Nom de marque<\/td>\n<td width=\"417\">Nouveaux v\u00eatements<\/td>\n<\/tr>\n<tr>\n<td>Taille<\/td>\n<td width=\"417\">adulte<\/td>\n<\/tr>\n<tr>\n<td>Nom<\/td>\n<td width=\"417\">Bonnet de ski personnalis\u00e9 avec oreillettes<\/td>\n<\/tr>\n<tr>\n<td>Utilisation<\/td>\n<td width=\"417\">Loisirs<\/td>\n<\/tr>\n<tr>\n<td>Logo<\/td>\n<td width=\"417\">Logo personnalis\u00e9<\/td>\n<\/tr>\n<tr>\n<td>Tissu<\/td>\n<td width=\"417\">acrylique<\/td>\n<\/tr>\n<tr>\n<td>Style de casquette<\/td>\n<td width=\"417\">acrylique, tricot jacquard<\/td>\n<\/tr>\n<tr>\n<td>Manchette<\/td>\n<td width=\"417\">5 \u00e0 7 cm<\/td>\n<\/tr>\n<tr>\n<td>Temps d'\u00e9chantillonnage<\/td>\n<td width=\"417\">5 \u00e0 7 jours<\/td>\n<\/tr>\n<tr>\n<td>Paiement<\/td>\n<td width=\"417\">30 tonnes\/heure<\/td>\n<\/tr>\n<tr>\n<td>Conception<\/td>\n<td width=\"417\">Conceptions ODM<\/td>\n<\/tr>\n<tr>\n<td>Quantit\u00e9 minimale de commande<\/td>\n<td width=\"417\">50 pi\u00e8ces<\/td>\n<\/tr>\n<tr>\n<td>Motif<\/td>\n<td width=\"417\">tricot\u00e9<\/td>\n<\/tr>\n<\/tbody>\n<\/table>","protected":false},"excerpt":{"rendered":"<p>Le bonnet de ski \u00e0 oreillettes offre chaleur, confort et design \u00e9l\u00e9gant, avec un tricot jacquard complexe et des oreillettes pour une protection suppl\u00e9mentaire contre le froid.<\/p>","protected":false},"featured_media":15202,"template":"","meta":{"_seopress_robots_primary_cat":"none","_seopress_titles_title":"","_seopress_titles_desc":"","_seopress_robots_index":"","_gspb_post_css":"","_jf_limit_responses":"","_jet_sm_ready_style":"","_jet_sm_style":"","_jet_sm_controls_values":"","_jet_sm_fonts_collection":"","_jet_sm_fonts_links":""},"product_brand":[],"product_cat":[66],"product_tag":[],"hf_cat_product":[],"class_list":{"0":"post-15197","1":"product","2":"type-product","3":"status-publish","4":"has-post-thumbnail","6":"product_cat-earflap-beanies","8":"first","9":"instock","10":"shipping-taxable","11":"product-type-simple"},"_links":{"self":[{"href":"https:\/\/www.aungwinter.com\/fr\/wp-json\/wp\/v2\/product\/15197","targetHints":{"allow":["GET"]}}],"collection":[{"href":"https:\/\/www.aungwinter.com\/fr\/wp-json\/wp\/v2\/product"}],"about":[{"href":"https:\/\/www.aungwinter.com\/fr\/wp-json\/wp\/v2\/types\/product"}],"wp:featuredmedia":[{"embeddable":true,"href":"https:\/\/www.aungwinter.com\/fr\/wp-json\/wp\/v2\/media\/15202"}],"wp:attachment":[{"href":"https:\/\/www.aungwinter.com\/fr\/wp-json\/wp\/v2\/media?parent=15197"}],"wp:term":[{"taxonomy":"product_brand","embeddable":true,"href":"https:\/\/www.aungwinter.com\/fr\/wp-json\/wp\/v2\/product_brand?post=15197"},{"taxonomy":"product_cat","embeddable":true,"href":"https:\/\/www.aungwinter.com\/fr\/wp-json\/wp\/v2\/product_cat?post=15197"},{"taxonomy":"product_tag","embeddable":true,"href":"https:\/\/www.aungwinter.com\/fr\/wp-json\/wp\/v2\/product_tag?post=15197"},{"taxonomy":"hf_cat_product","embeddable":true,"href":"https:\/\/www.aungwinter.com\/fr\/wp-json\/wp\/v2\/hf_cat_product?post=15197"}],"curies":[{"name":"wp","href":"https:\/\/api.w.org\/{rel}","templated":true}]}}