{"id":15207,"date":"2025-08-13T01:04:44","date_gmt":"2025-08-13T01:04:44","guid":{"rendered":"https:\/\/www.aungwinter.com\/?post_type=product&#038;p=15207"},"modified":"2025-08-13T01:13:30","modified_gmt":"2025-08-13T01:13:30","slug":"bonnet-tricote-sans-revers-jacquard-avec-logo-imprime-personnalise","status":"publish","type":"product","link":"https:\/\/www.aungwinter.com\/fr\/product\/custom-graphic-printed-logo-jacquard-cuffless-knitted-beanie\/","title":{"rendered":"Bonnet tricot\u00e9 sans revers, avec logo imprim\u00e9 personnalis\u00e9 en jacquard"},"content":{"rendered":"<table style=\"border-collapse: collapse; width: 426.77pt;\" border=\"0\" width=\"569\" cellspacing=\"0\" cellpadding=\"0\">\n<tbody>\n<tr style=\"height: 32.00pt;\">\n<td style=\"height: 32.00pt; width: 137.25pt;\" width=\"183\" height=\"42\">Style<\/td>\n<td style=\"width: 289.50pt;\" width=\"386\">Personnage<\/td>\n<\/tr>\n<tr style=\"height: 32.00pt;\">\n<td style=\"height: 32.00pt;\" height=\"42\">Caract\u00e9ristique du tissu<\/td>\n<td>COMMON<\/td>\n<\/tr>\n<tr style=\"height: 32.00pt;\">\n<td style=\"height: 32.00pt;\" height=\"42\">M\u00e9thodes d'impression<\/td>\n<td>motif jacquard<\/td>\n<\/tr>\n<tr style=\"height: 32.00pt;\">\n<td style=\"height: 32.00pt;\" height=\"42\">Tour de t\u00eate<\/td>\n<td>56-58 cm<\/td>\n<\/tr>\n<tr style=\"height: 32.00pt;\">\n<td style=\"height: 32.00pt;\" height=\"42\">Type de motif<\/td>\n<td>Caract\u00e8re, lettre<\/td>\n<\/tr>\n<tr style=\"height: 32.00pt;\">\n<td style=\"height: 32.00pt;\" height=\"42\">Genre<\/td>\n<td>Unisexe<\/td>\n<\/tr>\n<tr style=\"height: 32.00pt;\">\n<td style=\"height: 32.00pt;\" height=\"42\">Tranche d'\u00e2ge<\/td>\n<td>Adultes<\/td>\n<\/tr>\n<tr style=\"height: 32.00pt;\">\n<td style=\"height: 32.00pt;\" height=\"42\">Techniques<\/td>\n<td>S\u00e9rigraphie<\/td>\n<\/tr>\n<tr style=\"height: 32.00pt;\">\n<td style=\"height: 32.00pt;\" height=\"42\">Mat\u00e9riau<\/td>\n<td>100% Acrylique<\/td>\n<\/tr>\n<tr style=\"height: 32.00pt;\">\n<td style=\"height: 32.00pt;\" height=\"42\">Num\u00e9ro de mod\u00e8le<\/td>\n<td>SFA-220923-06<\/td>\n<\/tr>\n<tr style=\"height: 32.00pt;\">\n<td style=\"height: 32.00pt;\" height=\"42\">Lieu d'origine<\/td>\n<td>Guangdong, Chine<\/td>\n<\/tr>\n<tr style=\"height: 32.00pt;\">\n<td style=\"height: 32.00pt;\" height=\"42\">Sc\u00e8ne applicable<\/td>\n<td>En plein air, quotidien, d\u00e9contract\u00e9<\/td>\n<\/tr>\n<tr style=\"height: 32.00pt;\">\n<td style=\"height: 32.00pt;\" height=\"42\">D\u00e9coration<\/td>\n<td>aucun<\/td>\n<\/tr>\n<tr style=\"height: 32.00pt;\">\n<td style=\"height: 32.00pt;\" height=\"42\">Nom de marque<\/td>\n<td>Aungwinter<\/td>\n<\/tr>\n<tr style=\"height: 32.00pt;\">\n<td style=\"height: 32.00pt;\" height=\"42\">Nom du produit<\/td>\n<td>Bonnet r\u00e9versible Streetwear Skull Caps Y2K<\/td>\n<\/tr>\n<tr style=\"height: 32.00pt;\">\n<td style=\"height: 32.00pt;\" height=\"42\">Logo<\/td>\n<td>Accepter un logo personnalis\u00e9<\/td>\n<\/tr>\n<tr style=\"height: 32.00pt;\">\n<td style=\"height: 32.00pt;\" height=\"42\">Couleur<\/td>\n<td>Couleur personnalis\u00e9e<\/td>\n<\/tr>\n<tr style=\"height: 32.00pt;\">\n<td style=\"height: 32.00pt;\" height=\"42\">Mot-cl\u00e9<\/td>\n<td>Bonnet en tricot jacquard<\/td>\n<\/tr>\n<tr style=\"height: 32.00pt;\">\n<td style=\"height: 32.00pt;\" height=\"42\">Taille<\/td>\n<td>Taille adulte<\/td>\n<\/tr>\n<tr style=\"height: 32.00pt;\">\n<td style=\"height: 32.00pt;\" height=\"42\">Saison<\/td>\n<td>Hiver Automne<\/td>\n<\/tr>\n<\/tbody>\n<\/table>","protected":false},"excerpt":{"rendered":"<p>Le bonnet personnalis\u00e9 offre un design \u00e9l\u00e9gant et sur mesure, avec un tissu acrylique doux pour plus de chaleur et de confort, id\u00e9al pour les sorties hivernales.<\/p>","protected":false},"featured_media":15218,"template":"","meta":{"_seopress_robots_primary_cat":"none","_seopress_titles_title":"","_seopress_titles_desc":"","_seopress_robots_index":"","_gspb_post_css":"","_jf_limit_responses":"","_jet_sm_ready_style":"","_jet_sm_style":"","_jet_sm_controls_values":"","_jet_sm_fonts_collection":"","_jet_sm_fonts_links":""},"product_brand":[],"product_cat":[23],"product_tag":[],"hf_cat_product":[],"class_list":{"0":"post-15207","1":"product","2":"type-product","3":"status-publish","4":"has-post-thumbnail","6":"product_cat-cuffless-beanies","8":"first","9":"instock","10":"shipping-taxable","11":"product-type-simple"},"_links":{"self":[{"href":"https:\/\/www.aungwinter.com\/fr\/wp-json\/wp\/v2\/product\/15207","targetHints":{"allow":["GET"]}}],"collection":[{"href":"https:\/\/www.aungwinter.com\/fr\/wp-json\/wp\/v2\/product"}],"about":[{"href":"https:\/\/www.aungwinter.com\/fr\/wp-json\/wp\/v2\/types\/product"}],"wp:featuredmedia":[{"embeddable":true,"href":"https:\/\/www.aungwinter.com\/fr\/wp-json\/wp\/v2\/media\/15218"}],"wp:attachment":[{"href":"https:\/\/www.aungwinter.com\/fr\/wp-json\/wp\/v2\/media?parent=15207"}],"wp:term":[{"taxonomy":"product_brand","embeddable":true,"href":"https:\/\/www.aungwinter.com\/fr\/wp-json\/wp\/v2\/product_brand?post=15207"},{"taxonomy":"product_cat","embeddable":true,"href":"https:\/\/www.aungwinter.com\/fr\/wp-json\/wp\/v2\/product_cat?post=15207"},{"taxonomy":"product_tag","embeddable":true,"href":"https:\/\/www.aungwinter.com\/fr\/wp-json\/wp\/v2\/product_tag?post=15207"},{"taxonomy":"hf_cat_product","embeddable":true,"href":"https:\/\/www.aungwinter.com\/fr\/wp-json\/wp\/v2\/hf_cat_product?post=15207"}],"curies":[{"name":"wp","href":"https:\/\/api.w.org\/{rel}","templated":true}]}}