{"id":15232,"date":"2025-08-13T01:34:11","date_gmt":"2025-08-13T01:34:11","guid":{"rendered":"https:\/\/www.aungwinter.com\/?post_type=product&#038;p=15232"},"modified":"2025-08-13T01:34:11","modified_gmt":"2025-08-13T01:34:11","slug":"bonnet-jacquard-personnalise-en-acrylique-sans-revers-imprime-numerique","status":"publish","type":"product","link":"https:\/\/www.aungwinter.com\/fr\/product\/custom-acrylic-uncuffed-digital-print-jacquard-beanie\/","title":{"rendered":"Bonnet jacquard personnalis\u00e9 en acrylique sans revers, imprim\u00e9 num\u00e9rique"},"content":{"rendered":"<table style=\"border-collapse: collapse; width: 426.77pt;\" border=\"0\" width=\"569\" cellspacing=\"0\" cellpadding=\"0\">\n<tbody>\n<tr style=\"height: 32.00pt;\">\n<td style=\"height: 32.00pt; width: 137.25pt;\" width=\"183\" height=\"42\">Style<\/td>\n<td style=\"width: 289.50pt;\" width=\"386\">Personnage<\/td>\n<\/tr>\n<tr style=\"height: 32.00pt;\">\n<td style=\"height: 32.00pt;\" height=\"42\">Caract\u00e9ristique du tissu<\/td>\n<td>COMMON<\/td>\n<\/tr>\n<tr style=\"height: 32.00pt;\">\n<td style=\"height: 32.00pt;\" height=\"42\">M\u00e9thodes d'impression<\/td>\n<td>motif jacquard<\/td>\n<\/tr>\n<tr style=\"height: 32.00pt;\">\n<td style=\"height: 32.00pt;\" height=\"42\">Tour de t\u00eate<\/td>\n<td>56-58 cm<\/td>\n<\/tr>\n<tr style=\"height: 32.00pt;\">\n<td style=\"height: 32.00pt;\" height=\"42\">Type de motif<\/td>\n<td>Caract\u00e8re, Lettre, Uni, Ray\u00e9<\/td>\n<\/tr>\n<tr style=\"height: 32.00pt;\">\n<td style=\"height: 32.00pt;\" height=\"42\">Genre<\/td>\n<td>Unisexe<\/td>\n<\/tr>\n<tr style=\"height: 32.00pt;\">\n<td style=\"height: 32.00pt;\" height=\"42\">Tranche d'\u00e2ge<\/td>\n<td>Adultes<\/td>\n<\/tr>\n<tr style=\"height: 32.00pt;\">\n<td style=\"height: 32.00pt;\" height=\"42\">Techniques<\/td>\n<td>S\u00e9rigraphie<\/td>\n<\/tr>\n<tr style=\"height: 32.00pt;\">\n<td style=\"height: 32.00pt;\" height=\"42\">Mat\u00e9riau<\/td>\n<td>100% Acrylique<\/td>\n<\/tr>\n<tr style=\"height: 32.00pt;\">\n<td style=\"height: 32.00pt;\" height=\"42\">Num\u00e9ro de mod\u00e8le<\/td>\n<td>SFG-210409-6<\/td>\n<\/tr>\n<tr style=\"height: 32.00pt;\">\n<td style=\"height: 32.00pt;\" height=\"42\">Lieu d'origine<\/td>\n<td>Guangdong, Chine<\/td>\n<\/tr>\n<tr style=\"height: 32.00pt;\">\n<td style=\"height: 32.00pt;\" height=\"42\">Sc\u00e8ne applicable<\/td>\n<td>D\u00e9contract\u00e9, Plein air, Voyage, Sports, Cyclisme, Shopping, P\u00eache, Ski, Usage domestique, Quotidien, F\u00eate, Plage, Voyage<\/td>\n<\/tr>\n<tr style=\"height: 32.00pt;\">\n<td style=\"height: 32.00pt;\" height=\"42\">D\u00e9coration<\/td>\n<td>autre<\/td>\n<\/tr>\n<tr style=\"height: 32.00pt;\">\n<td style=\"height: 32.00pt;\" height=\"42\">Nom de marque<\/td>\n<td>Aungwinter<\/td>\n<\/tr>\n<tr style=\"height: 32.00pt;\">\n<td style=\"height: 32.00pt;\" height=\"42\">Service<\/td>\n<td>OEM\/ODM, Conception<\/td>\n<\/tr>\n<tr style=\"height: 32.00pt;\">\n<td style=\"height: 32.00pt;\" height=\"42\">Mots cl\u00e9s<\/td>\n<td>bonnets tricot\u00e9s d'hiver<\/td>\n<\/tr>\n<tr style=\"height: 32.00pt;\">\n<td style=\"height: 32.00pt;\" height=\"42\">Temps d'\u00e9chantillonnage<\/td>\n<td>3 \u00e0 7 jours pour les mod\u00e8les courants<\/td>\n<\/tr>\n<tr style=\"height: 32.00pt;\">\n<td style=\"height: 32.00pt;\" height=\"42\">Petite commande<\/td>\n<td>50 pi\u00e8ces\/couleur\/style<\/td>\n<\/tr>\n<tr style=\"height: 32.00pt;\">\n<td style=\"height: 32.00pt;\" height=\"42\">Conception<\/td>\n<td>Conception gratuite<\/td>\n<\/tr>\n<tr style=\"height: 32.00pt;\">\n<td style=\"height: 32.00pt;\" height=\"42\">Fonction<\/td>\n<td>Bonnet d'hiver tricot\u00e9<\/td>\n<\/tr>\n<tr style=\"height: 32.00pt;\">\n<td style=\"height: 32.00pt;\" height=\"42\">Avantage<\/td>\n<td>fabricant direct<\/td>\n<\/tr>\n<tr style=\"height: 32.00pt;\">\n<td style=\"height: 32.00pt;\" height=\"42\">Certificats<\/td>\n<td>BV, BSCI, ISO, GRS, FSC, OEKO-TEX STANDARD 100, CE<\/td>\n<\/tr>\n<\/tbody>\n<\/table>","protected":false},"excerpt":{"rendered":"<p>Le bonnet pr\u00e9sente un motif imprim\u00e9 num\u00e9rique \u00e9clatant et de haute qualit\u00e9 sur un tissu acrylique doux, offrant un ajustement confortable et \u00e9l\u00e9gant sans le volume d'un revers.<\/p>","protected":false},"featured_media":15237,"template":"","meta":{"_seopress_robots_primary_cat":"","_seopress_titles_title":"","_seopress_titles_desc":"","_seopress_robots_index":"","_gspb_post_css":"","_jf_limit_responses":"","_jet_sm_ready_style":"","_jet_sm_style":"","_jet_sm_controls_values":"","_jet_sm_fonts_collection":"","_jet_sm_fonts_links":""},"product_brand":[],"product_cat":[23],"product_tag":[],"hf_cat_product":[],"class_list":{"0":"post-15232","1":"product","2":"type-product","3":"status-publish","4":"has-post-thumbnail","6":"product_cat-cuffless-beanies","8":"first","9":"instock","10":"shipping-taxable","11":"product-type-simple"},"_links":{"self":[{"href":"https:\/\/www.aungwinter.com\/fr\/wp-json\/wp\/v2\/product\/15232","targetHints":{"allow":["GET"]}}],"collection":[{"href":"https:\/\/www.aungwinter.com\/fr\/wp-json\/wp\/v2\/product"}],"about":[{"href":"https:\/\/www.aungwinter.com\/fr\/wp-json\/wp\/v2\/types\/product"}],"wp:featuredmedia":[{"embeddable":true,"href":"https:\/\/www.aungwinter.com\/fr\/wp-json\/wp\/v2\/media\/15237"}],"wp:attachment":[{"href":"https:\/\/www.aungwinter.com\/fr\/wp-json\/wp\/v2\/media?parent=15232"}],"wp:term":[{"taxonomy":"product_brand","embeddable":true,"href":"https:\/\/www.aungwinter.com\/fr\/wp-json\/wp\/v2\/product_brand?post=15232"},{"taxonomy":"product_cat","embeddable":true,"href":"https:\/\/www.aungwinter.com\/fr\/wp-json\/wp\/v2\/product_cat?post=15232"},{"taxonomy":"product_tag","embeddable":true,"href":"https:\/\/www.aungwinter.com\/fr\/wp-json\/wp\/v2\/product_tag?post=15232"},{"taxonomy":"hf_cat_product","embeddable":true,"href":"https:\/\/www.aungwinter.com\/fr\/wp-json\/wp\/v2\/hf_cat_product?post=15232"}],"curies":[{"name":"wp","href":"https:\/\/api.w.org\/{rel}","templated":true}]}}