{"id":15555,"date":"2025-09-06T02:48:45","date_gmt":"2025-09-06T02:48:45","guid":{"rendered":"https:\/\/www.aungwinter.com\/?post_type=product&#038;p=15555"},"modified":"2025-09-06T02:48:45","modified_gmt":"2025-09-06T02:48:45","slug":"bonnet-a-pompons-et-paillettes-pour-femme-automne-hiver","status":"publish","type":"product","link":"https:\/\/www.aungwinter.com\/fr\/product\/womens-fashion-fur-ball-autumn-winter-sequin-pom-pom-beanie\/","title":{"rendered":"Bonnet \u00e0 pompons et paillettes pour femme, mode automne-hiver"},"content":{"rendered":"<table style=\"border-collapse: collapse; width: 403.52pt;\" border=\"0\" width=\"538\" cellspacing=\"0\" cellpadding=\"0\">\n<tbody>\n<tr style=\"height: 37.00pt;\">\n<td style=\"height: 37.00pt; width: 158.25pt;\" width=\"211\" height=\"49\">Style<\/td>\n<td class=\"et2\" style=\"width: 245.25pt;\" width=\"327\">Mode<\/td>\n<\/tr>\n<tr style=\"height: 37.00pt;\">\n<td style=\"height: 37.00pt;\" height=\"49\">Sc\u00e8ne applicable<\/td>\n<td class=\"et2\" style=\"width: 245.25pt;\" width=\"327\">D\u00e9contract\u00e9, plein air, voyage, sport, etc.<\/td>\n<\/tr>\n<tr style=\"height: 37.00pt;\">\n<td style=\"height: 37.00pt;\" height=\"49\">Caract\u00e9ristique du tissu<\/td>\n<td class=\"et2\" style=\"width: 245.25pt;\" width=\"327\">COMMON<\/td>\n<\/tr>\n<tr style=\"height: 37.00pt;\">\n<td style=\"height: 37.00pt;\" height=\"49\">M\u00e9thodes d'impression<\/td>\n<td class=\"et2\" style=\"width: 245.25pt;\" width=\"327\">Gaufr\u00e9, Autre<\/td>\n<\/tr>\n<tr style=\"height: 37.00pt;\">\n<td style=\"height: 37.00pt;\" height=\"49\">Tour de t\u00eate<\/td>\n<td class=\"et2\" style=\"width: 245.25pt;\" width=\"327\">56-58 cm<\/td>\n<\/tr>\n<tr style=\"height: 37.00pt;\">\n<td style=\"height: 37.00pt;\" height=\"49\">Type de motif<\/td>\n<td class=\"et2\" style=\"width: 245.25pt;\" width=\"327\">Caract\u00e8re, Lettre, Uni, Ray\u00e9<\/td>\n<\/tr>\n<tr style=\"height: 37.00pt;\">\n<td style=\"height: 37.00pt;\" height=\"49\">Genre<\/td>\n<td class=\"et2\" style=\"width: 245.25pt;\" width=\"327\">Unisexe<\/td>\n<\/tr>\n<tr style=\"height: 35.00pt;\">\n<td style=\"height: 35.00pt;\" height=\"46\">Tranche d'\u00e2ge<\/td>\n<td class=\"et2\" style=\"width: 245.25pt;\" width=\"327\">Adultes<\/td>\n<\/tr>\n<tr style=\"height: 37.00pt;\">\n<td style=\"height: 37.00pt;\" height=\"49\">Techniques<\/td>\n<td class=\"et2\" style=\"width: 245.25pt;\" width=\"327\">Broderie \u00e0 la machine<\/td>\n<\/tr>\n<tr style=\"height: 37.00pt;\">\n<td style=\"height: 37.00pt;\" height=\"49\">Mat\u00e9riau<\/td>\n<td class=\"et2\" style=\"width: 245.25pt;\" width=\"327\">100% Acrylique<\/td>\n<\/tr>\n<tr style=\"height: 37.00pt;\">\n<td style=\"height: 37.00pt;\" height=\"49\">D\u00e9coration<\/td>\n<td class=\"et2\" style=\"width: 245.25pt;\" width=\"327\">autre<\/td>\n<\/tr>\n<tr style=\"height: 37.00pt;\">\n<td style=\"height: 37.00pt;\" height=\"49\">Lieu d'origine<\/td>\n<td class=\"et2\" style=\"width: 245.25pt;\" width=\"327\">Guangdong, Chine<\/td>\n<\/tr>\n<tr style=\"height: 37.00pt;\">\n<td style=\"height: 37.00pt;\" height=\"49\">Nom de marque<\/td>\n<td class=\"et2\" style=\"width: 245.25pt;\" width=\"327\">Aungwinter<\/td>\n<\/tr>\n<tr style=\"height: 37.00pt;\">\n<td style=\"height: 37.00pt;\" height=\"49\">Service<\/td>\n<td class=\"et2\" style=\"width: 245.25pt;\" width=\"327\">OEM\/ODM, Conception<\/td>\n<\/tr>\n<tr style=\"height: 37.00pt;\">\n<td style=\"height: 37.00pt;\" height=\"49\">Mots cl\u00e9s<\/td>\n<td class=\"et2\" style=\"width: 245.25pt;\" width=\"327\">bonnets tricot\u00e9s \u00e0 pompon d'hiver<\/td>\n<\/tr>\n<tr style=\"height: 37.00pt;\">\n<td style=\"height: 37.00pt;\" height=\"49\">Temps d'\u00e9chantillonnage<\/td>\n<td class=\"et2\" style=\"width: 245.25pt;\" width=\"327\">3 \u00e0 7 jours pour les mod\u00e8les courants<\/td>\n<\/tr>\n<tr style=\"height: 37.00pt;\">\n<td style=\"height: 37.00pt;\" height=\"49\">Conception<\/td>\n<td class=\"et2\" style=\"width: 245.25pt;\" width=\"327\">Conception gratuite<\/td>\n<\/tr>\n<tr style=\"height: 37.00pt;\">\n<td style=\"height: 37.00pt;\" height=\"49\">Fonction<\/td>\n<td class=\"et2\" style=\"width: 245.25pt;\" width=\"327\">Bonnet d'hiver tricot\u00e9<\/td>\n<\/tr>\n<tr style=\"height: 37.00pt;\">\n<td style=\"height: 37.00pt;\" height=\"49\">Avantage<\/td>\n<td class=\"et2\" style=\"width: 245.25pt;\" width=\"327\">fabricant direct<\/td>\n<\/tr>\n<tr style=\"height: 37.00pt;\">\n<td style=\"height: 37.00pt;\" height=\"49\">Certificats<\/td>\n<td class=\"et2\" style=\"width: 245.25pt;\" width=\"327\">BV, BSCI, ISO, GRS, FSC, OEKO-TEX STANDARD 100, CE<\/td>\n<\/tr>\n<tr style=\"height: 37.00pt;\">\n<td style=\"height: 37.00pt;\" height=\"49\">Utilisation<\/td>\n<td class=\"et2\" style=\"width: 245.25pt;\" width=\"327\">Activit\u00e9s de plein air, d\u00e9contract\u00e9, hip-hop<\/td>\n<\/tr>\n<tr style=\"height: 37.00pt;\">\n<td style=\"height: 37.00pt;\" height=\"49\">Type<\/td>\n<td class=\"et2\" style=\"width: 245.25pt;\" width=\"327\">Chapeaux d'hiver pour adultes<\/td>\n<\/tr>\n<\/tbody>\n<\/table>","protected":false},"excerpt":{"rendered":"<p>Le bonnet \u00e0 pompon pour femme pr\u00e9sente un tricot doux, des paillettes scintillantes et un pompon en fourrure ludique pour un look styl\u00e9 et confortable en toute saison.<\/p>","protected":false},"featured_media":15559,"template":"","meta":{"_seopress_robots_primary_cat":"","_seopress_titles_title":"","_seopress_titles_desc":"","_seopress_robots_index":"","_gspb_post_css":"","_jf_limit_responses":"","_jet_sm_ready_style":"","_jet_sm_style":"","_jet_sm_controls_values":"","_jet_sm_fonts_collection":"","_jet_sm_fonts_links":""},"product_brand":[],"product_cat":[25],"product_tag":[],"hf_cat_product":[],"class_list":{"0":"post-15555","1":"product","2":"type-product","3":"status-publish","4":"has-post-thumbnail","6":"product_cat-pompom-beanies","8":"first","9":"instock","10":"shipping-taxable","11":"product-type-simple"},"_links":{"self":[{"href":"https:\/\/www.aungwinter.com\/fr\/wp-json\/wp\/v2\/product\/15555","targetHints":{"allow":["GET"]}}],"collection":[{"href":"https:\/\/www.aungwinter.com\/fr\/wp-json\/wp\/v2\/product"}],"about":[{"href":"https:\/\/www.aungwinter.com\/fr\/wp-json\/wp\/v2\/types\/product"}],"wp:featuredmedia":[{"embeddable":true,"href":"https:\/\/www.aungwinter.com\/fr\/wp-json\/wp\/v2\/media\/15559"}],"wp:attachment":[{"href":"https:\/\/www.aungwinter.com\/fr\/wp-json\/wp\/v2\/media?parent=15555"}],"wp:term":[{"taxonomy":"product_brand","embeddable":true,"href":"https:\/\/www.aungwinter.com\/fr\/wp-json\/wp\/v2\/product_brand?post=15555"},{"taxonomy":"product_cat","embeddable":true,"href":"https:\/\/www.aungwinter.com\/fr\/wp-json\/wp\/v2\/product_cat?post=15555"},{"taxonomy":"product_tag","embeddable":true,"href":"https:\/\/www.aungwinter.com\/fr\/wp-json\/wp\/v2\/product_tag?post=15555"},{"taxonomy":"hf_cat_product","embeddable":true,"href":"https:\/\/www.aungwinter.com\/fr\/wp-json\/wp\/v2\/hf_cat_product?post=15555"}],"curies":[{"name":"wp","href":"https:\/\/api.w.org\/{rel}","templated":true}]}}